{"id":6285,"date":"2024-07-23T09:15:33","date_gmt":"2024-07-23T09:15:33","guid":{"rendered":"https:\/\/www.terapiacpap.pt\/opcoes-de-tratamento\/"},"modified":"2025-02-18T15:05:01","modified_gmt":"2025-02-18T15:05:01","slug":"opcoes-de-tratamento","status":"publish","type":"page","link":"https:\/\/elegant-moore.212-227-229-181.plesk.page\/en\/tratamento-apneia-do-son\/opcoes-de-tratamento\/","title":{"rendered":"Treatment Options"},"content":{"rendered":"<div class=\"wpb-content-wrapper\"><p>[vc_row full_width=&#8221;stretch_row_content_no_spaces&#8221; conditional_render=&#8221;%5B%7B%22value_role%22%3A%22administrator%22%7D%5D&#8221; el_class=&#8221;mb25&#8243;][vc_column][vc_column_text]\n\n<div class=\"rounded-banner \">\n    <div class=\"full-image\">\n        <img decoding=\"async\" src=\"https:\/\/elegant-moore.212-227-229-181.plesk.page\/wp-content\/uploads\/2024\/07\/CABECERA-4.jpg\">\n    <\/div>\n    <div class=\"title-block\">\n        <div class=\"left-offset\"> \n            <div class=\"container\">\n                <div class=\"text-wrapper breadcrumbs\">\n                    <p><span class=\"yoast-breadcrumbs\"><span><a href=\"https:\/\/elegant-moore.212-227-229-181.plesk.page\/\">In\u00edcio<\/a><\/span><\/span><\/p>                <\/div>\n            <\/div>\n        <\/div>\n        <div class=\"left-offset\"> \n            <div class=\"container\">\n                <div class=\"text-wrapper title\">\n                    <h1>Treatment Options<\/h1>\n                <\/div>\n            <\/div>\n        <\/div>\n    <\/div>\n<\/div>\n\n<style>\n\n<\/style>[\/vc_column_text][\/vc_column][\/vc_row][vc_row content_placement=&#8221;middle&#8221; conditional_render=&#8221;%5B%7B%22value_role%22%3A%22administrator%22%7D%5D&#8221; el_class=&#8221;landing-row&#8221;][vc_column][vc_custom_heading text=&#8221;Conhe\u00e7a que op\u00e7\u00f5es de tratamento temos para si&#8221; use_theme_fonts=&#8221;yes&#8221;][vc_column_text]There are several sleep apnea treatment options that have varying levels of effectiveness.<\/p>\n<p>Learn more about them here so you can decide which option is best for you.[\/vc_column_text][\/vc_column][\/vc_row][vc_row content_placement=&#8221;middle&#8221; conditional_render=&#8221;%5B%7B%22value_role%22%3A%22administrator%22%7D%5D&#8221; el_class=&#8221;mb-reverse&#8221;][vc_column width=&#8221;1\/3&#8243;][vc_single_image image=&#8221;6281&#8243; img_size=&#8221;full&#8221; alignment=&#8221;center&#8221; style=&#8221;vc_box_rounded&#8221;][\/vc_column][vc_column width=&#8221;2\/3&#8243; conditional_render=&#8221;%5B%7B%22value_role%22%3A%22administrator%22%7D%5D&#8221;][vc_custom_heading text=&#8221;CPAP&#8221; font_container=&#8221;tag:h3|text_align:left&#8221; use_theme_fonts=&#8221;yes&#8221;][vc_column_text]CPAP stands for \u201c<em>continuous positive air pressure<\/em>\u201d. A CPAP, explained in a very simple way, is a turbine that blows air at positive pressure into our upper airways. This air pressure is made through a conductive tube and a mask that attaches to the patient\u2019s nose and\/or mouth. This airflow keeps the airways open so that air can flow into the lungs, allowing breathing. <a href=\"https:\/\/www.terapiacpap.pt\/en\/categoria-producto\/sleep-apnea\/cpap-equipment\/autocpap-en\/\"><strong>See CPAP equipment<\/strong><\/a>[\/vc_column_text][\/vc_column][\/vc_row][vc_row content_placement=&#8221;middle&#8221; conditional_render=&#8221;%5B%7B%22value_role%22%3A%22administrator%22%7D%5D&#8221; el_class=&#8221;mb-reverse&#8221;][vc_column width=&#8221;1\/3&#8243;][vc_single_image image=&#8221;6279&#8243; img_size=&#8221;full&#8221; alignment=&#8221;center&#8221; style=&#8221;vc_box_rounded&#8221;][\/vc_column][vc_column width=&#8221;2\/3&#8243; conditional_render=&#8221;%5B%7B%22value_role%22%3A%22administrator%22%7D%5D&#8221;][vc_custom_heading text=&#8221;APAP&#8221; font_container=&#8221;tag:h3|text_align:left&#8221; use_theme_fonts=&#8221;yes&#8221;][vc_column_text]The autoCPAP is an intelligent machine that regulates itself according to the needs, in this case apnoea, of the user. Unlike CPAP which has a fixed pressure throughout the night, auto cpap oscillates overnight between a minimum and maximum pressure threshold. These pressure fluctuations translate into greater patient comfort and a lower residual apnea index (HAI). <a href=\"https:\/\/www.terapiacpap.pt\/en\/categoria-producto\/sleep-apnea\/cpap-equipment\/autocpap-en\/\"><strong>See AutoCPAP equipment<\/strong><\/a>[\/vc_column_text][\/vc_column][\/vc_row][vc_row content_placement=&#8221;middle&#8221; conditional_render=&#8221;%5B%7B%22value_role%22%3A%22administrator%22%7D%5D&#8221; el_class=&#8221;mb-reverse&#8221;][vc_column width=&#8221;1\/3&#8243;][vc_single_image image=&#8221;6277&#8243; img_size=&#8221;full&#8221; alignment=&#8221;center&#8221; style=&#8221;vc_box_rounded&#8221;][\/vc_column][vc_column width=&#8221;2\/3&#8243; conditional_render=&#8221;%5B%7B%22value_role%22%3A%22administrator%22%7D%5D&#8221;][vc_custom_heading text=&#8221;BIPAP&#8221; font_container=&#8221;tag:h3|text_align:left&#8221; use_theme_fonts=&#8221;yes&#8221;][vc_column_text]They are governed by the same principle as autocpap but these provide inspiratory and expiratory pressure. Indicated for patients with complex apneas and other respiratory pathologies. It is often used when higher pressure is needed to treat sleep apnoea more effectively. <a href=\"https:\/\/www.terapiacpap.pt\/en\/categoria-producto\/sleep-apnea\/cpap-equipment\/binivel-en\/\"><strong>See BIPAP equipment<\/strong><\/a>[\/vc_column_text][\/vc_column][\/vc_row][vc_row content_placement=&#8221;middle&#8221; conditional_render=&#8221;%5B%7B%22value_role%22%3A%22administrator%22%7D%5D&#8221; el_class=&#8221;mb-reverse&#8221;][vc_column width=&#8221;1\/3&#8243;][vc_single_image image=&#8221;6271&#8243; img_size=&#8221;full&#8221; alignment=&#8221;center&#8221; style=&#8221;vc_box_rounded&#8221;][\/vc_column][vc_column width=&#8221;2\/3&#8243; conditional_render=&#8221;%5B%7B%22value_role%22%3A%22administrator%22%7D%5D&#8221;][vc_custom_heading text=&#8221;Masks&#8221; font_container=&#8221;tag:h3|text_align:left&#8221; use_theme_fonts=&#8221;yes&#8221;][vc_column_text]There are basically three types of masks Nasal, Facial and Warheads. One or the other will be chosen according to the needs of each person and the treatment to be followed. Choosing the wrong mask can be a fatal mistake that will cause that person to refuse treatment. So look carefully before choosing them and let yourself be advised by professionals. <a href=\"https:\/\/www.terapiacpap.pt\/en\/categoria-producto\/sleep-apnea\/masks\/\"><strong>See Masks<\/strong><\/a>[\/vc_column_text][\/vc_column][\/vc_row][vc_row content_placement=&#8221;middle&#8221; conditional_render=&#8221;%5B%7B%22value_role%22%3A%22administrator%22%7D%5D&#8221; el_class=&#8221;mb-reverse&#8221;][vc_column width=&#8221;1\/3&#8243;][vc_single_image image=&#8221;7553&#8243; img_size=&#8221;full&#8221; alignment=&#8221;center&#8221; style=&#8221;vc_box_rounded&#8221; label=&#8221;&#8221;][\/vc_column][vc_column width=&#8221;2\/3&#8243; conditional_render=&#8221;%5B%7B%22value_role%22%3A%22administrator%22%7D%5D&#8221;][vc_custom_heading text=&#8221;Positional Apnea&#8221; font_container=&#8221;tag:h3|text_align:left&#8221; use_theme_fonts=&#8221;yes&#8221;][vc_column_text]It is a device that emits gentle vibrations that will make you change position while you sleep, without interfering with your sleep. When you change position, apneas and annoying snoring will disappear. <a href=\"https:\/\/www.terapiacpap.pt\/en\/categoria-producto\/sleep-apnea\/cpap-equipment\/saos-positional\/\"><strong>See equipment for Positional Apnea<\/strong><\/a>[\/vc_column_text][\/vc_column][\/vc_row][vc_row content_placement=&#8221;middle&#8221; conditional_render=&#8221;%5B%7B%22value_role%22%3A%22administrator%22%7D%5D&#8221; el_class=&#8221;mb-reverse mb100&#8243;][vc_column width=&#8221;1\/3&#8243;][vc_single_image image=&#8221;6275&#8243; img_size=&#8221;full&#8221; alignment=&#8221;center&#8221; style=&#8221;vc_box_rounded&#8221;][\/vc_column][vc_column width=&#8221;2\/3&#8243; conditional_render=&#8221;%5B%7B%22value_role%22%3A%22administrator%22%7D%5D&#8221;][vc_custom_heading text=&#8221;Mandibular Advance&#8221; font_container=&#8221;tag:h3|text_align:left&#8221; use_theme_fonts=&#8221;yes&#8221;][vc_column_text]The mandibular advancement medical device is designed to offer maximum comfort in the treatment of obstructive sleep apnoea and snoring in adults. Thanks to an optimised articulation system, it holds the mandible in a position that facilitates the natural opening of the airway, ensuring a comfortable and effective night&#8217;s sleep.<\/p>\n<p><a href=\"https:\/\/www.terapiacpap.pt\/en\/categoria-producto\/sleep-apnea\/cpap-equipment\/narval-cc-en\/\"><strong>See equipment for mandibular advancement<\/strong><\/a>[\/vc_column_text][\/vc_column][\/vc_row][vc_row full_width=&#8221;stretch_row&#8221; css=&#8221;.vc_custom_1703766106261{background-color: #0086c5 !important;}&#8221; conditional_render=&#8221;%5B%7B%22value_role%22%3A%22administrator%22%7D%5D&#8221; el_class=&#8221;blue-prefooter&#8221;][vc_column][vc_custom_heading text=&#8221;Need more information?&#8221; font_container=&#8221;tag:div|font_size:38px|text_align:center|color:%23ffffff|line_height:50px&#8221; use_theme_fonts=&#8221;yes&#8221;][\/vc_column][vc_column][vc_row_inner css=&#8221;.vc_custom_1703773915927{margin-top: 20px !important;}&#8221;][vc_column_inner width=&#8221;1\/2&#8243;][vc_btn title=&#8221;Treatment of sleep apnea&#8221; style=&#8221;outline-custom&#8221; outline_custom_color=&#8221;#ffffff&#8221; outline_custom_hover_background=&#8221;&#8221; outline_custom_hover_text=&#8221;&#8221; shape=&#8221;round&#8221; align=&#8221;right&#8221; css=&#8221;.vc_custom_1721725343093{margin-bottom: 0px !important;padding-top: 10px !important;padding-right: 10px !important;padding-bottom: 10px !important;padding-left: 10px !important;}&#8221; el_class=&#8221;blue-prefooter-btn&#8221; link=&#8221;url:https%3A%2F%2Fwww.terapiacpap.pt%2Fen%2Ftratamento-apneia-do-son%2F|title:Treatment%20of%20sleep%20apnea|&#8221;][\/vc_column_inner][vc_column_inner width=&#8221;1\/2&#8243;][vc_btn title=&#8221;Contact us&#8221; style=&#8221;outline-custom&#8221; outline_custom_color=&#8221;#ffffff&#8221; outline_custom_hover_background=&#8221;&#8221; outline_custom_hover_text=&#8221;&#8221; shape=&#8221;round&#8221; align=&#8221;left&#8221; css=&#8221;.vc_custom_1721313858165{margin-bottom: 0px !important;padding-top: 10px !important;padding-right: 10px !important;padding-bottom: 10px !important;padding-left: 10px !important;}&#8221; el_class=&#8221;blue-prefooter-btn&#8221; link=&#8221;url:https%3A%2F%2Fwww.terapiacpap.com%2Fcontact-us%2F|title:Contact%20us|&#8221;][\/vc_column_inner][\/vc_row_inner][\/vc_column][\/vc_row]<\/p>\n<\/div>","protected":false},"excerpt":{"rendered":"<p>[vc_row full_width=&#8221;stretch_row_content_no_spaces&#8221; conditional_render=&#8221;%5B%7B%22value_role%22%3A%22administrator%22%7D%5D&#8221; el_class=&#8221;mb25&#8243;][vc_column][vc_column_text][\/vc_column_text][\/vc_column][\/vc_row][vc_row content_placement=&#8221;middle&#8221; conditional_render=&#8221;%5B%7B%22value_role%22%3A%22administrator%22%7D%5D&#8221; el_class=&#8221;landing-row&#8221;][vc_column][vc_custom_heading text=&#8221;Conhe\u00e7a que op\u00e7\u00f5es de tratamento temos para si&#8221; use_theme_fonts=&#8221;yes&#8221;][vc_column_text]There are several sleep apnea treatment options that have varying levels of effectiveness. Learn more about them here so you can decide which option is best for you.[\/vc_column_text][\/vc_column][\/vc_row][vc_row content_placement=&#8221;middle&#8221; conditional_render=&#8221;%5B%7B%22value_role%22%3A%22administrator%22%7D%5D&#8221; el_class=&#8221;mb-reverse&#8221;][vc_column width=&#8221;1\/3&#8243;][vc_single_image image=&#8221;6281&#8243; img_size=&#8221;full&#8221; alignment=&#8221;center&#8221; style=&#8221;vc_box_rounded&#8221;][\/vc_column][vc_column width=&#8221;2\/3&#8243; conditional_render=&#8221;%5B%7B%22value_role%22%3A%22administrator%22%7D%5D&#8221;][vc_custom_heading text=&#8221;CPAP&#8221; font_container=&#8221;tag:h3|text_align:left&#8221; [&hellip;]<\/p>\n","protected":false},"author":5,"featured_media":6373,"parent":1572,"menu_order":0,"comment_status":"closed","ping_status":"closed","template":"","meta":{"_acf_changed":false,"footnotes":""},"class_list":["post-6285","page","type-page","status-publish","has-post-thumbnail","hentry"],"acf":[],"yoast_head":"<!-- This site is optimized with the Yoast SEO plugin v27.0 - https:\/\/yoast.com\/product\/yoast-seo-wordpress\/ -->\n<title>Treatment Options - Terapia CPAP Portugal<\/title>\n<meta name=\"description\" content=\"There are several sleep apnea treatment options that have varying levels of effectiveness.Learn more about them here so you can decide which option is best for you.\" \/>\n<meta name=\"robots\" content=\"index, follow, max-snippet:-1, max-image-preview:large, max-video-preview:-1\" \/>\n<link rel=\"canonical\" href=\"https:\/\/elegant-moore.212-227-229-181.plesk.page\/tratamento-apneia-do-son\/opcoes-de-tratamento\/\" \/>\n<meta property=\"og:locale\" content=\"en_US\" \/>\n<meta property=\"og:type\" content=\"article\" \/>\n<meta property=\"og:title\" content=\"Treatment Options - Terapia CPAP Portugal\" \/>\n<meta property=\"og:description\" content=\"There are several sleep apnea treatment options that have varying levels of effectiveness.Learn more about them here so you can decide which option is best for you.\" \/>\n<meta property=\"og:url\" content=\"https:\/\/elegant-moore.212-227-229-181.plesk.page\/tratamento-apneia-do-son\/opcoes-de-tratamento\/\" \/>\n<meta property=\"og:site_name\" content=\"Terapia CPAP Portugal\" \/>\n<meta property=\"article:publisher\" content=\"https:\/\/www.facebook.com\/p\/Terapiacpap-Portugal-100063919488136\/\" \/>\n<meta property=\"article:modified_time\" content=\"2025-02-18T15:05:01+00:00\" \/>\n<meta property=\"og:image\" content=\"https:\/\/elegant-moore.212-227-229-181.plesk.page\/wp-content\/uploads\/2024\/07\/CABECERA-4.jpg\" \/>\n\t<meta property=\"og:image:width\" content=\"1920\" \/>\n\t<meta property=\"og:image:height\" content=\"600\" \/>\n\t<meta property=\"og:image:type\" content=\"image\/jpeg\" \/>\n<meta name=\"twitter:card\" content=\"summary_large_image\" \/>\n<meta name=\"twitter:label1\" content=\"Est. reading time\" \/>\n\t<meta name=\"twitter:data1\" content=\"3 minutes\" \/>\n<!-- \/ Yoast SEO plugin. -->","yoast_head_json":{"title":"Treatment Options - Terapia CPAP Portugal","description":"There are several sleep apnea treatment options that have varying levels of effectiveness.Learn more about them here so you can decide which option is best for you.","robots":{"index":"index","follow":"follow","max-snippet":"max-snippet:-1","max-image-preview":"max-image-preview:large","max-video-preview":"max-video-preview:-1"},"canonical":"https:\/\/elegant-moore.212-227-229-181.plesk.page\/tratamento-apneia-do-son\/opcoes-de-tratamento\/","og_locale":"en_US","og_type":"article","og_title":"Treatment Options - Terapia CPAP Portugal","og_description":"There are several sleep apnea treatment options that have varying levels of effectiveness.Learn more about them here so you can decide which option is best for you.","og_url":"https:\/\/elegant-moore.212-227-229-181.plesk.page\/tratamento-apneia-do-son\/opcoes-de-tratamento\/","og_site_name":"Terapia CPAP Portugal","article_publisher":"https:\/\/www.facebook.com\/p\/Terapiacpap-Portugal-100063919488136\/","article_modified_time":"2025-02-18T15:05:01+00:00","og_image":[{"width":1920,"height":600,"url":"https:\/\/elegant-moore.212-227-229-181.plesk.page\/wp-content\/uploads\/2024\/07\/CABECERA-4.jpg","type":"image\/jpeg"}],"twitter_card":"summary_large_image","twitter_misc":{"Est. reading time":"3 minutes"},"schema":{"@context":"https:\/\/schema.org","@graph":[{"@type":"WebPage","@id":"https:\/\/elegant-moore.212-227-229-181.plesk.page\/tratamento-apneia-do-son\/opcoes-de-tratamento\/","url":"https:\/\/elegant-moore.212-227-229-181.plesk.page\/tratamento-apneia-do-son\/opcoes-de-tratamento\/","name":"Treatment Options - Terapia CPAP Portugal","isPartOf":{"@id":"https:\/\/elegant-moore.212-227-229-181.plesk.page\/#website"},"primaryImageOfPage":{"@id":"https:\/\/elegant-moore.212-227-229-181.plesk.page\/tratamento-apneia-do-son\/opcoes-de-tratamento\/#primaryimage"},"image":{"@id":"https:\/\/elegant-moore.212-227-229-181.plesk.page\/tratamento-apneia-do-son\/opcoes-de-tratamento\/#primaryimage"},"thumbnailUrl":"https:\/\/elegant-moore.212-227-229-181.plesk.page\/wp-content\/uploads\/2024\/07\/CABECERA-4.jpg","datePublished":"2024-07-23T09:15:33+00:00","dateModified":"2025-02-18T15:05:01+00:00","description":"There are several sleep apnea treatment options that have varying levels of effectiveness.Learn more about them here so you can decide which option is best for you.","breadcrumb":{"@id":"https:\/\/elegant-moore.212-227-229-181.plesk.page\/tratamento-apneia-do-son\/opcoes-de-tratamento\/#breadcrumb"},"inLanguage":"en-US","potentialAction":[{"@type":"ReadAction","target":["https:\/\/elegant-moore.212-227-229-181.plesk.page\/tratamento-apneia-do-son\/opcoes-de-tratamento\/"]}]},{"@type":"ImageObject","inLanguage":"en-US","@id":"https:\/\/elegant-moore.212-227-229-181.plesk.page\/tratamento-apneia-do-son\/opcoes-de-tratamento\/#primaryimage","url":"https:\/\/elegant-moore.212-227-229-181.plesk.page\/wp-content\/uploads\/2024\/07\/CABECERA-4.jpg","contentUrl":"https:\/\/elegant-moore.212-227-229-181.plesk.page\/wp-content\/uploads\/2024\/07\/CABECERA-4.jpg","width":1920,"height":600},{"@type":"BreadcrumbList","@id":"https:\/\/elegant-moore.212-227-229-181.plesk.page\/tratamento-apneia-do-son\/opcoes-de-tratamento\/#breadcrumb","itemListElement":[{"@type":"ListItem","position":1,"name":"In\u00edcio","item":"https:\/\/elegant-moore.212-227-229-181.plesk.page\/"},{"@type":"ListItem","position":2,"name":"Treatment of sleep apnea","item":"https:\/\/elegant-moore.212-227-229-181.plesk.page\/tratamento-apneia-do-son\/"},{"@type":"ListItem","position":3,"name":"Treatment Options"}]},{"@type":"WebSite","@id":"https:\/\/elegant-moore.212-227-229-181.plesk.page\/#website","url":"https:\/\/elegant-moore.212-227-229-181.plesk.page\/","name":"TerapiaCPAP Portugal","description":"Tratamiento de Apnea do sono Portugal","publisher":{"@id":"https:\/\/elegant-moore.212-227-229-181.plesk.page\/#organization"},"alternateName":"TerapiaCPAP Portugal","potentialAction":[{"@type":"SearchAction","target":{"@type":"EntryPoint","urlTemplate":"https:\/\/elegant-moore.212-227-229-181.plesk.page\/?s={search_term_string}"},"query-input":{"@type":"PropertyValueSpecification","valueRequired":true,"valueName":"search_term_string"}}],"inLanguage":"en-US"},{"@type":"Organization","@id":"https:\/\/elegant-moore.212-227-229-181.plesk.page\/#organization","name":"TerapiaCPAP Portugal","alternateName":"TerapiaCPAP Portugal","url":"https:\/\/elegant-moore.212-227-229-181.plesk.page\/","logo":{"@type":"ImageObject","inLanguage":"en-US","@id":"https:\/\/elegant-moore.212-227-229-181.plesk.page\/#\/schema\/logo\/image\/","url":"https:\/\/www.terapiacpap.pt\/wp-content\/uploads\/2021\/03\/logo-TERAPIACPAP.png","contentUrl":"https:\/\/www.terapiacpap.pt\/wp-content\/uploads\/2021\/03\/logo-TERAPIACPAP.png","width":1734,"height":521,"caption":"TerapiaCPAP Portugal"},"image":{"@id":"https:\/\/elegant-moore.212-227-229-181.plesk.page\/#\/schema\/logo\/image\/"},"sameAs":["https:\/\/www.facebook.com\/p\/Terapiacpap-Portugal-100063919488136\/","https:\/\/www.instagram.com\/terapiacpap.pt\/"]}]}},"_links":{"self":[{"href":"https:\/\/elegant-moore.212-227-229-181.plesk.page\/en\/wp-json\/wp\/v2\/pages\/6285","targetHints":{"allow":["GET"]}}],"collection":[{"href":"https:\/\/elegant-moore.212-227-229-181.plesk.page\/en\/wp-json\/wp\/v2\/pages"}],"about":[{"href":"https:\/\/elegant-moore.212-227-229-181.plesk.page\/en\/wp-json\/wp\/v2\/types\/page"}],"author":[{"embeddable":true,"href":"https:\/\/elegant-moore.212-227-229-181.plesk.page\/en\/wp-json\/wp\/v2\/users\/5"}],"replies":[{"embeddable":true,"href":"https:\/\/elegant-moore.212-227-229-181.plesk.page\/en\/wp-json\/wp\/v2\/comments?post=6285"}],"version-history":[{"count":33,"href":"https:\/\/elegant-moore.212-227-229-181.plesk.page\/en\/wp-json\/wp\/v2\/pages\/6285\/revisions"}],"predecessor-version":[{"id":7620,"href":"https:\/\/elegant-moore.212-227-229-181.plesk.page\/en\/wp-json\/wp\/v2\/pages\/6285\/revisions\/7620"}],"up":[{"embeddable":true,"href":"https:\/\/elegant-moore.212-227-229-181.plesk.page\/en\/wp-json\/wp\/v2\/pages\/1572"}],"wp:featuredmedia":[{"embeddable":true,"href":"https:\/\/elegant-moore.212-227-229-181.plesk.page\/en\/wp-json\/wp\/v2\/media\/6373"}],"wp:attachment":[{"href":"https:\/\/elegant-moore.212-227-229-181.plesk.page\/en\/wp-json\/wp\/v2\/media?parent=6285"}],"curies":[{"name":"wp","href":"https:\/\/api.w.org\/{rel}","templated":true}]}}