{"id":105048,"date":"2026-03-06T20:38:32","date_gmt":"2026-03-06T20:38:32","guid":{"rendered":"https:\/\/terapiacpappt.lndo.site\/producto\/apnia-estudios-en\/"},"modified":"2026-03-10T22:52:18","modified_gmt":"2026-03-10T22:52:18","slug":"apnia-estudios","status":"publish","type":"product","link":"https:\/\/elegant-moore.212-227-229-181.plesk.page\/en\/producto\/apnia-estudios\/","title":{"rendered":"Apnia pack of studies"},"content":{"rendered":"<p>Pack of 10 units of studies for BTI APNiA-Simplified Respiratory Polygraph<br \/>\nEach unit contains oximetry sensor and nasal cannula.<\/p>\n","protected":false},"excerpt":{"rendered":"<p>Pack of 10 study units<\/p>\n","protected":false},"featured_media":105281,"comment_status":"open","ping_status":"closed","template":"","meta":{"_acf_changed":false},"product_brand":[],"product_cat":[219],"product_tag":[],"class_list":{"0":"post-105048","1":"product","2":"type-product","3":"status-publish","4":"has-post-thumbnail","6":"product_cat-professionals-en","8":"first","9":"instock","10":"taxable","11":"shipping-taxable","12":"purchasable","13":"product-type-simple"},"acf":[],"yoast_head":"<!-- This site is optimized with the Yoast SEO plugin v27.0 - https:\/\/yoast.com\/product\/yoast-seo-wordpress\/ -->\n<title>Pack de estudios poligraf\u00eda BTI APNIA - Terapia CPAP Portugal<\/title>\n<meta name=\"description\" content=\"Pack de sensores de oximetr\u00eda desechables para realizar estudios de apnea del sue\u00f1o con el sistema BTI APNIA. Uso domiciliario, seguro y preciso.\" \/>\n<meta name=\"robots\" content=\"index, follow, max-snippet:-1, max-image-preview:large, max-video-preview:-1\" \/>\n<link rel=\"canonical\" href=\"https:\/\/elegant-moore.212-227-229-181.plesk.page\/producto\/apnia-estudios\/\" \/>\n<meta property=\"og:locale\" content=\"en_US\" \/>\n<meta property=\"og:type\" content=\"article\" \/>\n<meta property=\"og:title\" content=\"Pack de estudios poligraf\u00eda BTI APNIA - Terapia CPAP Portugal\" \/>\n<meta property=\"og:description\" content=\"Pack de sensores de oximetr\u00eda desechables para realizar estudios de apnea del sue\u00f1o con el sistema BTI APNIA. Uso domiciliario, seguro y preciso.\" \/>\n<meta property=\"og:url\" content=\"https:\/\/elegant-moore.212-227-229-181.plesk.page\/producto\/apnia-estudios\/\" \/>\n<meta property=\"og:site_name\" content=\"Terapia CPAP Portugal\" \/>\n<meta property=\"article:publisher\" content=\"https:\/\/www.facebook.com\/p\/Terapiacpap-Portugal-100063919488136\/\" \/>\n<meta property=\"article:modified_time\" content=\"2026-03-10T22:52:18+00:00\" \/>\n<meta property=\"og:image\" content=\"https:\/\/elegant-moore.212-227-229-181.plesk.page\/wp-content\/uploads\/2026\/03\/galeria-bti-estudio-del-sueno-2.jpg\" \/>\n\t<meta property=\"og:image:width\" content=\"761\" \/>\n\t<meta property=\"og:image:height\" content=\"507\" \/>\n\t<meta property=\"og:image:type\" content=\"image\/jpeg\" \/>\n<meta name=\"twitter:card\" content=\"summary_large_image\" \/>\n<meta name=\"twitter:label1\" content=\"Est. reading time\" \/>\n\t<meta name=\"twitter:data1\" content=\"1 minute\" \/>\n<!-- \/ Yoast SEO plugin. -->","yoast_head_json":{"title":"Pack de estudios poligraf\u00eda BTI APNIA - Terapia CPAP Portugal","description":"Pack de sensores de oximetr\u00eda desechables para realizar estudios de apnea del sue\u00f1o con el sistema BTI APNIA. Uso domiciliario, seguro y preciso.","robots":{"index":"index","follow":"follow","max-snippet":"max-snippet:-1","max-image-preview":"max-image-preview:large","max-video-preview":"max-video-preview:-1"},"canonical":"https:\/\/elegant-moore.212-227-229-181.plesk.page\/producto\/apnia-estudios\/","og_locale":"en_US","og_type":"article","og_title":"Pack de estudios poligraf\u00eda BTI APNIA - Terapia CPAP Portugal","og_description":"Pack de sensores de oximetr\u00eda desechables para realizar estudios de apnea del sue\u00f1o con el sistema BTI APNIA. Uso domiciliario, seguro y preciso.","og_url":"https:\/\/elegant-moore.212-227-229-181.plesk.page\/producto\/apnia-estudios\/","og_site_name":"Terapia CPAP Portugal","article_publisher":"https:\/\/www.facebook.com\/p\/Terapiacpap-Portugal-100063919488136\/","article_modified_time":"2026-03-10T22:52:18+00:00","og_image":[{"width":761,"height":507,"url":"https:\/\/elegant-moore.212-227-229-181.plesk.page\/wp-content\/uploads\/2026\/03\/galeria-bti-estudio-del-sueno-2.jpg","type":"image\/jpeg"}],"twitter_card":"summary_large_image","twitter_misc":{"Est. reading time":"1 minute"},"schema":{"@context":"https:\/\/schema.org","@graph":[{"@type":"WebPage","@id":"https:\/\/elegant-moore.212-227-229-181.plesk.page\/producto\/apnia-estudios\/","url":"https:\/\/elegant-moore.212-227-229-181.plesk.page\/producto\/apnia-estudios\/","name":"Pack de estudios poligraf\u00eda BTI APNIA - Terapia CPAP Portugal","isPartOf":{"@id":"https:\/\/elegant-moore.212-227-229-181.plesk.page\/#website"},"primaryImageOfPage":{"@id":"https:\/\/elegant-moore.212-227-229-181.plesk.page\/producto\/apnia-estudios\/#primaryimage"},"image":{"@id":"https:\/\/elegant-moore.212-227-229-181.plesk.page\/producto\/apnia-estudios\/#primaryimage"},"thumbnailUrl":"https:\/\/elegant-moore.212-227-229-181.plesk.page\/wp-content\/uploads\/2026\/03\/galeria-bti-estudio-del-sueno-2.jpg","datePublished":"2026-03-06T20:38:32+00:00","dateModified":"2026-03-10T22:52:18+00:00","description":"Pack de sensores de oximetr\u00eda desechables para realizar estudios de apnea del sue\u00f1o con el sistema BTI APNIA. Uso domiciliario, seguro y preciso.","breadcrumb":{"@id":"https:\/\/elegant-moore.212-227-229-181.plesk.page\/producto\/apnia-estudios\/#breadcrumb"},"inLanguage":"en-US","potentialAction":[{"@type":"ReadAction","target":["https:\/\/elegant-moore.212-227-229-181.plesk.page\/producto\/apnia-estudios\/"]}]},{"@type":"ImageObject","inLanguage":"en-US","@id":"https:\/\/elegant-moore.212-227-229-181.plesk.page\/producto\/apnia-estudios\/#primaryimage","url":"https:\/\/elegant-moore.212-227-229-181.plesk.page\/wp-content\/uploads\/2026\/03\/galeria-bti-estudio-del-sueno-2.jpg","contentUrl":"https:\/\/elegant-moore.212-227-229-181.plesk.page\/wp-content\/uploads\/2026\/03\/galeria-bti-estudio-del-sueno-2.jpg","width":761,"height":507},{"@type":"BreadcrumbList","@id":"https:\/\/elegant-moore.212-227-229-181.plesk.page\/producto\/apnia-estudios\/#breadcrumb","itemListElement":[{"@type":"ListItem","position":1,"name":"In\u00edcio","item":"https:\/\/elegant-moore.212-227-229-181.plesk.page\/"},{"@type":"ListItem","position":2,"name":"Shop","item":"https:\/\/elegant-moore.212-227-229-181.plesk.page\/tienda\/"},{"@type":"ListItem","position":3,"name":"Fast charging","item":"https:\/\/elegant-moore.212-227-229-181.plesk.page\/en\/etiqueta-producto\/fast-charging\/"},{"@type":"ListItem","position":4,"name":"Apnia pack of studies"}]},{"@type":"WebSite","@id":"https:\/\/elegant-moore.212-227-229-181.plesk.page\/#website","url":"https:\/\/elegant-moore.212-227-229-181.plesk.page\/","name":"TerapiaCPAP Portugal","description":"Tratamiento de Apnea do sono Portugal","publisher":{"@id":"https:\/\/elegant-moore.212-227-229-181.plesk.page\/#organization"},"alternateName":"TerapiaCPAP Portugal","potentialAction":[{"@type":"SearchAction","target":{"@type":"EntryPoint","urlTemplate":"https:\/\/elegant-moore.212-227-229-181.plesk.page\/?s={search_term_string}"},"query-input":{"@type":"PropertyValueSpecification","valueRequired":true,"valueName":"search_term_string"}}],"inLanguage":"en-US"},{"@type":"Organization","@id":"https:\/\/elegant-moore.212-227-229-181.plesk.page\/#organization","name":"TerapiaCPAP Portugal","alternateName":"TerapiaCPAP Portugal","url":"https:\/\/elegant-moore.212-227-229-181.plesk.page\/","logo":{"@type":"ImageObject","inLanguage":"en-US","@id":"https:\/\/elegant-moore.212-227-229-181.plesk.page\/#\/schema\/logo\/image\/","url":"https:\/\/www.terapiacpap.pt\/wp-content\/uploads\/2021\/03\/logo-TERAPIACPAP.png","contentUrl":"https:\/\/www.terapiacpap.pt\/wp-content\/uploads\/2021\/03\/logo-TERAPIACPAP.png","width":1734,"height":521,"caption":"TerapiaCPAP Portugal"},"image":{"@id":"https:\/\/elegant-moore.212-227-229-181.plesk.page\/#\/schema\/logo\/image\/"},"sameAs":["https:\/\/www.facebook.com\/p\/Terapiacpap-Portugal-100063919488136\/","https:\/\/www.instagram.com\/terapiacpap.pt\/"]}]}},"_links":{"self":[{"href":"https:\/\/elegant-moore.212-227-229-181.plesk.page\/en\/wp-json\/wp\/v2\/product\/105048","targetHints":{"allow":["GET"]}}],"collection":[{"href":"https:\/\/elegant-moore.212-227-229-181.plesk.page\/en\/wp-json\/wp\/v2\/product"}],"about":[{"href":"https:\/\/elegant-moore.212-227-229-181.plesk.page\/en\/wp-json\/wp\/v2\/types\/product"}],"replies":[{"embeddable":true,"href":"https:\/\/elegant-moore.212-227-229-181.plesk.page\/en\/wp-json\/wp\/v2\/comments?post=105048"}],"wp:featuredmedia":[{"embeddable":true,"href":"https:\/\/elegant-moore.212-227-229-181.plesk.page\/en\/wp-json\/wp\/v2\/media\/105281"}],"wp:attachment":[{"href":"https:\/\/elegant-moore.212-227-229-181.plesk.page\/en\/wp-json\/wp\/v2\/media?parent=105048"}],"wp:term":[{"taxonomy":"product_brand","embeddable":true,"href":"https:\/\/elegant-moore.212-227-229-181.plesk.page\/en\/wp-json\/wp\/v2\/product_brand?post=105048"},{"taxonomy":"product_cat","embeddable":true,"href":"https:\/\/elegant-moore.212-227-229-181.plesk.page\/en\/wp-json\/wp\/v2\/product_cat?post=105048"},{"taxonomy":"product_tag","embeddable":true,"href":"https:\/\/elegant-moore.212-227-229-181.plesk.page\/en\/wp-json\/wp\/v2\/product_tag?post=105048"}],"curies":[{"name":"wp","href":"https:\/\/api.w.org\/{rel}","templated":true}]}}