{"id":35,"date":"2021-03-23T16:24:09","date_gmt":"2021-03-23T16:24:09","guid":{"rendered":"https:\/\/www.terapiacpap.pt\/?page_id=35"},"modified":"2024-07-23T07:14:50","modified_gmt":"2024-07-23T07:14:50","slug":"dicas-para-dormir-melhor","status":"publish","type":"page","link":"https:\/\/elegant-moore.212-227-229-181.plesk.page\/pt-pt\/fisiologia-do-sono\/dicas-para-dormir-melhor\/","title":{"rendered":"Dicas para dormir melhor"},"content":{"rendered":"<div class=\"wpb-content-wrapper\"><p>[vc_row full_width=&#8221;stretch_row_content_no_spaces&#8221; conditional_render=&#8221;%5B%7B%22value_role%22%3A%22administrator%22%7D%5D&#8221; el_class=&#8221;mb100&#8243;][vc_column][vc_column_text css=&#8221;.vc_custom_1704190760480{margin-bottom: 0px !important;}&#8221;]\n\n<div class=\"rounded-banner \">\n    <div class=\"full-image\">\n        <img decoding=\"async\" src=\"https:\/\/elegant-moore.212-227-229-181.plesk.page\/wp-content\/uploads\/2024\/03\/tips_header.jpg\">\n    <\/div>\n    <div class=\"title-block\">\n        <div class=\"left-offset\"> \n            <div class=\"container\">\n                <div class=\"text-wrapper breadcrumbs\">\n                    <p><span class=\"yoast-breadcrumbs\"><span><a href=\"https:\/\/elegant-moore.212-227-229-181.plesk.page\/\">In\u00edcio<\/a><\/span><\/span><\/p>                <\/div>\n            <\/div>\n        <\/div>\n        <div class=\"left-offset\"> \n            <div class=\"container\">\n                <div class=\"text-wrapper title\">\n                    <h1>Dicas para dormir melhor<\/h1>\n                <\/div>\n            <\/div>\n        <\/div>\n    <\/div>\n<\/div>\n\n<style>\n\n<\/style>[\/vc_column_text][\/vc_column][\/vc_row][vc_row content_placement=&#8221;middle&#8221; conditional_render=&#8221;%5B%7B%22value_role%22%3A%22administrator%22%7D%5D&#8221; el_class=&#8221;mb100 mobile_reverse&#8221;][vc_column width=&#8221;1\/2&#8243;][vc_single_image image=&#8221;5688&#8243; img_size=&#8221;full&#8221; alignment=&#8221;center&#8221; style=&#8221;vc_box_rounded&#8221; label=&#8221;&#8221;][\/vc_column][vc_column width=&#8221;1\/2&#8243;][vc_column_text]<\/p>\n<p class=\"p1\">O sono e o bem-estar andam de m\u00e3os dadas, e ter uma boa noite de sono \u00e9 t\u00e3o importante para a sua sa\u00fade geral como uma dieta equilibrada e exerc\u00edcio f\u00edsico regular. Se ressona ou acorda regularmente cansado ou com pouca energia, pode n\u00e3o estar a ter o sono de qualidade de que o seu corpo necessita.<\/p>\n<p>[\/vc_column_text][vc_custom_heading text=&#8221;Dorme bem?&#8221; use_theme_fonts=&#8221;yes&#8221;][vc_column_text]<\/p>\n<p class=\"p1\">N\u00e3o ter uma boa noite de sono pode implicar mais do que apenas sentir-se sonolento durante o dia. Pode ter efeitos a longo prazo na sua sa\u00fade e nas suas rela\u00e7\u00f5es. Mas temos boas not\u00edcias. Pode melhorar o seu sono e bem-estar com uma s\u00e9rie de passos bem documentados para ter uma boa noite de sono.<\/p>\n<p class=\"p1\">Se aprender a melhorar o seu sono, estar\u00e1 a caminho de obter a energia necess\u00e1ria para viver a vida como deseja.<\/p>\n<p class=\"p1\">Experimente estas dicas simples para um descanso de melhor qualidade.<\/p>\n<p>[\/vc_column_text][\/vc_column][\/vc_row][vc_row content_placement=&#8221;middle&#8221; conditional_render=&#8221;%5B%7B%22value_role%22%3A%22administrator%22%7D%5D&#8221; el_class=&#8221;landing-row mb100&#8243;][vc_column][vc_custom_heading text=&#8221;Dicas para dormir melhor&#8221; font_container=&#8221;tag:h2|text_align:center&#8221; use_theme_fonts=&#8221;yes&#8221;][vc_row_inner][vc_column_inner el_class=&#8221;caja_consejo&#8221; width=&#8221;1\/4&#8243;][vc_custom_heading text=&#8221;Criar rotinas de sono&#8221; font_container=&#8221;tag:h3|text_align:center&#8221; use_theme_fonts=&#8221;yes&#8221;][vc_column_text css=&#8221;.vc_custom_1709798712042{margin-bottom: 5px !important;}&#8221;]<\/p>\n<p class=\"p1\" style=\"text-align: center;\">Habitue o seu corpo a ir para a cama e a levantar-se \u00e0 mesma hora todos os dias. Ser\u00e1 mais f\u00e1cil adormecer \u00e0 noite.<\/p>\n<p>[\/vc_column_text][\/vc_column_inner][vc_column_inner el_class=&#8221;caja_consejo&#8221; width=&#8221;1\/4&#8243;][vc_custom_heading text=&#8221;Compreender as suas necessidades pessoais de sono&#8221; font_container=&#8221;tag:h3|text_align:center&#8221; use_theme_fonts=&#8221;yes&#8221;][vc_column_text css=&#8221;.vc_custom_1709798744090{margin-bottom: 5px !important;}&#8221;]<\/p>\n<p class=\"p1\" style=\"text-align: center;\">Uma boa noite de sono implica, no m\u00ednimo, seis e, idealmente, at\u00e9 oito horas de sono.<\/p>\n<p>[\/vc_column_text][\/vc_column_inner][vc_column_inner el_class=&#8221;caja_consejo&#8221; width=&#8221;1\/4&#8243;][vc_custom_heading text=&#8221;Tire partido da luz natural&#8221; font_container=&#8221;tag:h3|text_align:center&#8221; use_theme_fonts=&#8221;yes&#8221;][vc_column_text css=&#8221;.vc_custom_1709798755101{margin-bottom: 5px !important;}&#8221;]<\/p>\n<p class=\"p1\" style=\"text-align: center;\">A luz natural ajuda o nosso corpo a segregar melatonina, uma hormona que regula o ritmo sono-vig\u00edlia.<\/p>\n<p>[\/vc_column_text][\/vc_column_inner][vc_column_inner el_class=&#8221;caja_consejo&#8221; width=&#8221;1\/4&#8243;][vc_custom_heading text=&#8221;Crie um ambiente adequado para dormir.&#8221; font_container=&#8221;tag:h3|text_align:center&#8221; use_theme_fonts=&#8221;yes&#8221;][vc_column_text css=&#8221;.vc_custom_1709798767779{margin-bottom: 5px !important;}&#8221;]<\/p>\n<p class=\"p1\" style=\"text-align: center;\">Certifique-se de que o quarto \u00e9 ventilado, silencioso e o mais confort\u00e1vel poss\u00edvel para adormecer.<\/p>\n<p>[\/vc_column_text][\/vc_column_inner][\/vc_row_inner][\/vc_column][\/vc_row][vc_row gap=&#8221;15&#8243; equal_height=&#8221;yes&#8221; el_class=&#8221;mb100&#8243; conditional_render=&#8221;%5B%7B%22value_role%22%3A%22administrator%22%7D%5D&#8221;][vc_column width=&#8221;2\/3&#8243;][vc_single_image image=&#8221;5690&#8243; img_size=&#8221;full&#8221; alignment=&#8221;center&#8221; style=&#8221;vc_box_rounded&#8221; label=&#8221;&#8221;][\/vc_column][vc_column width=&#8221;1\/3&#8243;][vc_single_image image=&#8221;5692&#8243; img_size=&#8221;full&#8221; alignment=&#8221;center&#8221; style=&#8221;vc_box_rounded&#8221; css=&#8221;.vc_custom_1709798620235{margin-bottom: 15px !important;}&#8221; label=&#8221;&#8221;][vc_single_image image=&#8221;5694&#8243; img_size=&#8221;full&#8221; alignment=&#8221;center&#8221; style=&#8221;vc_box_rounded&#8221; label=&#8221;&#8221;][\/vc_column][\/vc_row][vc_row full_width=&#8221;stretch_row&#8221; css=&#8221;.vc_custom_1703766106261{background-color: #0086c5 !important;}&#8221; conditional_render=&#8221;%5B%7B%22value_role%22%3A%22administrator%22%7D%5D&#8221; el_class=&#8221;blue-prefooter&#8221;][vc_column][vc_custom_heading text=&#8221;Precisa de mais informa\u00e7\u00f5es?&#8221; font_container=&#8221;tag:div|font_size:38px|text_align:center|color:%23ffffff|line_height:50px&#8221; use_theme_fonts=&#8221;yes&#8221;][\/vc_column][vc_column][vc_row_inner css=&#8221;.vc_custom_1703773915927{margin-top: 20px !important;}&#8221;][vc_column_inner width=&#8221;1\/2&#8243;][vc_btn title=&#8221;Fisiologia do sono&#8221; style=&#8221;outline-custom&#8221; outline_custom_color=&#8221;#ffffff&#8221; outline_custom_hover_background=&#8221;&#8221; outline_custom_hover_text=&#8221;&#8221; shape=&#8221;round&#8221; align=&#8221;right&#8221; css=&#8221;.vc_custom_1709798873759{margin-bottom: 0px !important;padding-top: 10px !important;padding-right: 10px !important;padding-bottom: 10px !important;padding-left: 10px !important;}&#8221; el_class=&#8221;blue-prefooter-btn&#8221; link=&#8221;url:https%3A%2F%2Fwww.terapiacpap.pt%2Ffisiologia-do-sono%2F|title:Fisiologia%20do%20sono&#8221;][\/vc_column_inner][vc_column_inner width=&#8221;1\/2&#8243;][vc_btn title=&#8221;Contacte-nos em&#8221; style=&#8221;outline-custom&#8221; outline_custom_color=&#8221;#ffffff&#8221; outline_custom_hover_background=&#8221;&#8221; outline_custom_hover_text=&#8221;&#8221; shape=&#8221;round&#8221; align=&#8221;left&#8221; css=&#8221;.vc_custom_1709798917871{margin-bottom: 0px !important;padding-top: 10px !important;padding-right: 10px !important;padding-bottom: 10px !important;padding-left: 10px !important;}&#8221; el_class=&#8221;blue-prefooter-btn&#8221; link=&#8221;url:https%3A%2F%2Fwww.terapiacpap.pt%2Fcontactos%2F|title:Contacte-nos%20em&#8221;][\/vc_column_inner][\/vc_row_inner][\/vc_column][\/vc_row]<\/p>\n<\/div>","protected":false},"excerpt":{"rendered":"<p>[vc_row full_width=&#8221;stretch_row_content_no_spaces&#8221; conditional_render=&#8221;%5B%7B%22value_role%22%3A%22administrator%22%7D%5D&#8221; el_class=&#8221;mb100&#8243;][vc_column][vc_column_text css=&#8221;.vc_custom_1704190760480{margin-bottom: 0px !important;}&#8221;][\/vc_column_text][\/vc_column][\/vc_row][vc_row content_placement=&#8221;middle&#8221; conditional_render=&#8221;%5B%7B%22value_role%22%3A%22administrator%22%7D%5D&#8221; el_class=&#8221;mb100 mobile_reverse&#8221;][vc_column width=&#8221;1\/2&#8243;][vc_single_image image=&#8221;5688&#8243; img_size=&#8221;full&#8221; alignment=&#8221;center&#8221; style=&#8221;vc_box_rounded&#8221; label=&#8221;&#8221;][\/vc_column][vc_column width=&#8221;1\/2&#8243;][vc_column_text] O sono e o bem-estar andam de m\u00e3os dadas, e ter uma boa noite de sono \u00e9 t\u00e3o importante para a sua sa\u00fade geral como uma dieta equilibrada e exerc\u00edcio f\u00edsico regular. Se ressona ou acorda regularmente [&hellip;]<\/p>\n","protected":false},"author":7,"featured_media":5696,"parent":29,"menu_order":0,"comment_status":"closed","ping_status":"closed","template":"","meta":{"_acf_changed":false,"footnotes":""},"class_list":["post-35","page","type-page","status-publish","has-post-thumbnail","hentry"],"acf":[],"yoast_head":"<!-- This site is optimized with the Yoast SEO plugin v27.0 - https:\/\/yoast.com\/product\/yoast-seo-wordpress\/ -->\n<title>Dicas para dormir melhor - Terapia CPAP Portugal<\/title>\n<meta name=\"description\" content=\"Ao melhorar seu sono, voc\u00ea poder\u00e1 obter energia para viver da maneira que deseja. Tente aplicar essas dicas simples para ter uma boa noite de sono.\" \/>\n<meta name=\"robots\" content=\"index, follow, max-snippet:-1, max-image-preview:large, max-video-preview:-1\" \/>\n<link rel=\"canonical\" href=\"https:\/\/elegant-moore.212-227-229-181.plesk.page\/fisiologia-do-sono\/dicas-para-dormir-melhor\/\" \/>\n<meta property=\"og:locale\" content=\"pt_PT\" \/>\n<meta property=\"og:type\" content=\"article\" \/>\n<meta property=\"og:title\" content=\"Dicas para dormir melhor - Terapia CPAP Portugal\" \/>\n<meta property=\"og:description\" content=\"Ao melhorar seu sono, voc\u00ea poder\u00e1 obter energia para viver da maneira que deseja. Tente aplicar essas dicas simples para ter uma boa noite de sono.\" \/>\n<meta property=\"og:url\" content=\"https:\/\/elegant-moore.212-227-229-181.plesk.page\/fisiologia-do-sono\/dicas-para-dormir-melhor\/\" \/>\n<meta property=\"og:site_name\" content=\"Terapia CPAP Portugal\" \/>\n<meta property=\"article:publisher\" content=\"https:\/\/www.facebook.com\/p\/Terapiacpap-Portugal-100063919488136\/\" \/>\n<meta property=\"article:modified_time\" content=\"2024-07-23T07:14:50+00:00\" \/>\n<meta property=\"og:image\" content=\"https:\/\/elegant-moore.212-227-229-181.plesk.page\/wp-content\/uploads\/2024\/03\/tips_header.jpg\" \/>\n\t<meta property=\"og:image:width\" content=\"1920\" \/>\n\t<meta property=\"og:image:height\" content=\"600\" \/>\n\t<meta property=\"og:image:type\" content=\"image\/jpeg\" \/>\n<meta name=\"twitter:card\" content=\"summary_large_image\" \/>\n<meta name=\"twitter:label1\" content=\"Tempo estimado de leitura\" \/>\n\t<meta name=\"twitter:data1\" content=\"3 minutos\" \/>\n<!-- \/ Yoast SEO plugin. -->","yoast_head_json":{"title":"Dicas para dormir melhor - Terapia CPAP Portugal","description":"Ao melhorar seu sono, voc\u00ea poder\u00e1 obter energia para viver da maneira que deseja. Tente aplicar essas dicas simples para ter uma boa noite de sono.","robots":{"index":"index","follow":"follow","max-snippet":"max-snippet:-1","max-image-preview":"max-image-preview:large","max-video-preview":"max-video-preview:-1"},"canonical":"https:\/\/elegant-moore.212-227-229-181.plesk.page\/fisiologia-do-sono\/dicas-para-dormir-melhor\/","og_locale":"pt_PT","og_type":"article","og_title":"Dicas para dormir melhor - Terapia CPAP Portugal","og_description":"Ao melhorar seu sono, voc\u00ea poder\u00e1 obter energia para viver da maneira que deseja. Tente aplicar essas dicas simples para ter uma boa noite de sono.","og_url":"https:\/\/elegant-moore.212-227-229-181.plesk.page\/fisiologia-do-sono\/dicas-para-dormir-melhor\/","og_site_name":"Terapia CPAP Portugal","article_publisher":"https:\/\/www.facebook.com\/p\/Terapiacpap-Portugal-100063919488136\/","article_modified_time":"2024-07-23T07:14:50+00:00","og_image":[{"width":1920,"height":600,"url":"https:\/\/elegant-moore.212-227-229-181.plesk.page\/wp-content\/uploads\/2024\/03\/tips_header.jpg","type":"image\/jpeg"}],"twitter_card":"summary_large_image","twitter_misc":{"Tempo estimado de leitura":"3 minutos"},"schema":{"@context":"https:\/\/schema.org","@graph":[{"@type":"WebPage","@id":"https:\/\/elegant-moore.212-227-229-181.plesk.page\/fisiologia-do-sono\/dicas-para-dormir-melhor\/","url":"https:\/\/elegant-moore.212-227-229-181.plesk.page\/fisiologia-do-sono\/dicas-para-dormir-melhor\/","name":"Dicas para dormir melhor - Terapia CPAP Portugal","isPartOf":{"@id":"https:\/\/elegant-moore.212-227-229-181.plesk.page\/#website"},"primaryImageOfPage":{"@id":"https:\/\/elegant-moore.212-227-229-181.plesk.page\/fisiologia-do-sono\/dicas-para-dormir-melhor\/#primaryimage"},"image":{"@id":"https:\/\/elegant-moore.212-227-229-181.plesk.page\/fisiologia-do-sono\/dicas-para-dormir-melhor\/#primaryimage"},"thumbnailUrl":"https:\/\/elegant-moore.212-227-229-181.plesk.page\/wp-content\/uploads\/2024\/03\/tips_header.jpg","datePublished":"2021-03-23T16:24:09+00:00","dateModified":"2024-07-23T07:14:50+00:00","description":"Ao melhorar seu sono, voc\u00ea poder\u00e1 obter energia para viver da maneira que deseja. Tente aplicar essas dicas simples para ter uma boa noite de sono.","breadcrumb":{"@id":"https:\/\/elegant-moore.212-227-229-181.plesk.page\/fisiologia-do-sono\/dicas-para-dormir-melhor\/#breadcrumb"},"inLanguage":"pt-PT","potentialAction":[{"@type":"ReadAction","target":["https:\/\/elegant-moore.212-227-229-181.plesk.page\/fisiologia-do-sono\/dicas-para-dormir-melhor\/"]}]},{"@type":"ImageObject","inLanguage":"pt-PT","@id":"https:\/\/elegant-moore.212-227-229-181.plesk.page\/fisiologia-do-sono\/dicas-para-dormir-melhor\/#primaryimage","url":"https:\/\/elegant-moore.212-227-229-181.plesk.page\/wp-content\/uploads\/2024\/03\/tips_header.jpg","contentUrl":"https:\/\/elegant-moore.212-227-229-181.plesk.page\/wp-content\/uploads\/2024\/03\/tips_header.jpg","width":1920,"height":600},{"@type":"BreadcrumbList","@id":"https:\/\/elegant-moore.212-227-229-181.plesk.page\/fisiologia-do-sono\/dicas-para-dormir-melhor\/#breadcrumb","itemListElement":[{"@type":"ListItem","position":1,"name":"In\u00edcio","item":"https:\/\/elegant-moore.212-227-229-181.plesk.page\/"},{"@type":"ListItem","position":2,"name":"Fisiologia do sono","item":"https:\/\/elegant-moore.212-227-229-181.plesk.page\/fisiologia-do-sono\/"},{"@type":"ListItem","position":3,"name":"Dicas para dormir melhor"}]},{"@type":"WebSite","@id":"https:\/\/elegant-moore.212-227-229-181.plesk.page\/#website","url":"https:\/\/elegant-moore.212-227-229-181.plesk.page\/","name":"TerapiaCPAP Portugal","description":"Tratamiento de Apnea do sono Portugal","publisher":{"@id":"https:\/\/elegant-moore.212-227-229-181.plesk.page\/#organization"},"alternateName":"TerapiaCPAP Portugal","potentialAction":[{"@type":"SearchAction","target":{"@type":"EntryPoint","urlTemplate":"https:\/\/elegant-moore.212-227-229-181.plesk.page\/?s={search_term_string}"},"query-input":{"@type":"PropertyValueSpecification","valueRequired":true,"valueName":"search_term_string"}}],"inLanguage":"pt-PT"},{"@type":"Organization","@id":"https:\/\/elegant-moore.212-227-229-181.plesk.page\/#organization","name":"TerapiaCPAP Portugal","alternateName":"TerapiaCPAP Portugal","url":"https:\/\/elegant-moore.212-227-229-181.plesk.page\/","logo":{"@type":"ImageObject","inLanguage":"pt-PT","@id":"https:\/\/elegant-moore.212-227-229-181.plesk.page\/#\/schema\/logo\/image\/","url":"https:\/\/www.terapiacpap.pt\/wp-content\/uploads\/2021\/03\/logo-TERAPIACPAP.png","contentUrl":"https:\/\/www.terapiacpap.pt\/wp-content\/uploads\/2021\/03\/logo-TERAPIACPAP.png","width":1734,"height":521,"caption":"TerapiaCPAP Portugal"},"image":{"@id":"https:\/\/elegant-moore.212-227-229-181.plesk.page\/#\/schema\/logo\/image\/"},"sameAs":["https:\/\/www.facebook.com\/p\/Terapiacpap-Portugal-100063919488136\/","https:\/\/www.instagram.com\/terapiacpap.pt\/"]}]}},"_links":{"self":[{"href":"https:\/\/elegant-moore.212-227-229-181.plesk.page\/pt-pt\/wp-json\/wp\/v2\/pages\/35","targetHints":{"allow":["GET"]}}],"collection":[{"href":"https:\/\/elegant-moore.212-227-229-181.plesk.page\/pt-pt\/wp-json\/wp\/v2\/pages"}],"about":[{"href":"https:\/\/elegant-moore.212-227-229-181.plesk.page\/pt-pt\/wp-json\/wp\/v2\/types\/page"}],"author":[{"embeddable":true,"href":"https:\/\/elegant-moore.212-227-229-181.plesk.page\/pt-pt\/wp-json\/wp\/v2\/users\/7"}],"replies":[{"embeddable":true,"href":"https:\/\/elegant-moore.212-227-229-181.plesk.page\/pt-pt\/wp-json\/wp\/v2\/comments?post=35"}],"version-history":[{"count":14,"href":"https:\/\/elegant-moore.212-227-229-181.plesk.page\/pt-pt\/wp-json\/wp\/v2\/pages\/35\/revisions"}],"predecessor-version":[{"id":5711,"href":"https:\/\/elegant-moore.212-227-229-181.plesk.page\/pt-pt\/wp-json\/wp\/v2\/pages\/35\/revisions\/5711"}],"up":[{"embeddable":true,"href":"https:\/\/elegant-moore.212-227-229-181.plesk.page\/pt-pt\/wp-json\/wp\/v2\/pages\/29"}],"wp:featuredmedia":[{"embeddable":true,"href":"https:\/\/elegant-moore.212-227-229-181.plesk.page\/pt-pt\/wp-json\/wp\/v2\/media\/5696"}],"wp:attachment":[{"href":"https:\/\/elegant-moore.212-227-229-181.plesk.page\/pt-pt\/wp-json\/wp\/v2\/media?parent=35"}],"curies":[{"name":"wp","href":"https:\/\/api.w.org\/{rel}","templated":true}]}}