{"id":6083,"date":"2024-07-08T05:58:00","date_gmt":"2024-07-08T05:58:00","guid":{"rendered":"https:\/\/www.terapiacpap.pt\/?page_id=6083"},"modified":"2025-01-14T09:55:29","modified_gmt":"2025-01-14T09:55:29","slug":"rastreio-da-apneia-do-sono","status":"publish","type":"page","link":"https:\/\/elegant-moore.212-227-229-181.plesk.page\/pt-pt\/apneia-do-sono\/rastreio-da-apneia-do-sono\/","title":{"rendered":"Rastreio da apneia do sono"},"content":{"rendered":"<div class=\"wpb-content-wrapper\"><p>[vc_row full_width=&#8221;stretch_row_content_no_spaces&#8221; conditional_render=&#8221;%5B%7B%22value_role%22%3A%22administrator%22%7D%5D&#8221; el_class=&#8221;mb25&#8243;][vc_column][vc_column_text]\n\n<div class=\"rounded-banner \">\n    <div class=\"full-image\">\n        <img decoding=\"async\" src=\"https:\/\/elegant-moore.212-227-229-181.plesk.page\/wp-content\/uploads\/2024\/07\/CABECERA-3.jpg\">\n    <\/div>\n    <div class=\"title-block\">\n        <div class=\"left-offset\"> \n            <div class=\"container\">\n                <div class=\"text-wrapper breadcrumbs\">\n                    <p><span class=\"yoast-breadcrumbs\"><span><a href=\"https:\/\/elegant-moore.212-227-229-181.plesk.page\/\">In\u00edcio<\/a><\/span><\/span><\/p>                <\/div>\n            <\/div>\n        <\/div>\n        <div class=\"left-offset\"> \n            <div class=\"container\">\n                <div class=\"text-wrapper title\">\n                    <h1>Rastreio da apneia do sono<\/h1>\n                <\/div>\n            <\/div>\n        <\/div>\n    <\/div>\n<\/div>\n\n<style>\n\n<\/style>[\/vc_column_text][\/vc_column][\/vc_row][vc_row content_placement=&#8221;middle&#8221; conditional_render=&#8221;%5B%7B%22value_role%22%3A%22administrator%22%7D%5D&#8221; el_class=&#8221;landing-row&#8221;][vc_column][vc_column_text]<strong><span lang=\"pt-PT\">Ter uma boa noite de sono \u00e9 t\u00e3o importante para a sua sa\u00fade geral como a atividade f\u00edsica e uma dieta equilibrada.<\/span><\/strong><\/p>\n<p><span lang=\"pt-PT\">Se tem dificuldade em dormir, ressona (ou a pessoa que dorme ao seu lado diz que ressona) ou suspeita que tem apneia do sono, \u00e9 importante levar estes sinais a s\u00e9rio e consultar o seu m\u00e9dico.<\/span>[\/vc_column_text][\/vc_column][\/vc_row][vc_row content_placement=&#8221;middle&#8221; conditional_render=&#8221;%5B%7B%22value_role%22%3A%22administrator%22%7D%5D&#8221; el_class=&#8221;mb25&#8243;][vc_column width=&#8221;1\/2&#8243;][vc_single_image image=&#8221;6137&#8243; img_size=&#8221;full&#8221; alignment=&#8221;center&#8221; style=&#8221;vc_box_rounded&#8221;][\/vc_column][vc_column width=&#8221;1\/2&#8243; conditional_render=&#8221;%5B%7B%22value_role%22%3A%22administrator%22%7D%5D&#8221;][vc_custom_heading text=&#8221;Polissonografia&#8221; use_theme_fonts=&#8221;yes&#8221;][vc_column_text]<span lang=\"pt-PT\">\u00c9 realizada num centro hospitalar, com pessoal t\u00e9cnico espec\u00edfico. <\/span><\/p>\n<p><span lang=\"pt-PT\">O paciente deve pernoitar no centro; trata-se de um estudo do sono mais completo. Este tipo de exame avalia e mede os ciclos e as fases do sono atrav\u00e9s do registo dos sinais recolhidos pela coloca\u00e7\u00e3o de el\u00e9ctrodos sistematicamente colocados. Estes permitem obter dados sobre a frequ\u00eancia card\u00edaca, o fluxo respirat\u00f3rio, a satura\u00e7\u00e3o de oxig\u00e9nio no sangue, a mobilidade tor\u00e1cica (esfor\u00e7o respirat\u00f3rio), a atividade cerebral e ocular, os movimentos das pernas, etc. Este tipo de exame procura outros dist\u00farbios do sono para al\u00e9m da apneia.<\/span><\/p>\n<p><span lang=\"pt-PT\">Durante este tipo de estudo, ter\u00e1 de passar a noite no centro, pelo que \u00e9 aconselh\u00e1vel estar confort\u00e1vel e trazer tudo o que utiliza na sua rotina normal de sono, incluindo pijama e artigos de higiene pessoal.<\/span>[\/vc_column_text][\/vc_column][\/vc_row][vc_row disable_element=&#8221;yes&#8221; el_class=&#8221;mb25&#8243; conditional_render=&#8221;%5B%7B%22value_role%22%3A%22administrator%22%7D%5D&#8221;][vc_column][vc_btn title=&#8221;Saiba mais sobre o nosso servi\u00e7o de diagn\u00f3stico ao domic\u00edlio&#8221; style=&#8221;custom&#8221; custom_background=&#8221;#0088cc&#8221; custom_text=&#8221;#ffffff&#8221; shape=&#8221;round&#8221; align=&#8221;center&#8221; css=&#8221;.vc_custom_1720419338310{margin-bottom: 0px !important;padding-top: 10px !important;padding-right: 10px !important;padding-bottom: 10px !important;padding-left: 10px !important;}&#8221; el_class=&#8221;blue-prefooter-btn&#8221; link=&#8221;url:https%3A%2F%2Fwww.terapiacpap.com%2Fproducto%2Fservicio-de-diagnostico-domiciliario%2F|title:Terapia%20respiratoria&#8221;][\/vc_column][\/vc_row][vc_row content_placement=&#8221;middle&#8221; conditional_render=&#8221;%5B%7B%22value_role%22%3A%22administrator%22%7D%5D&#8221; el_class=&#8221;mb100&#8243;][vc_column width=&#8221;1\/2&#8243;][vc_custom_heading text=&#8221;Registo poligr\u00e1fico do sono em ambulat\u00f3rio&#8221; use_theme_fonts=&#8221;yes&#8221;][vc_column_text]O registo poligr\u00e1fico do sono \u00e9 um estudo do sono que consiste no registo de par\u00e2metros card\u00edacos e respirat\u00f3rios durante o sono noturno no domic\u00edlio.<\/p>\n<p>Por ser realizado em casa, o estudo tem a designa\u00e7\u00e3o de \u201cambulat\u00f3rio\u201d.<\/p>\n<p>A decis\u00e3o sobre a necessidade de realizar uma polissonografia ou um estudo poligr\u00e1fico do sono \u00e9 sempre tomada pelo m\u00e9dico, em fun\u00e7\u00e3o da situa\u00e7\u00e3o individual de cada um, relativamente \u00e0s suas carater\u00edsticas e aos sintomas que apresenta.[\/vc_column_text][vc_column_text]<span lang=\"pt-PT\">A principal &#8220;pontua\u00e7\u00e3o&#8221; obtida num estudo do sono \u00e9 denominada \u00cdndice de Apneia-Hipopneia. A pontua\u00e7\u00e3o do IAH indica o n\u00famero de apneias e hipoapneias registadas por hora durante o estudo do sono. Al\u00e9m disso, s\u00e3o medidos outros par\u00e2metros que tamb\u00e9m s\u00e3o importantes para o diagn\u00f3stico, como o ressonar e a satura\u00e7\u00e3o de oxig\u00e9nio.<\/span>[\/vc_column_text][vc_custom_heading text=&#8221;Teste da apneia do sono &#8211; en domicilio&#8221;][vc_column_text]\u00c9 poss\u00edvel, atrav\u00e9s de dispositivos mais simples, obter uma avalia\u00e7\u00e3o preliminar sobre se a pessoa sofre ou n\u00e3o de apneia do sono atrav\u00e9s da monitoriza\u00e7\u00e3o de alguns par\u00e2metros. Essa avalia\u00e7\u00e3o permite disponibilizar \u00e0 pessoa um diagn\u00f3stico ainda que este seja mais simplificado.<\/p>\n<p>A polissonografia e o estudo poligr\u00e1fico do sono s\u00e3o estudos do sono que permitem uma avalia\u00e7\u00e3o mais completa dos problemas do sono, avaliando um maior n\u00famero de par\u00e2metros. No entanto, os testes mais simplificados permitem fornecer \u00e0 pessoa uma primeira an\u00e1lise sobre o seu diagn\u00f3stico, no fundo, saber se sofre ou n\u00e3o de apneia do sono.[\/vc_column_text][\/vc_column][vc_column width=&#8221;1\/2&#8243; conditional_render=&#8221;%5B%7B%22value_role%22%3A%22administrator%22%7D%5D&#8221;][vc_single_image image=&#8221;7206&#8243; img_size=&#8221;full&#8221; alignment=&#8221;center&#8221; style=&#8221;vc_box_border_circle&#8221;][vc_raw_html]JTIwJTIwJTIwJTIwJTNDdGFibGUlM0UlMEElMjAlMjAlMjAlMjAlMjAlMjAlMjAlMjAlM0N0aGVhZCUzRSUwQSUyMCUyMCUyMCUyMCUyMCUyMCUyMCUyMCUyMCUyMCUyMCUyMCUzQ3RyJTNFJTBBJTIwJTIwJTIwJTIwJTIwJTIwJTIwJTIwJTIwJTIwJTIwJTIwJTIwJTIwJTIwJTIwJTNDdGglM0VHcmF2aWRhZGUlMjBkYSUyMGFwbmVpYSUyMGRvJTIwc29ubyUzQyUyRnRoJTNFJTBBJTIwJTIwJTIwJTIwJTIwJTIwJTIwJTIwJTIwJTIwJTIwJTIwJTIwJTIwJTIwJTIwJTNDdGglM0VJQUglMjAlMjhwb3IlMjBob3JhJTI5JTNDJTJGdGglM0UlMEElMjAlMjAlMjAlMjAlMjAlMjAlMjAlMjAlMjAlMjAlMjAlMjAlM0MlMkZ0ciUzRSUwQSUyMCUyMCUyMCUyMCUyMCUyMCUyMCUyMCUzQyUyRnRoZWFkJTNFJTBBJTIwJTIwJTIwJTIwJTIwJTIwJTIwJTIwJTNDdGJvZHklM0UlMEElMjAlMjAlMjAlMjAlMjAlMjAlMjAlMjAlMjAlMjAlMjAlMjAlM0N0ciUzRSUwQSUyMCUyMCUyMCUyMCUyMCUyMCUyMCUyMCUyMCUyMCUyMCUyMCUyMCUyMCUyMCUyMCUzQ3RkJTNFTm9ybWFsJTNDJTJGdGQlM0UlMEElMjAlMjAlMjAlMjAlMjAlMjAlMjAlMjAlMjAlMjAlMjAlMjAlMjAlMjAlMjAlMjAlM0N0ZCUzRUluZmVyaW9yJTIwYSUyMDUlM0MlMkZ0ZCUzRSUwQSUyMCUyMCUyMCUyMCUyMCUyMCUyMCUyMCUyMCUyMCUyMCUyMCUzQyUyRnRyJTNFJTBBJTIwJTIwJTIwJTIwJTIwJTIwJTIwJTIwJTIwJTIwJTIwJTIwJTNDdHIlM0UlMEElMjAlMjAlMjAlMjAlMjAlMjAlMjAlMjAlMjAlMjAlMjAlMjAlMjAlMjAlMjAlMjAlM0N0ZCUzRUxpZ2Vpcm8lM0MlMkZ0ZCUzRSUwQSUyMCUyMCUyMCUyMCUyMCUyMCUyMCUyMCUyMCUyMCUyMCUyMCUyMCUyMCUyMCUyMCUzQ3RkJTNFNSUyMGElMjAxNSUzQyUyRnRkJTNFJTBBJTIwJTIwJTIwJTIwJTIwJTIwJTIwJTIwJTIwJTIwJTIwJTIwJTNDJTJGdHIlM0UlMEElMjAlMjAlMjAlMjAlMjAlMjAlMjAlMjAlMjAlMjAlMjAlMjAlM0N0ciUzRSUwQSUyMCUyMCUyMCUyMCUyMCUyMCUyMCUyMCUyMCUyMCUyMCUyMCUyMCUyMCUyMCUyMCUzQ3RkJTNFTW9kZXJhZGElM0MlMkZ0ZCUzRSUwQSUyMCUyMCUyMCUyMCUyMCUyMCUyMCUyMCUyMCUyMCUyMCUyMCUyMCUyMCUyMCUyMCUzQ3RkJTNFMTUlMjBhJTIwMzAlM0MlMkZ0ZCUzRSUwQSUyMCUyMCUyMCUyMCUyMCUyMCUyMCUyMCUyMCUyMCUyMCUyMCUzQyUyRnRyJTNFJTBBJTIwJTIwJTIwJTIwJTIwJTIwJTIwJTIwJTIwJTIwJTIwJTIwJTNDdHIlM0UlMEElMjAlMjAlMjAlMjAlMjAlMjAlMjAlMjAlMjAlMjAlMjAlMjAlMjAlMjAlMjAlMjAlM0N0ZCUzRUdyYXZlJTNDJTJGdGQlM0UlMEElMjAlMjAlMjAlMjAlMjAlMjAlMjAlMjAlMjAlMjAlMjAlMjAlMjAlMjAlMjAlMjAlM0N0ZCUzRW1haXMlMjBkZSUyMDMwJTNDJTJGdGQlM0UlMEElMjAlMjAlMjAlMjAlMjAlMjAlMjAlMjAlMjAlMjAlMjAlMjAlM0MlMkZ0ciUzRSUwQSUwQSUyMCUyMCUyMCUyMCUyMCUyMCUyMCUyMCUzQyUyRnRib2R5JTNFJTBBJTIwJTIwJTIwJTIwJTNDJTJGdGFibGUlM0U=[\/vc_raw_html][\/vc_column][\/vc_row][vc_row full_width=&#8221;stretch_row&#8221; css=&#8221;.vc_custom_1734444160153{background-color: #ebebeb !important;}&#8221; conditional_render=&#8221;%5B%7B%22value_role%22%3A%22administrator%22%7D%5D&#8221;][vc_column width=&#8221;1\/2&#8243;][vc_empty_space css=&#8221;.vc_custom_1734444219188{background-color: #ebebeb !important;}&#8221;][vc_custom_heading text=&#8221;Solicite o seu estudo do sono ao domic\u00edlio preenchendo o seguinte formul\u00e1rio&#8221; use_theme_fonts=&#8221;yes&#8221;][vc_column_text]<span lang=\"pt-PT\">Se deseja realizar um estudo do sono, preencha o formul\u00e1rio de contacto para que o nosso departamento cl\u00ednico possa entrar em contacto consigo o mais rapidamente poss\u00edvel e explicar-lhe o exame em pormenor.<\/span>[\/vc_column_text][\/vc_column][vc_column width=&#8221;1\/2&#8243;][vc_empty_space css=&#8221;.vc_custom_1734444234190{background-color: #ebebeb !important;}&#8221;]\n<div class=\"wpcf7 no-js\" id=\"wpcf7-f11-o1\" lang=\"es-ES\" dir=\"ltr\" data-wpcf7-id=\"11\">\n<div class=\"screen-reader-response\"><p role=\"status\" aria-live=\"polite\" aria-atomic=\"true\"><\/p> <ul><\/ul><\/div>\n<form action=\"\/pt-pt\/wp-json\/wp\/v2\/pages\/6083#wpcf7-f11-o1\" method=\"post\" class=\"wpcf7-form init\" aria-label=\"Formulario de contacto\" novalidate=\"novalidate\" data-status=\"init\">\n<fieldset class=\"hidden-fields-container\"><input type=\"hidden\" name=\"_wpcf7\" value=\"11\" \/><input type=\"hidden\" name=\"_wpcf7_version\" value=\"6.1.5\" \/><input type=\"hidden\" name=\"_wpcf7_locale\" value=\"es_ES\" \/><input type=\"hidden\" name=\"_wpcf7_unit_tag\" value=\"wpcf7-f11-o1\" \/><input type=\"hidden\" name=\"_wpcf7_container_post\" value=\"0\" \/><input type=\"hidden\" name=\"_wpcf7_posted_data_hash\" value=\"\" \/><input type=\"hidden\" name=\"_wpcf7_recaptcha_response\" value=\"\" \/>\n<\/fieldset>\n<label> *Nome\n    <span class=\"wpcf7-form-control-wrap\" data-name=\"your-name\"><input size=\"40\" maxlength=\"400\" class=\"wpcf7-form-control wpcf7-text wpcf7-validates-as-required\" aria-required=\"true\" aria-invalid=\"false\" value=\"\" type=\"text\" name=\"your-name\" \/><\/span> <\/label>\n\n<label> *Email\n    <span class=\"wpcf7-form-control-wrap\" data-name=\"your-email\"><input size=\"40\" maxlength=\"400\" class=\"wpcf7-form-control wpcf7-email wpcf7-validates-as-required wpcf7-text wpcf7-validates-as-email\" aria-required=\"true\" aria-invalid=\"false\" value=\"\" type=\"email\" name=\"your-email\" \/><\/span> <\/label>\n\n<label> *Telefone\n    <span class=\"wpcf7-form-control-wrap\" data-name=\"text-243\"><input size=\"40\" maxlength=\"400\" class=\"wpcf7-form-control wpcf7-text\" aria-invalid=\"false\" value=\"\" type=\"text\" name=\"text-243\" \/><\/span> <\/label>\n\n<label> *Mensagem\n    <span class=\"wpcf7-form-control-wrap\" data-name=\"your-message\"><textarea cols=\"40\" rows=\"10\" maxlength=\"2000\" class=\"wpcf7-form-control wpcf7-textarea\" aria-invalid=\"false\" name=\"your-message\"><\/textarea><\/span> <\/label>\n\n<fieldset><span class=\"wpcf7-form-control-wrap\" data-name=\"acceptance-663\"><span class=\"wpcf7-form-control wpcf7-acceptance\"><span class=\"wpcf7-list-item\"><input type=\"checkbox\" name=\"acceptance-663\" value=\"1\" aria-invalid=\"false\" \/><\/span><\/span><\/span> <span>Li e concordo com a pol\u00edtica de privacidade<\/span><\/fieldset>\n \n<fieldset><span class=\"wpcf7-form-control-wrap\" data-name=\"acceptance-663\"><span class=\"wpcf7-form-control wpcf7-acceptance optional\"><span class=\"wpcf7-list-item\"><input type=\"checkbox\" name=\"acceptance-663\" value=\"1\" aria-invalid=\"false\" \/><\/span><\/span><\/span> <span>Desejo receber materiais de marketing<\/span><\/fieldset>\n\n<input class=\"wpcf7-form-control wpcf7-submit has-spinner\" type=\"submit\" value=\"Enviar\" \/><div class=\"wpcf7-response-output\" aria-hidden=\"true\"><\/div>\n<\/form>\n<\/div>\n[\/vc_column][\/vc_row][vc_row full_width=&#8221;stretch_row&#8221; css=&#8221;.vc_custom_1703766106261{background-color: #0086c5 !important;}&#8221; conditional_render=&#8221;%5B%7B%22value_role%22%3A%22administrator%22%7D%5D&#8221; el_class=&#8221;blue-prefooter&#8221;][vc_column][vc_custom_heading text=&#8221;Precisa de mais informa\u00e7\u00f5es?&#8221; font_container=&#8221;tag:div|font_size:38px|text_align:center|color:%23ffffff|line_height:50px&#8221; use_theme_fonts=&#8221;yes&#8221;][\/vc_column][vc_column][vc_row_inner css=&#8221;.vc_custom_1703773915927{margin-top: 20px !important;}&#8221;][vc_column_inner width=&#8221;1\/2&#8243;][vc_btn title=&#8221;Apn\u00e9ia do sono&#8221; style=&#8221;outline-custom&#8221; outline_custom_color=&#8221;#ffffff&#8221; outline_custom_hover_background=&#8221;&#8221; outline_custom_hover_text=&#8221;&#8221; shape=&#8221;round&#8221; align=&#8221;right&#8221; css=&#8221;.vc_custom_1720418769678{margin-bottom: 0px !important;padding-top: 10px !important;padding-right: 10px !important;padding-bottom: 10px !important;padding-left: 10px !important;}&#8221; el_class=&#8221;blue-prefooter-btn&#8221; link=&#8221;url:https%3A%2F%2Fwww.terapiacpap.pt%2Fapneia-do-sono%2F|title:%C2%BFQu%C3%A9%20es%20la%20apnea%20del%20sue%C3%B1o%3F&#8221;][\/vc_column_inner][vc_column_inner width=&#8221;1\/2&#8243;][vc_btn title=&#8221;Tratamento apneia do sono&#8221; style=&#8221;outline-custom&#8221; outline_custom_color=&#8221;#ffffff&#8221; outline_custom_hover_background=&#8221;&#8221; outline_custom_hover_text=&#8221;&#8221; shape=&#8221;round&#8221; align=&#8221;left&#8221; css=&#8221;.vc_custom_1720418823192{margin-bottom: 0px !important;padding-top: 10px !important;padding-right: 10px !important;padding-bottom: 10px !important;padding-left: 10px !important;}&#8221; el_class=&#8221;blue-prefooter-btn&#8221; link=&#8221;url:https%3A%2F%2Fwww.terapiacpap.pt%2Ftratamento-apneia-do-son%2F|title:Tratamento%20apneia%20do%20sono&#8221;][\/vc_column_inner][\/vc_row_inner][\/vc_column][\/vc_row]<\/p>\n<\/div>","protected":false},"excerpt":{"rendered":"<p>[vc_row full_width=&#8221;stretch_row_content_no_spaces&#8221; conditional_render=&#8221;%5B%7B%22value_role%22%3A%22administrator%22%7D%5D&#8221; el_class=&#8221;mb25&#8243;][vc_column][vc_column_text][\/vc_column_text][\/vc_column][\/vc_row][vc_row content_placement=&#8221;middle&#8221; conditional_render=&#8221;%5B%7B%22value_role%22%3A%22administrator%22%7D%5D&#8221; el_class=&#8221;landing-row&#8221;][vc_column][vc_column_text]Ter uma boa noite de sono \u00e9 t\u00e3o importante para a sua sa\u00fade geral como a atividade f\u00edsica e uma dieta equilibrada. Se tem dificuldade em dormir, ressona (ou a pessoa que dorme ao seu lado diz que ressona) ou suspeita que tem apneia do sono, \u00e9 importante levar [&hellip;]<\/p>\n","protected":false},"author":5,"featured_media":6376,"parent":31,"menu_order":0,"comment_status":"closed","ping_status":"closed","template":"","meta":{"_acf_changed":false,"footnotes":""},"class_list":["post-6083","page","type-page","status-publish","has-post-thumbnail","hentry"],"acf":[],"yoast_head":"<!-- This site is optimized with the Yoast SEO plugin v27.0 - https:\/\/yoast.com\/product\/yoast-seo-wordpress\/ -->\n<title>Rastreio da apneia do sono - Terapia CPAP Portugal<\/title>\n<meta name=\"description\" content=\"Ter uma boa noite de sono \u00e9 t\u00e3o importante para a sua sa\u00fade geral como a atividade f\u00edsica e uma dieta equilibrada.\" \/>\n<meta name=\"robots\" content=\"index, follow, max-snippet:-1, max-image-preview:large, max-video-preview:-1\" \/>\n<link rel=\"canonical\" href=\"https:\/\/elegant-moore.212-227-229-181.plesk.page\/apneia-do-sono\/rastreio-da-apneia-do-sono\/\" \/>\n<meta property=\"og:locale\" content=\"pt_PT\" \/>\n<meta property=\"og:type\" content=\"article\" \/>\n<meta property=\"og:title\" content=\"Rastreio da apneia do sono - Terapia CPAP Portugal\" \/>\n<meta property=\"og:description\" content=\"Ter uma boa noite de sono \u00e9 t\u00e3o importante para a sua sa\u00fade geral como a atividade f\u00edsica e uma dieta equilibrada.\" \/>\n<meta property=\"og:url\" content=\"https:\/\/elegant-moore.212-227-229-181.plesk.page\/apneia-do-sono\/rastreio-da-apneia-do-sono\/\" \/>\n<meta property=\"og:site_name\" content=\"Terapia CPAP Portugal\" \/>\n<meta property=\"article:publisher\" content=\"https:\/\/www.facebook.com\/p\/Terapiacpap-Portugal-100063919488136\/\" \/>\n<meta property=\"article:modified_time\" content=\"2025-01-14T09:55:29+00:00\" \/>\n<meta property=\"og:image\" content=\"https:\/\/elegant-moore.212-227-229-181.plesk.page\/wp-content\/uploads\/2024\/07\/CABECERA-3.jpg\" \/>\n\t<meta property=\"og:image:width\" content=\"1920\" \/>\n\t<meta property=\"og:image:height\" content=\"600\" \/>\n\t<meta property=\"og:image:type\" content=\"image\/jpeg\" \/>\n<meta name=\"twitter:card\" content=\"summary_large_image\" \/>\n<meta name=\"twitter:label1\" content=\"Tempo estimado de leitura\" \/>\n\t<meta name=\"twitter:data1\" content=\"4 minutos\" \/>\n<!-- \/ Yoast SEO plugin. -->","yoast_head_json":{"title":"Rastreio da apneia do sono - Terapia CPAP Portugal","description":"Ter uma boa noite de sono \u00e9 t\u00e3o importante para a sua sa\u00fade geral como a atividade f\u00edsica e uma dieta equilibrada.","robots":{"index":"index","follow":"follow","max-snippet":"max-snippet:-1","max-image-preview":"max-image-preview:large","max-video-preview":"max-video-preview:-1"},"canonical":"https:\/\/elegant-moore.212-227-229-181.plesk.page\/apneia-do-sono\/rastreio-da-apneia-do-sono\/","og_locale":"pt_PT","og_type":"article","og_title":"Rastreio da apneia do sono - Terapia CPAP Portugal","og_description":"Ter uma boa noite de sono \u00e9 t\u00e3o importante para a sua sa\u00fade geral como a atividade f\u00edsica e uma dieta equilibrada.","og_url":"https:\/\/elegant-moore.212-227-229-181.plesk.page\/apneia-do-sono\/rastreio-da-apneia-do-sono\/","og_site_name":"Terapia CPAP Portugal","article_publisher":"https:\/\/www.facebook.com\/p\/Terapiacpap-Portugal-100063919488136\/","article_modified_time":"2025-01-14T09:55:29+00:00","og_image":[{"width":1920,"height":600,"url":"https:\/\/elegant-moore.212-227-229-181.plesk.page\/wp-content\/uploads\/2024\/07\/CABECERA-3.jpg","type":"image\/jpeg"}],"twitter_card":"summary_large_image","twitter_misc":{"Tempo estimado de leitura":"4 minutos"},"schema":{"@context":"https:\/\/schema.org","@graph":[{"@type":"WebPage","@id":"https:\/\/elegant-moore.212-227-229-181.plesk.page\/apneia-do-sono\/rastreio-da-apneia-do-sono\/","url":"https:\/\/elegant-moore.212-227-229-181.plesk.page\/apneia-do-sono\/rastreio-da-apneia-do-sono\/","name":"Rastreio da apneia do sono - Terapia CPAP Portugal","isPartOf":{"@id":"https:\/\/elegant-moore.212-227-229-181.plesk.page\/#website"},"primaryImageOfPage":{"@id":"https:\/\/elegant-moore.212-227-229-181.plesk.page\/apneia-do-sono\/rastreio-da-apneia-do-sono\/#primaryimage"},"image":{"@id":"https:\/\/elegant-moore.212-227-229-181.plesk.page\/apneia-do-sono\/rastreio-da-apneia-do-sono\/#primaryimage"},"thumbnailUrl":"https:\/\/elegant-moore.212-227-229-181.plesk.page\/wp-content\/uploads\/2024\/07\/CABECERA-3.jpg","datePublished":"2024-07-08T05:58:00+00:00","dateModified":"2025-01-14T09:55:29+00:00","description":"Ter uma boa noite de sono \u00e9 t\u00e3o importante para a sua sa\u00fade geral como a atividade f\u00edsica e uma dieta equilibrada.","breadcrumb":{"@id":"https:\/\/elegant-moore.212-227-229-181.plesk.page\/apneia-do-sono\/rastreio-da-apneia-do-sono\/#breadcrumb"},"inLanguage":"pt-PT","potentialAction":[{"@type":"ReadAction","target":["https:\/\/elegant-moore.212-227-229-181.plesk.page\/apneia-do-sono\/rastreio-da-apneia-do-sono\/"]}]},{"@type":"ImageObject","inLanguage":"pt-PT","@id":"https:\/\/elegant-moore.212-227-229-181.plesk.page\/apneia-do-sono\/rastreio-da-apneia-do-sono\/#primaryimage","url":"https:\/\/elegant-moore.212-227-229-181.plesk.page\/wp-content\/uploads\/2024\/07\/CABECERA-3.jpg","contentUrl":"https:\/\/elegant-moore.212-227-229-181.plesk.page\/wp-content\/uploads\/2024\/07\/CABECERA-3.jpg","width":1920,"height":600},{"@type":"BreadcrumbList","@id":"https:\/\/elegant-moore.212-227-229-181.plesk.page\/apneia-do-sono\/rastreio-da-apneia-do-sono\/#breadcrumb","itemListElement":[{"@type":"ListItem","position":1,"name":"In\u00edcio","item":"https:\/\/elegant-moore.212-227-229-181.plesk.page\/"},{"@type":"ListItem","position":2,"name":"APNEIA DO SONO","item":"https:\/\/elegant-moore.212-227-229-181.plesk.page\/apneia-do-sono\/"},{"@type":"ListItem","position":3,"name":"Rastreio da apneia do sono"}]},{"@type":"WebSite","@id":"https:\/\/elegant-moore.212-227-229-181.plesk.page\/#website","url":"https:\/\/elegant-moore.212-227-229-181.plesk.page\/","name":"TerapiaCPAP Portugal","description":"Tratamiento de Apnea do sono Portugal","publisher":{"@id":"https:\/\/elegant-moore.212-227-229-181.plesk.page\/#organization"},"alternateName":"TerapiaCPAP Portugal","potentialAction":[{"@type":"SearchAction","target":{"@type":"EntryPoint","urlTemplate":"https:\/\/elegant-moore.212-227-229-181.plesk.page\/?s={search_term_string}"},"query-input":{"@type":"PropertyValueSpecification","valueRequired":true,"valueName":"search_term_string"}}],"inLanguage":"pt-PT"},{"@type":"Organization","@id":"https:\/\/elegant-moore.212-227-229-181.plesk.page\/#organization","name":"TerapiaCPAP Portugal","alternateName":"TerapiaCPAP Portugal","url":"https:\/\/elegant-moore.212-227-229-181.plesk.page\/","logo":{"@type":"ImageObject","inLanguage":"pt-PT","@id":"https:\/\/elegant-moore.212-227-229-181.plesk.page\/#\/schema\/logo\/image\/","url":"https:\/\/www.terapiacpap.pt\/wp-content\/uploads\/2021\/03\/logo-TERAPIACPAP.png","contentUrl":"https:\/\/www.terapiacpap.pt\/wp-content\/uploads\/2021\/03\/logo-TERAPIACPAP.png","width":1734,"height":521,"caption":"TerapiaCPAP Portugal"},"image":{"@id":"https:\/\/elegant-moore.212-227-229-181.plesk.page\/#\/schema\/logo\/image\/"},"sameAs":["https:\/\/www.facebook.com\/p\/Terapiacpap-Portugal-100063919488136\/","https:\/\/www.instagram.com\/terapiacpap.pt\/"]}]}},"_links":{"self":[{"href":"https:\/\/elegant-moore.212-227-229-181.plesk.page\/pt-pt\/wp-json\/wp\/v2\/pages\/6083","targetHints":{"allow":["GET"]}}],"collection":[{"href":"https:\/\/elegant-moore.212-227-229-181.plesk.page\/pt-pt\/wp-json\/wp\/v2\/pages"}],"about":[{"href":"https:\/\/elegant-moore.212-227-229-181.plesk.page\/pt-pt\/wp-json\/wp\/v2\/types\/page"}],"author":[{"embeddable":true,"href":"https:\/\/elegant-moore.212-227-229-181.plesk.page\/pt-pt\/wp-json\/wp\/v2\/users\/5"}],"replies":[{"embeddable":true,"href":"https:\/\/elegant-moore.212-227-229-181.plesk.page\/pt-pt\/wp-json\/wp\/v2\/comments?post=6083"}],"version-history":[{"count":16,"href":"https:\/\/elegant-moore.212-227-229-181.plesk.page\/pt-pt\/wp-json\/wp\/v2\/pages\/6083\/revisions"}],"predecessor-version":[{"id":105342,"href":"https:\/\/elegant-moore.212-227-229-181.plesk.page\/pt-pt\/wp-json\/wp\/v2\/pages\/6083\/revisions\/105342"}],"up":[{"embeddable":true,"href":"https:\/\/elegant-moore.212-227-229-181.plesk.page\/pt-pt\/wp-json\/wp\/v2\/pages\/31"}],"wp:featuredmedia":[{"embeddable":true,"href":"https:\/\/elegant-moore.212-227-229-181.plesk.page\/pt-pt\/wp-json\/wp\/v2\/media\/6376"}],"wp:attachment":[{"href":"https:\/\/elegant-moore.212-227-229-181.plesk.page\/pt-pt\/wp-json\/wp\/v2\/media?parent=6083"}],"curies":[{"name":"wp","href":"https:\/\/api.w.org\/{rel}","templated":true}]}}