{"id":6113,"date":"2024-07-08T06:33:18","date_gmt":"2024-07-08T06:33:18","guid":{"rendered":"https:\/\/www.terapiacpap.pt\/?page_id=6113"},"modified":"2024-07-23T13:08:21","modified_gmt":"2024-07-23T13:08:21","slug":"tipos-de-apneia-do-sono","status":"publish","type":"page","link":"https:\/\/elegant-moore.212-227-229-181.plesk.page\/pt-pt\/apneia-do-sono\/tipos-de-apneia-do-sono\/","title":{"rendered":"Tipos de apneia do sono"},"content":{"rendered":"<div class=\"wpb-content-wrapper\"><p>[vc_row full_width=&#8221;stretch_row_content_no_spaces&#8221; conditional_render=&#8221;%5B%7B%22value_role%22%3A%22administrator%22%7D%5D&#8221; el_class=&#8221;mb100&#8243;][vc_column][vc_column_text css=&#8221;.vc_custom_1704190760480{margin-bottom: 0px !important;}&#8221;]\n\n<div class=\"rounded-banner \">\n    <div class=\"full-image\">\n        <img decoding=\"async\" src=\"https:\/\/elegant-moore.212-227-229-181.plesk.page\/wp-content\/uploads\/2024\/07\/CABECERA-2.jpg\">\n    <\/div>\n    <div class=\"title-block\">\n        <div class=\"left-offset\"> \n            <div class=\"container\">\n                <div class=\"text-wrapper breadcrumbs\">\n                    <p><span class=\"yoast-breadcrumbs\"><span><a href=\"https:\/\/elegant-moore.212-227-229-181.plesk.page\/\">In\u00edcio<\/a><\/span><\/span><\/p>                <\/div>\n            <\/div>\n        <\/div>\n        <div class=\"left-offset\"> \n            <div class=\"container\">\n                <div class=\"text-wrapper title\">\n                    <h1>Tipos de apneia do sono<\/h1>\n                <\/div>\n            <\/div>\n        <\/div>\n    <\/div>\n<\/div>\n\n<style>\n\n<\/style>[\/vc_column_text][\/vc_column][\/vc_row][vc_row content_placement=&#8221;middle&#8221; conditional_render=&#8221;%5B%7B%22value_role%22%3A%22administrator%22%7D%5D&#8221; el_class=&#8221;mb25&#8243;][vc_column el_class=&#8221;type_apnea&#8221; conditional_render=&#8221;%5B%7B%22value_role%22%3A%22administrator%22%7D%5D&#8221;][vc_custom_heading text=&#8221;Apneia obstrutiva&#8221; use_theme_fonts=&#8221;yes&#8221;][vc_column_text]<span lang=\"pt-PT\">As paredes da orofaringe fecham-se completamente, provocando um colapso inspirat\u00f3rio que dura mais de 10 segundos. A apneia obstrutiva do sono \u00e9 o tipo mais comum de apneia do sono, representando 84% de todos os diagn\u00f3sticos de apneia do sono.<\/span><\/p>\n<p><span lang=\"pt-PT\">A via a\u00e9rea superior pode ficar obstru\u00edda devido a:<\/span>[\/vc_column_text][vc_column_text el_class=&#8221;enfermedades-list&#8221;]<span lang=\"pt-PT\">Relaxamento excessivo dos m\u00fasculos durante o sono, o que impede a passagem correcta do ar.<\/span><\/p>\n<p><span lang=\"pt-PT\">O peso dos tecidos da orofaringe e os contornos do pesco\u00e7o que estreitam a via a\u00e9rea.<\/span><\/p>\n<p><span lang=\"pt-PT\">Amigdalite ou outras raz\u00f5es tempor\u00e1rias<\/span><\/p>\n<p><span lang=\"pt-PT\">Raz\u00f5es estruturais, como a forma do nariz, do pesco\u00e7o ou da mand\u00edbula<\/span>[\/vc_column_text][\/vc_column][\/vc_row][vc_row equal_height=&#8221;yes&#8221; content_placement=&#8221;middle&#8221; conditional_render=&#8221;%5B%7B%22value_role%22%3A%22administrator%22%7D%5D&#8221; el_class=&#8221;landing-row mb25 type_apnea_double_content&#8221;][vc_column width=&#8221;1\/2&#8243; conditional_render=&#8221;%5B%7B%22value_role%22%3A%22administrator%22%7D%5D&#8221; el_class=&#8221;pright_apnea&#8221;][vc_row_inner][vc_column_inner el_class=&#8221;type_apnea&#8221;][vc_custom_heading text=&#8221;Apneia central&#8221; use_theme_fonts=&#8221;yes&#8221;][vc_column_text css=&#8221;.vc_custom_1720420177884{margin-bottom: 5px !important;}&#8221;]<span lang=\"pt-PT\">De tipo neurol\u00f3gico, o centro de controlo da respira\u00e7\u00e3o n\u00e3o envia o est\u00edmulo nervoso para respirar. N\u00e3o h\u00e1 obstru\u00e7\u00e3o ou esfor\u00e7o muscular respirat\u00f3rio.<\/span>[\/vc_column_text][\/vc_column_inner][\/vc_row_inner][\/vc_column][vc_column width=&#8221;1\/2&#8243; conditional_render=&#8221;%5B%7B%22value_role%22%3A%22administrator%22%7D%5D&#8221; el_class=&#8221;pleft_apnea&#8221;][vc_row_inner equal_height=&#8221;yes&#8221;][vc_column_inner el_class=&#8221;type_apnea&#8221;][vc_custom_heading text=&#8221;Apneia mista&#8221; use_theme_fonts=&#8221;yes&#8221;][vc_column_text css=&#8221;.vc_custom_1720420194775{margin-bottom: 5px !important;}&#8221;]<span lang=\"pt-PT\">Combina\u00e7\u00e3o de apneia central e obstrutiva, com in\u00edcio central e fim obstrutivo.<\/span>[\/vc_column_text][\/vc_column_inner][\/vc_row_inner][\/vc_column][\/vc_row][vc_row content_placement=&#8221;middle&#8221; conditional_render=&#8221;%5B%7B%22value_role%22%3A%22administrator%22%7D%5D&#8221; el_class=&#8221;landing-row mb100&#8243;][vc_column el_class=&#8221;type_apnea&#8221; conditional_render=&#8221;%5B%7B%22value_role%22%3A%22administrator%22%7D%5D&#8221;][vc_custom_heading text=&#8221;Hipoapneia&#8221; use_theme_fonts=&#8221;yes&#8221;][vc_column_text css=&#8221;.vc_custom_1720420203872{margin-bottom: 5px !important;}&#8221;]<span lang=\"pt-PT\">As paredes est\u00e3o parcialmente fechadas, diminuindo o di\u00e2metro de entrada da passagem de ar durante mais de 10 segundos.<\/span><\/p>\n<p><span lang=\"pt-PT\">N\u00e3o h\u00e1 colapso inspirat\u00f3rio.<\/span>[\/vc_column_text][\/vc_column][\/vc_row][vc_row content_placement=&#8221;middle&#8221; conditional_render=&#8221;%5B%7B%22value_role%22%3A%22administrator%22%7D%5D&#8221; el_class=&#8221;mb100&#8243;][vc_column width=&#8221;1\/2&#8243;][vc_single_image image=&#8221;6088&#8243; img_size=&#8221;full&#8221; alignment=&#8221;center&#8221; style=&#8221;vc_box_rounded&#8221;][\/vc_column][vc_column width=&#8221;1\/2&#8243;][vc_custom_heading text=&#8221;Complica\u00e7\u00f5es da apneia do sono&#8221; use_theme_fonts=&#8221;yes&#8221;][vc_column_text]<span lang=\"pt-PT\">A apneia do sono tamb\u00e9m tem sido associada a outras doen\u00e7as.<\/span><\/p>\n<p><span lang=\"pt-PT\">Exemplos de doen\u00e7as comuns incluem<\/span>[\/vc_column_text][vc_column_text el_class=&#8221;enfermedades-list&#8221;]<span lang=\"pt-PT\">Diabetes tipo 2<\/span><\/p>\n<p><span lang=\"pt-PT\">Obesidade<\/span><\/p>\n<p><span lang=\"pt-PT\">Insufici\u00eancia card\u00edaca<\/span><\/p>\n<p><span lang=\"pt-PT\">Hipertens\u00e3o (tens\u00e3o arterial elevada)<\/span>[\/vc_column_text][\/vc_column][\/vc_row][vc_row full_width=&#8221;stretch_row&#8221; css=&#8221;.vc_custom_1703766106261{background-color: #0086c5 !important;}&#8221; conditional_render=&#8221;%5B%7B%22value_role%22%3A%22administrator%22%7D%5D&#8221; el_class=&#8221;blue-prefooter&#8221;][vc_column][vc_custom_heading text=&#8221;Precisa de mais informa\u00e7\u00f5es?&#8221; font_container=&#8221;tag:div|font_size:38px|text_align:center|color:%23ffffff|line_height:50px&#8221; use_theme_fonts=&#8221;yes&#8221;][\/vc_column][vc_column][vc_row_inner css=&#8221;.vc_custom_1703773915927{margin-top: 20px !important;}&#8221;][vc_column_inner width=&#8221;1\/2&#8243;][vc_btn title=&#8221;Apn\u00e9ia do sono&#8221; style=&#8221;outline-custom&#8221; outline_custom_color=&#8221;#ffffff&#8221; outline_custom_hover_background=&#8221;&#8221; outline_custom_hover_text=&#8221;&#8221; shape=&#8221;round&#8221; align=&#8221;right&#8221; css=&#8221;.vc_custom_1720420363445{margin-bottom: 0px !important;padding-top: 10px !important;padding-right: 10px !important;padding-bottom: 10px !important;padding-left: 10px !important;}&#8221; el_class=&#8221;blue-prefooter-btn&#8221; link=&#8221;url:https%3A%2F%2Fwww.terapiacpap.pt%2Fapneia-do-sono%2F|title:Apnea%20del%20sue%C3%B1o&#8221;][\/vc_column_inner][vc_column_inner width=&#8221;1\/2&#8243;][vc_btn title=&#8221;Rastreio da apneia do sono&#8221; style=&#8221;outline-custom&#8221; outline_custom_color=&#8221;#ffffff&#8221; outline_custom_hover_background=&#8221;&#8221; outline_custom_hover_text=&#8221;&#8221; shape=&#8221;round&#8221; align=&#8221;left&#8221; css=&#8221;.vc_custom_1720420390117{margin-bottom: 0px !important;padding-top: 10px !important;padding-right: 10px !important;padding-bottom: 10px !important;padding-left: 10px !important;}&#8221; el_class=&#8221;blue-prefooter-btn&#8221; link=&#8221;url:https%3A%2F%2Fwww.terapiacpap.pt%2Fapneia-do-sono%2Frastreio-da-apneia-do-sono%2F|title:Detecci%C3%B3n%20de%20la%20Apnea%20del%20sue%C3%B1o&#8221;][\/vc_column_inner][\/vc_row_inner][\/vc_column][\/vc_row]<\/p>\n<\/div>","protected":false},"excerpt":{"rendered":"<p>[vc_row full_width=&#8221;stretch_row_content_no_spaces&#8221; conditional_render=&#8221;%5B%7B%22value_role%22%3A%22administrator%22%7D%5D&#8221; el_class=&#8221;mb100&#8243;][vc_column][vc_column_text css=&#8221;.vc_custom_1704190760480{margin-bottom: 0px !important;}&#8221;][\/vc_column_text][\/vc_column][\/vc_row][vc_row content_placement=&#8221;middle&#8221; conditional_render=&#8221;%5B%7B%22value_role%22%3A%22administrator%22%7D%5D&#8221; el_class=&#8221;mb25&#8243;][vc_column el_class=&#8221;type_apnea&#8221; conditional_render=&#8221;%5B%7B%22value_role%22%3A%22administrator%22%7D%5D&#8221;][vc_custom_heading text=&#8221;Apneia obstrutiva&#8221; use_theme_fonts=&#8221;yes&#8221;][vc_column_text]As paredes da orofaringe fecham-se completamente, provocando um colapso inspirat\u00f3rio que dura mais de 10 segundos. A apneia obstrutiva do sono \u00e9 o tipo mais comum de apneia do sono, representando 84% de todos os diagn\u00f3sticos de apneia do sono. A [&hellip;]<\/p>\n","protected":false},"author":5,"featured_media":6378,"parent":31,"menu_order":0,"comment_status":"closed","ping_status":"closed","template":"","meta":{"_acf_changed":false,"footnotes":""},"class_list":["post-6113","page","type-page","status-publish","has-post-thumbnail","hentry"],"acf":[],"yoast_head":"<!-- This site is optimized with the Yoast SEO plugin v27.0 - https:\/\/yoast.com\/product\/yoast-seo-wordpress\/ -->\n<title>Tipos de apneia do sono - Terapia CPAP Portugal<\/title>\n<meta name=\"description\" content=\"Ter uma boa noite de sono \u00e9 t\u00e3o importante para a sua sa\u00fade geral como a atividade f\u00edsica e uma dieta equilibrada.\" \/>\n<meta name=\"robots\" content=\"index, follow, max-snippet:-1, max-image-preview:large, max-video-preview:-1\" \/>\n<link rel=\"canonical\" href=\"https:\/\/elegant-moore.212-227-229-181.plesk.page\/apneia-do-sono\/tipos-de-apneia-do-sono\/\" \/>\n<meta property=\"og:locale\" content=\"pt_PT\" \/>\n<meta property=\"og:type\" content=\"article\" \/>\n<meta property=\"og:title\" content=\"Tipos de apneia do sono - Terapia CPAP Portugal\" \/>\n<meta property=\"og:description\" content=\"Ter uma boa noite de sono \u00e9 t\u00e3o importante para a sua sa\u00fade geral como a atividade f\u00edsica e uma dieta equilibrada.\" \/>\n<meta property=\"og:url\" content=\"https:\/\/elegant-moore.212-227-229-181.plesk.page\/apneia-do-sono\/tipos-de-apneia-do-sono\/\" \/>\n<meta property=\"og:site_name\" content=\"Terapia CPAP Portugal\" \/>\n<meta property=\"article:publisher\" content=\"https:\/\/www.facebook.com\/p\/Terapiacpap-Portugal-100063919488136\/\" \/>\n<meta property=\"article:modified_time\" content=\"2024-07-23T13:08:21+00:00\" \/>\n<meta property=\"og:image\" content=\"https:\/\/elegant-moore.212-227-229-181.plesk.page\/wp-content\/uploads\/2024\/07\/CABECERA-2.jpg\" \/>\n\t<meta property=\"og:image:width\" content=\"1920\" \/>\n\t<meta property=\"og:image:height\" content=\"600\" \/>\n\t<meta property=\"og:image:type\" content=\"image\/jpeg\" \/>\n<meta name=\"twitter:card\" content=\"summary_large_image\" \/>\n<meta name=\"twitter:label1\" content=\"Tempo estimado de leitura\" \/>\n\t<meta name=\"twitter:data1\" content=\"2 minutos\" \/>\n<!-- \/ Yoast SEO plugin. -->","yoast_head_json":{"title":"Tipos de apneia do sono - Terapia CPAP Portugal","description":"Ter uma boa noite de sono \u00e9 t\u00e3o importante para a sua sa\u00fade geral como a atividade f\u00edsica e uma dieta equilibrada.","robots":{"index":"index","follow":"follow","max-snippet":"max-snippet:-1","max-image-preview":"max-image-preview:large","max-video-preview":"max-video-preview:-1"},"canonical":"https:\/\/elegant-moore.212-227-229-181.plesk.page\/apneia-do-sono\/tipos-de-apneia-do-sono\/","og_locale":"pt_PT","og_type":"article","og_title":"Tipos de apneia do sono - Terapia CPAP Portugal","og_description":"Ter uma boa noite de sono \u00e9 t\u00e3o importante para a sua sa\u00fade geral como a atividade f\u00edsica e uma dieta equilibrada.","og_url":"https:\/\/elegant-moore.212-227-229-181.plesk.page\/apneia-do-sono\/tipos-de-apneia-do-sono\/","og_site_name":"Terapia CPAP Portugal","article_publisher":"https:\/\/www.facebook.com\/p\/Terapiacpap-Portugal-100063919488136\/","article_modified_time":"2024-07-23T13:08:21+00:00","og_image":[{"width":1920,"height":600,"url":"https:\/\/elegant-moore.212-227-229-181.plesk.page\/wp-content\/uploads\/2024\/07\/CABECERA-2.jpg","type":"image\/jpeg"}],"twitter_card":"summary_large_image","twitter_misc":{"Tempo estimado de leitura":"2 minutos"},"schema":{"@context":"https:\/\/schema.org","@graph":[{"@type":"WebPage","@id":"https:\/\/elegant-moore.212-227-229-181.plesk.page\/apneia-do-sono\/tipos-de-apneia-do-sono\/","url":"https:\/\/elegant-moore.212-227-229-181.plesk.page\/apneia-do-sono\/tipos-de-apneia-do-sono\/","name":"Tipos de apneia do sono - Terapia CPAP Portugal","isPartOf":{"@id":"https:\/\/elegant-moore.212-227-229-181.plesk.page\/#website"},"primaryImageOfPage":{"@id":"https:\/\/elegant-moore.212-227-229-181.plesk.page\/apneia-do-sono\/tipos-de-apneia-do-sono\/#primaryimage"},"image":{"@id":"https:\/\/elegant-moore.212-227-229-181.plesk.page\/apneia-do-sono\/tipos-de-apneia-do-sono\/#primaryimage"},"thumbnailUrl":"https:\/\/elegant-moore.212-227-229-181.plesk.page\/wp-content\/uploads\/2024\/07\/CABECERA-2.jpg","datePublished":"2024-07-08T06:33:18+00:00","dateModified":"2024-07-23T13:08:21+00:00","description":"Ter uma boa noite de sono \u00e9 t\u00e3o importante para a sua sa\u00fade geral como a atividade f\u00edsica e uma dieta equilibrada.","breadcrumb":{"@id":"https:\/\/elegant-moore.212-227-229-181.plesk.page\/apneia-do-sono\/tipos-de-apneia-do-sono\/#breadcrumb"},"inLanguage":"pt-PT","potentialAction":[{"@type":"ReadAction","target":["https:\/\/elegant-moore.212-227-229-181.plesk.page\/apneia-do-sono\/tipos-de-apneia-do-sono\/"]}]},{"@type":"ImageObject","inLanguage":"pt-PT","@id":"https:\/\/elegant-moore.212-227-229-181.plesk.page\/apneia-do-sono\/tipos-de-apneia-do-sono\/#primaryimage","url":"https:\/\/elegant-moore.212-227-229-181.plesk.page\/wp-content\/uploads\/2024\/07\/CABECERA-2.jpg","contentUrl":"https:\/\/elegant-moore.212-227-229-181.plesk.page\/wp-content\/uploads\/2024\/07\/CABECERA-2.jpg","width":1920,"height":600},{"@type":"BreadcrumbList","@id":"https:\/\/elegant-moore.212-227-229-181.plesk.page\/apneia-do-sono\/tipos-de-apneia-do-sono\/#breadcrumb","itemListElement":[{"@type":"ListItem","position":1,"name":"In\u00edcio","item":"https:\/\/elegant-moore.212-227-229-181.plesk.page\/"},{"@type":"ListItem","position":2,"name":"APNEIA DO SONO","item":"https:\/\/elegant-moore.212-227-229-181.plesk.page\/apneia-do-sono\/"},{"@type":"ListItem","position":3,"name":"Tipos de apneia do sono"}]},{"@type":"WebSite","@id":"https:\/\/elegant-moore.212-227-229-181.plesk.page\/#website","url":"https:\/\/elegant-moore.212-227-229-181.plesk.page\/","name":"TerapiaCPAP Portugal","description":"Tratamiento de Apnea do sono Portugal","publisher":{"@id":"https:\/\/elegant-moore.212-227-229-181.plesk.page\/#organization"},"alternateName":"TerapiaCPAP Portugal","potentialAction":[{"@type":"SearchAction","target":{"@type":"EntryPoint","urlTemplate":"https:\/\/elegant-moore.212-227-229-181.plesk.page\/?s={search_term_string}"},"query-input":{"@type":"PropertyValueSpecification","valueRequired":true,"valueName":"search_term_string"}}],"inLanguage":"pt-PT"},{"@type":"Organization","@id":"https:\/\/elegant-moore.212-227-229-181.plesk.page\/#organization","name":"TerapiaCPAP Portugal","alternateName":"TerapiaCPAP Portugal","url":"https:\/\/elegant-moore.212-227-229-181.plesk.page\/","logo":{"@type":"ImageObject","inLanguage":"pt-PT","@id":"https:\/\/elegant-moore.212-227-229-181.plesk.page\/#\/schema\/logo\/image\/","url":"https:\/\/www.terapiacpap.pt\/wp-content\/uploads\/2021\/03\/logo-TERAPIACPAP.png","contentUrl":"https:\/\/www.terapiacpap.pt\/wp-content\/uploads\/2021\/03\/logo-TERAPIACPAP.png","width":1734,"height":521,"caption":"TerapiaCPAP Portugal"},"image":{"@id":"https:\/\/elegant-moore.212-227-229-181.plesk.page\/#\/schema\/logo\/image\/"},"sameAs":["https:\/\/www.facebook.com\/p\/Terapiacpap-Portugal-100063919488136\/","https:\/\/www.instagram.com\/terapiacpap.pt\/"]}]}},"_links":{"self":[{"href":"https:\/\/elegant-moore.212-227-229-181.plesk.page\/pt-pt\/wp-json\/wp\/v2\/pages\/6113","targetHints":{"allow":["GET"]}}],"collection":[{"href":"https:\/\/elegant-moore.212-227-229-181.plesk.page\/pt-pt\/wp-json\/wp\/v2\/pages"}],"about":[{"href":"https:\/\/elegant-moore.212-227-229-181.plesk.page\/pt-pt\/wp-json\/wp\/v2\/types\/page"}],"author":[{"embeddable":true,"href":"https:\/\/elegant-moore.212-227-229-181.plesk.page\/pt-pt\/wp-json\/wp\/v2\/users\/5"}],"replies":[{"embeddable":true,"href":"https:\/\/elegant-moore.212-227-229-181.plesk.page\/pt-pt\/wp-json\/wp\/v2\/comments?post=6113"}],"version-history":[{"count":6,"href":"https:\/\/elegant-moore.212-227-229-181.plesk.page\/pt-pt\/wp-json\/wp\/v2\/pages\/6113\/revisions"}],"predecessor-version":[{"id":6124,"href":"https:\/\/elegant-moore.212-227-229-181.plesk.page\/pt-pt\/wp-json\/wp\/v2\/pages\/6113\/revisions\/6124"}],"up":[{"embeddable":true,"href":"https:\/\/elegant-moore.212-227-229-181.plesk.page\/pt-pt\/wp-json\/wp\/v2\/pages\/31"}],"wp:featuredmedia":[{"embeddable":true,"href":"https:\/\/elegant-moore.212-227-229-181.plesk.page\/pt-pt\/wp-json\/wp\/v2\/media\/6378"}],"wp:attachment":[{"href":"https:\/\/elegant-moore.212-227-229-181.plesk.page\/pt-pt\/wp-json\/wp\/v2\/media?parent=6113"}],"curies":[{"name":"wp","href":"https:\/\/api.w.org\/{rel}","templated":true}]}}