{"id":372,"date":"2021-04-23T09:53:26","date_gmt":"2021-04-23T09:53:26","guid":{"rendered":"https:\/\/www.terapiacpap.pt\/?post_type=product&#038;p=372"},"modified":"2025-10-12T21:38:31","modified_gmt":"2025-10-12T21:38:31","slug":"airmini-travel-cpap","status":"publish","type":"product","link":"https:\/\/elegant-moore.212-227-229-181.plesk.page\/pt-pt\/producto\/airmini-travel-cpap\/","title":{"rendered":"Airmini, Resmed Travel AutoCPAP"},"content":{"rendered":"<h2>Airmini, dispositivo de viagem CPAP<\/h2>\n<p>O AirMini da ResMed \u00e9 um excelente companheiro de viagem. Oferece o conforto e a conveni\u00eancia da portabilidade &#8211; pequeno, com humidifica\u00e7\u00e3o eficiente sem \u00e1gua, elevada qualidade de terapia e controlo com a aplica\u00e7\u00e3o AirMini.<\/p>\n<p>\u00c9 o CPAP port\u00e1til mais pequeno dispon\u00edvel no mercado at\u00e9 \u00e0 data.<\/p>\n<p><strong>Tem tr\u00eas modos diferentes de press\u00e3o positiva \u00e0 escolha<\/strong>: CPAP de press\u00e3o fixa, AutoSet e AutoSet para ela.<\/p>\n<p>A Aimini foi criada para funcionar com as seguintes m\u00e1scaras da ResMed: AirFit P10 para a AirMini, AirFit N20, AirFit F20, AirTouch F20 e Airit F30.<\/p>\n<p>Com um sistema de humidifica\u00e7\u00e3o sem \u00e1gua que oferece a comodidade da humidade sem o inc\u00f3modo de transportar \u00e1gua destilada para todo o lado. A humidifica\u00e7\u00e3o n\u00e3o \u00e9 poss\u00edvel com m\u00e1scaras faciais.<\/p>\n<p>Dispositivo leve cabe perfeitamente na sua mala, pesando apenas 299 g e tem um tamanho semelhante ao de um estojo de \u00f3culos. Existem tamb\u00e9m op\u00e7\u00f5es de estojo de transporte para proporcionar um pouco mais de prote\u00e7\u00e3o e tranquilidade, especialmente \u00fatil se souber que vai viajar com ele frequentemente.<\/p>\n<p>Todas as m\u00e1quinas CPAP utilizam algoritmos, ou seja, programas de computador que garantem que a press\u00e3o correcta \u00e9 sempre fornecida. O AirMini tem duas vers\u00f5es autom\u00e1ticas que s\u00e3o id\u00eanticas \u00e0s encontradas no AirSense 10 e no AirSense 10 para Ella. Pode alternar entre estas duas op\u00e7\u00f5es sempre que desejar, utilizando a aplica\u00e7\u00e3o AirMini, para que possa experimentar ambas e decidir qual \u00e9 a mais confort\u00e1vel para si.<\/p>\n<p>A aplica\u00e7\u00e3o gratuita ResMed AirMini MyAir permite-lhe manter-se a par da sua terapia CPAP, ligando o AirMini ao seu dispositivo inteligente atrav\u00e9s de Bluetooth. Se o seu dispositivo inteligente ficar sem bateria, o AirMini armazenar\u00e1 os dados e transferi-los-\u00e1 quando se voltar a ligar, para que n\u00e3o perca quaisquer dados. Pode ver at\u00e9 que ponto a m\u00e1quina est\u00e1 a manter a sua apneia do sono sob controlo e monitorizar o progresso ao longo do tempo.<\/p>\n<p>O AirMini n\u00e3o tem ecr\u00e3, pelo que a aplica\u00e7\u00e3o AirMini tamb\u00e9m \u00e9 utilizada para efetuar quaisquer ajustes necess\u00e1rios no dispositivo. O dispositivo tem apenas dois bot\u00f5es &#8211; um bot\u00e3o para ligar\/desligar e outro para Bluetooth. Isto torna-o muito simples de utilizar.<\/p>\n<p>&nbsp;<\/p>\n<h3><strong>Caracter\u00edsticas do Airmini Resmed<\/strong><\/h3>\n<p><strong>Terapia CPAP silenciosa<\/strong> &#8211; Com 30 decib\u00e9is, o AirMini mal ultrapassa o som de um sussurro. O seu som \u00e9 apenas ligeiramente mais alto do que o do ResMed AirSense 10. O murm\u00fario silencioso da sua m\u00e1quina \u00e9 quase invis\u00edvel, proporcionando um sono seguro.<\/p>\n<p><strong>Transport\u00e1vel<\/strong> &#8211; O AirMini mede 5,4\u2033 x 3,3\u2033 x 2,1\u2033. Com apenas 3,5 kg, o AirMini cabe na palma da sua m\u00e3o. \u00c9 a terapia CPAP mais compacta e leve.<\/p>\n<p>O AirMini \u00e9 aprovado pela FAA, o que significa que pode ser utilizado a bordo de um avi\u00e3o. Se estiver a fazer um voo de longo curso, isto \u00e9 uma \u00f3ptima not\u00edcia, mas tamb\u00e9m significa que pode lev\u00e1-lo na bagagem de m\u00e3o num voo de curta dist\u00e2ncia, em vez de correr o risco de o danificar no por\u00e3o.<\/p>\n<p><strong>Humidifica\u00e7\u00e3o ActiveAir<\/strong> &#8211; As suas viagens ficar\u00e3o completas com o eficaz e eficiente sistema HumidX. Um sistema de humidifica\u00e7\u00e3o sem \u00e1gua capta e reutiliza a humidade da sua respira\u00e7\u00e3o para adicionar humidade. O HumidX n\u00e3o necessita de energia el\u00e9ctrica nem de \u00e1gua, uma vez que utiliza a tecnologia exclusiva de troca de calor e humidade (HME).<\/p>\n<p><strong>Controlo pr\u00e1tico<\/strong>: A aplica\u00e7\u00e3o AirMini permite-lhe monitorizar e gerir os seus movimentos respirat\u00f3rios. Liga-se sem esfor\u00e7o ao seu smartphone atrav\u00e9s de Bluetooth para apresentar os dados do seu dia de CPAP. A aplica\u00e7\u00e3o AirMini permite-lhe controlar a sua respira\u00e7\u00e3o; adapte as defini\u00e7\u00f5es de conforto personaliz\u00e1veis do seu CPAP a si. Veja os relat\u00f3rios de sono detalhados sobre o seu tratamento da apneia do sono e observe o seu progresso. A aplica\u00e7\u00e3o AirMini permite que o seu prestador de cuidados de sa\u00fade veja os seus dados atrav\u00e9s da funcionalidade AirView.<\/p>\n<p><strong>Al\u00edvio da expira\u00e7\u00e3o<\/strong>: respire com facilidade. O AirMini permite-lhe ter padr\u00f5es de respira\u00e7\u00e3o naturais com a tecnologia de al\u00edvio da expira\u00e7\u00e3o. Esta defini\u00e7\u00e3o reconfortante permite-lhe expirar com facilidade em vez de lutar contra a press\u00e3o de ar est\u00e1tica, uma vez que diminui a press\u00e3o de entrada da terapia quando expira.<\/p>\n<p><strong>Caracter\u00edsticas<\/strong> &#8211; A funcionalidade de arranque\/paragem autom\u00e1tico ajud\u00e1-lo-\u00e1 a dormir confortavelmente \u00e0 noite. A funcionalidade de in\u00edcio\/paragem autom\u00e1tico reage quando coloca ou retira a m\u00e1scara. Desliga a terapia quando retira a m\u00e1scara e retoma a terapia quando a coloca. \u00c9 t\u00e3o f\u00e1cil quanto parece.<\/p>\n<p><strong>Fonte de alimenta\u00e7\u00e3o flex\u00edvel<\/strong> &#8211; O AirMini \u00e9 fornecido com uma fonte de alimenta\u00e7\u00e3o da UE e um adaptador do Reino Unido, permitindo-lhe utiliz\u00e1-lo em casa e no estrangeiro.<\/p>\n<p><strong>Modos<\/strong> &#8211; Tr\u00eas modos de press\u00e3o positiva diferentes \u00e0 escolha. Press\u00e3o fixa CPAP, AutoSet e AutoSet para ela. Para al\u00e9m da press\u00e3o fixa, estes modos ajustam-se automaticamente \u00e0 sua respira\u00e7\u00e3o. Alterar o seu algoritmo nunca foi t\u00e3o f\u00e1cil de gerir.<\/p>\n<p><strong>Design atrativo<\/strong> &#8211; O AirMini tem uma forma curva elegante e um design atrativo em dois tons de cinzento &#8211; n\u00e3o parece um dispositivo m\u00e9dico.<\/p>\n","protected":false},"excerpt":{"rendered":"<ul>\n<li>Inteligente. Pequeno. Simples<\/li>\n<li>Terapia CPAP silenciosa e transport\u00e1vel.<\/li>\n<li>Tr\u00eas modos de press\u00e3o positiva diferentes \u00e0 escolha. CPAP de press\u00e3o fixa, AutoSet e AutoSet for Her<\/li>\n<\/ul>\n","protected":false},"featured_media":374,"comment_status":"open","ping_status":"closed","template":"","meta":{"_acf_changed":false},"product_brand":[],"product_cat":[122,17],"product_tag":[39],"class_list":{"0":"post-372","1":"product","2":"type-product","3":"status-publish","4":"has-post-thumbnail","6":"product_cat-autocpap-portatil","7":"product_cat-equipamentos-cpap","8":"product_tag-resmed","10":"first","11":"instock","12":"taxable","13":"shipping-taxable","14":"purchasable","15":"product-type-variable"},"acf":[],"yoast_head":"<!-- This site is optimized with the Yoast SEO plugin v27.0 - https:\/\/yoast.com\/product\/yoast-seo-wordpress\/ -->\n<title>Airmini Autoset, pacote de viagem - Terapia CPAP Portugal<\/title>\n<meta name=\"description\" content=\"O Airmini Autoset \u00e9 um conjunto compacto de autopap da Resmed, ideal para viagens. Consiste em conjunto de autocapacita\u00e7\u00e3o, tubos e m\u00e1scara.\" \/>\n<meta name=\"robots\" content=\"index, follow, max-snippet:-1, max-image-preview:large, max-video-preview:-1\" \/>\n<link rel=\"canonical\" href=\"https:\/\/elegant-moore.212-227-229-181.plesk.page\/pt-pt\/producto\/airmini-travel-cpap\/\" \/>\n<meta property=\"og:locale\" content=\"pt_PT\" \/>\n<meta property=\"og:type\" content=\"article\" \/>\n<meta property=\"og:title\" content=\"Airmini Autoset, pacote de viagem - Terapia CPAP Portugal\" \/>\n<meta property=\"og:description\" content=\"O Airmini Autoset \u00e9 um conjunto compacto de autopap da Resmed, ideal para viagens. Consiste em conjunto de autocapacita\u00e7\u00e3o, tubos e m\u00e1scara.\" \/>\n<meta property=\"og:url\" content=\"https:\/\/elegant-moore.212-227-229-181.plesk.page\/pt-pt\/producto\/airmini-travel-cpap\/\" \/>\n<meta property=\"og:site_name\" content=\"Terapia CPAP Portugal\" \/>\n<meta property=\"article:publisher\" content=\"https:\/\/www.facebook.com\/p\/Terapiacpap-Portugal-100063919488136\/\" \/>\n<meta property=\"article:modified_time\" content=\"2025-10-12T21:38:31+00:00\" \/>\n<meta property=\"og:image\" content=\"https:\/\/elegant-moore.212-227-229-181.plesk.page\/wp-content\/uploads\/2021\/04\/airmini-p10-pt.png\" \/>\n\t<meta property=\"og:image:width\" content=\"500\" \/>\n\t<meta property=\"og:image:height\" content=\"500\" \/>\n\t<meta property=\"og:image:type\" content=\"image\/png\" \/>\n<meta name=\"twitter:card\" content=\"summary_large_image\" \/>\n<meta name=\"twitter:label1\" content=\"Tempo estimado de leitura\" \/>\n\t<meta name=\"twitter:data1\" content=\"5 minutos\" \/>\n<!-- \/ Yoast SEO plugin. -->","yoast_head_json":{"title":"Airmini Autoset, pacote de viagem - Terapia CPAP Portugal","description":"O Airmini Autoset \u00e9 um conjunto compacto de autopap da Resmed, ideal para viagens. Consiste em conjunto de autocapacita\u00e7\u00e3o, tubos e m\u00e1scara.","robots":{"index":"index","follow":"follow","max-snippet":"max-snippet:-1","max-image-preview":"max-image-preview:large","max-video-preview":"max-video-preview:-1"},"canonical":"https:\/\/elegant-moore.212-227-229-181.plesk.page\/pt-pt\/producto\/airmini-travel-cpap\/","og_locale":"pt_PT","og_type":"article","og_title":"Airmini Autoset, pacote de viagem - Terapia CPAP Portugal","og_description":"O Airmini Autoset \u00e9 um conjunto compacto de autopap da Resmed, ideal para viagens. Consiste em conjunto de autocapacita\u00e7\u00e3o, tubos e m\u00e1scara.","og_url":"https:\/\/elegant-moore.212-227-229-181.plesk.page\/pt-pt\/producto\/airmini-travel-cpap\/","og_site_name":"Terapia CPAP Portugal","article_publisher":"https:\/\/www.facebook.com\/p\/Terapiacpap-Portugal-100063919488136\/","article_modified_time":"2025-10-12T21:38:31+00:00","og_image":[{"width":500,"height":500,"url":"https:\/\/elegant-moore.212-227-229-181.plesk.page\/wp-content\/uploads\/2021\/04\/airmini-p10-pt.png","type":"image\/png"}],"twitter_card":"summary_large_image","twitter_misc":{"Tempo estimado de leitura":"5 minutos"},"schema":{"@context":"https:\/\/schema.org","@graph":[{"@type":"WebPage","@id":"https:\/\/elegant-moore.212-227-229-181.plesk.page\/pt-pt\/producto\/airmini-travel-cpap\/","url":"https:\/\/elegant-moore.212-227-229-181.plesk.page\/pt-pt\/producto\/airmini-travel-cpap\/","name":"Airmini Autoset, pacote de viagem - Terapia CPAP Portugal","isPartOf":{"@id":"https:\/\/elegant-moore.212-227-229-181.plesk.page\/#website"},"primaryImageOfPage":{"@id":"https:\/\/elegant-moore.212-227-229-181.plesk.page\/pt-pt\/producto\/airmini-travel-cpap\/#primaryimage"},"image":{"@id":"https:\/\/elegant-moore.212-227-229-181.plesk.page\/pt-pt\/producto\/airmini-travel-cpap\/#primaryimage"},"thumbnailUrl":"https:\/\/elegant-moore.212-227-229-181.plesk.page\/wp-content\/uploads\/2021\/04\/airmini-p10-pt.png","datePublished":"2021-04-23T09:53:26+00:00","dateModified":"2025-10-12T21:38:31+00:00","description":"O Airmini Autoset \u00e9 um conjunto compacto de autopap da Resmed, ideal para viagens. Consiste em conjunto de autocapacita\u00e7\u00e3o, tubos e m\u00e1scara.","breadcrumb":{"@id":"https:\/\/elegant-moore.212-227-229-181.plesk.page\/pt-pt\/producto\/airmini-travel-cpap\/#breadcrumb"},"inLanguage":"pt-PT","potentialAction":[{"@type":"ReadAction","target":["https:\/\/elegant-moore.212-227-229-181.plesk.page\/pt-pt\/producto\/airmini-travel-cpap\/"]}]},{"@type":"ImageObject","inLanguage":"pt-PT","@id":"https:\/\/elegant-moore.212-227-229-181.plesk.page\/pt-pt\/producto\/airmini-travel-cpap\/#primaryimage","url":"https:\/\/elegant-moore.212-227-229-181.plesk.page\/wp-content\/uploads\/2021\/04\/airmini-p10-pt.png","contentUrl":"https:\/\/elegant-moore.212-227-229-181.plesk.page\/wp-content\/uploads\/2021\/04\/airmini-p10-pt.png","width":500,"height":500,"caption":"airmini p10 pt"},{"@type":"BreadcrumbList","@id":"https:\/\/elegant-moore.212-227-229-181.plesk.page\/pt-pt\/producto\/airmini-travel-cpap\/#breadcrumb","itemListElement":[{"@type":"ListItem","position":1,"name":"In\u00edcio","item":"https:\/\/elegant-moore.212-227-229-181.plesk.page\/"},{"@type":"ListItem","position":2,"name":"LOJA","item":"https:\/\/elegant-moore.212-227-229-181.plesk.page\/tienda\/"},{"@type":"ListItem","position":3,"name":"Apnea del Sue\u00f1o","item":"https:\/\/elegant-moore.212-227-229-181.plesk.page\/categoria-producto\/apnea-del-sueno\/"},{"@type":"ListItem","position":4,"name":"Tratamiento","item":"https:\/\/elegant-moore.212-227-229-181.plesk.page\/categoria-producto\/apnea-del-sueno\/tratamiento\/"},{"@type":"ListItem","position":5,"name":"Equipos de Viaje","item":"https:\/\/elegant-moore.212-227-229-181.plesk.page\/categoria-producto\/apnea-del-sueno\/tratamiento\/equipos-de-viaje\/"},{"@type":"ListItem","position":6,"name":"Airmini, Resmed Travel AutoCPAP"}]},{"@type":"WebSite","@id":"https:\/\/elegant-moore.212-227-229-181.plesk.page\/#website","url":"https:\/\/elegant-moore.212-227-229-181.plesk.page\/","name":"TerapiaCPAP Portugal","description":"Tratamiento de Apnea do sono Portugal","publisher":{"@id":"https:\/\/elegant-moore.212-227-229-181.plesk.page\/#organization"},"alternateName":"TerapiaCPAP Portugal","potentialAction":[{"@type":"SearchAction","target":{"@type":"EntryPoint","urlTemplate":"https:\/\/elegant-moore.212-227-229-181.plesk.page\/?s={search_term_string}"},"query-input":{"@type":"PropertyValueSpecification","valueRequired":true,"valueName":"search_term_string"}}],"inLanguage":"pt-PT"},{"@type":"Organization","@id":"https:\/\/elegant-moore.212-227-229-181.plesk.page\/#organization","name":"TerapiaCPAP Portugal","alternateName":"TerapiaCPAP Portugal","url":"https:\/\/elegant-moore.212-227-229-181.plesk.page\/","logo":{"@type":"ImageObject","inLanguage":"pt-PT","@id":"https:\/\/elegant-moore.212-227-229-181.plesk.page\/#\/schema\/logo\/image\/","url":"https:\/\/www.terapiacpap.pt\/wp-content\/uploads\/2021\/03\/logo-TERAPIACPAP.png","contentUrl":"https:\/\/www.terapiacpap.pt\/wp-content\/uploads\/2021\/03\/logo-TERAPIACPAP.png","width":1734,"height":521,"caption":"TerapiaCPAP Portugal"},"image":{"@id":"https:\/\/elegant-moore.212-227-229-181.plesk.page\/#\/schema\/logo\/image\/"},"sameAs":["https:\/\/www.facebook.com\/p\/Terapiacpap-Portugal-100063919488136\/","https:\/\/www.instagram.com\/terapiacpap.pt\/"]}]}},"_links":{"self":[{"href":"https:\/\/elegant-moore.212-227-229-181.plesk.page\/pt-pt\/wp-json\/wp\/v2\/product\/372","targetHints":{"allow":["GET"]}}],"collection":[{"href":"https:\/\/elegant-moore.212-227-229-181.plesk.page\/pt-pt\/wp-json\/wp\/v2\/product"}],"about":[{"href":"https:\/\/elegant-moore.212-227-229-181.plesk.page\/pt-pt\/wp-json\/wp\/v2\/types\/product"}],"replies":[{"embeddable":true,"href":"https:\/\/elegant-moore.212-227-229-181.plesk.page\/pt-pt\/wp-json\/wp\/v2\/comments?post=372"}],"wp:featuredmedia":[{"embeddable":true,"href":"https:\/\/elegant-moore.212-227-229-181.plesk.page\/pt-pt\/wp-json\/wp\/v2\/media\/374"}],"wp:attachment":[{"href":"https:\/\/elegant-moore.212-227-229-181.plesk.page\/pt-pt\/wp-json\/wp\/v2\/media?parent=372"}],"wp:term":[{"taxonomy":"product_brand","embeddable":true,"href":"https:\/\/elegant-moore.212-227-229-181.plesk.page\/pt-pt\/wp-json\/wp\/v2\/product_brand?post=372"},{"taxonomy":"product_cat","embeddable":true,"href":"https:\/\/elegant-moore.212-227-229-181.plesk.page\/pt-pt\/wp-json\/wp\/v2\/product_cat?post=372"},{"taxonomy":"product_tag","embeddable":true,"href":"https:\/\/elegant-moore.212-227-229-181.plesk.page\/pt-pt\/wp-json\/wp\/v2\/product_tag?post=372"}],"curies":[{"name":"wp","href":"https:\/\/api.w.org\/{rel}","templated":true}]}}