{"id":384,"date":"2021-04-23T10:12:49","date_gmt":"2021-04-23T10:12:49","guid":{"rendered":"https:\/\/www.terapiacpap.pt\/?post_type=product&#038;p=384"},"modified":"2025-11-12T11:15:15","modified_gmt":"2025-11-12T11:15:15","slug":"airfit-n20","status":"publish","type":"product","link":"https:\/\/elegant-moore.212-227-229-181.plesk.page\/pt-pt\/producto\/airfit-n20\/","title":{"rendered":"Airfit N20, m\u00e1scara nasal CPAP ResMed"},"content":{"rendered":"<p>A m\u00e1scara de CPAP nasal AirFit N20 da ResMed oferece aos pacientes um campo de vis\u00e3o mais amplo e movimentos mais f\u00e1ceis gra\u00e7as \u00e0 almofada de silicone InfinitySeal\u2122, projetada para uma veda\u00e7\u00e3o forte, independentemente do formato ou tamanho do rosto.<\/p>\n<h2><strong>Caracter\u00edsticas principais da m\u00e1scara nasal CPAP AirFit\u2122 N20 da ResMed:<\/strong><\/h2>\n<p>F\u00e1cil de ajustar: De acordo com um estudo internacional, a m\u00e1scara AirFit N20 adapta-se a 99,4% dos pacientes. A fisionomia facial j\u00e1 n\u00e3o \u00e9 impedimento para ajustar a m\u00e1scara, gra\u00e7as \u00e0 almofada de sillicone que se adapta aos diferentes formatos e tamanhos de rosto.<br \/>\nUtiliza\u00e7\u00e3o confort\u00e1vel: Leve e ergon\u00f3mica, concebida com materiais suaves ao tato, desde a almofada at\u00e9 \u00e0 arma\u00e7\u00e3o e ao arn\u00eas.<br \/>\nLiberdade visual: Com a sua arma\u00e7\u00e3o sob os olhos, simplificada e com o m\u00ednimo de contato, a m\u00e1scara AirFit N20 permite aos pacientes um campo de vis\u00e3o mais amplo e a utiliza\u00e7\u00e3o de \u00f3culos para quem gosta de ler na cama.<br \/>\nRapidez de coloca\u00e7\u00e3o: P\u00f4r e tirar a m\u00e1scara \u00e9 c\u00f3modo e f\u00e1cil, com presilhas magn\u00e9ticas que guiam o arn\u00eas at\u00e9 \u00e0 arma\u00e7\u00e3o em segundos.<\/p>\n","protected":false},"excerpt":{"rendered":"<ul>\n<li style=\"font-weight: 400\"><span style=\"font-weight: 400\">M\u00e1scara nasal com almofada de silicone<\/span><\/li>\n<li style=\"font-weight: 400\"><span style=\"font-weight: 400\">Campo de vis\u00e3o muito amplo<\/span><\/li>\n<li style=\"font-weight: 400\"><span style=\"font-weight: 400\">Maior facilidade de movimento<\/span><\/li>\n<li style=\"font-weight: 400\"><span style=\"font-weight: 400\">Selado com mais firmeza gra\u00e7as \u00e0 almofada de silicone<\/span><\/li>\n<\/ul>\n<p><a href=\"https:\/\/www.terapiacpap.pt\/wp-content\/uploads\/2024\/10\/airtouch-n20_fitting-template-web-mm_glo_eng-2.pdf\">Guia de tamanhos<\/a><\/p>\n<p><a href=\"https:\/\/www.terapiacpap.pt\/wp-content\/uploads\/2024\/08\/Patient_Letter_European_Portuguese.pdf\">Nota de seguran\u00e7a<\/a><\/p>\n","protected":false},"featured_media":388,"comment_status":"open","ping_status":"closed","template":"","meta":{"_acf_changed":false},"product_brand":[],"product_cat":[18,24],"product_tag":[39],"class_list":{"0":"post-384","1":"product","2":"type-product","3":"status-publish","4":"has-post-thumbnail","6":"product_cat-mascaras","7":"product_cat-mascaras-nasais","8":"product_tag-resmed","10":"first","11":"instock","12":"taxable","13":"shipping-taxable","14":"purchasable","15":"product-type-variable","16":"has-default-attributes"},"acf":[],"yoast_head":"<!-- This site is optimized with the Yoast SEO plugin v27.0 - https:\/\/yoast.com\/product\/yoast-seo-wordpress\/ -->\n<title>Airfit N20 M\u00e1scara nasal - Terapia CPAP Portugal<\/title>\n<meta name=\"description\" content=\"A m\u00e1scara AirFit N20 da ResMed ajusta-se facilmente a v\u00e1rios tipos de rosto e facilita os movimentos, gra\u00e7as \u00e0 almofada de silicone InfinitySeal\u2122\" \/>\n<meta name=\"robots\" content=\"index, follow, max-snippet:-1, max-image-preview:large, max-video-preview:-1\" \/>\n<link rel=\"canonical\" href=\"https:\/\/elegant-moore.212-227-229-181.plesk.page\/pt-pt\/producto\/airfit-n20\/\" \/>\n<meta property=\"og:locale\" content=\"pt_PT\" \/>\n<meta property=\"og:type\" content=\"article\" \/>\n<meta property=\"og:title\" content=\"Airfit N20 M\u00e1scara nasal - Terapia CPAP Portugal\" \/>\n<meta property=\"og:description\" content=\"A m\u00e1scara AirFit N20 da ResMed ajusta-se facilmente a v\u00e1rios tipos de rosto e facilita os movimentos, gra\u00e7as \u00e0 almofada de silicone InfinitySeal\u2122\" \/>\n<meta property=\"og:url\" content=\"https:\/\/elegant-moore.212-227-229-181.plesk.page\/pt-pt\/producto\/airfit-n20\/\" \/>\n<meta property=\"og:site_name\" content=\"Terapia CPAP Portugal\" \/>\n<meta property=\"article:publisher\" content=\"https:\/\/www.facebook.com\/p\/Terapiacpap-Portugal-100063919488136\/\" \/>\n<meta property=\"article:modified_time\" content=\"2025-11-12T11:15:15+00:00\" \/>\n<meta property=\"og:image\" content=\"https:\/\/elegant-moore.212-227-229-181.plesk.page\/wp-content\/uploads\/2021\/04\/n20-pt.png\" \/>\n\t<meta property=\"og:image:width\" content=\"500\" \/>\n\t<meta property=\"og:image:height\" content=\"500\" \/>\n\t<meta property=\"og:image:type\" content=\"image\/png\" \/>\n<meta name=\"twitter:card\" content=\"summary_large_image\" \/>\n<meta name=\"twitter:label1\" content=\"Tempo estimado de leitura\" \/>\n\t<meta name=\"twitter:data1\" content=\"2 minutos\" \/>\n<!-- \/ Yoast SEO plugin. -->","yoast_head_json":{"title":"Airfit N20 M\u00e1scara nasal - Terapia CPAP Portugal","description":"A m\u00e1scara AirFit N20 da ResMed ajusta-se facilmente a v\u00e1rios tipos de rosto e facilita os movimentos, gra\u00e7as \u00e0 almofada de silicone InfinitySeal\u2122","robots":{"index":"index","follow":"follow","max-snippet":"max-snippet:-1","max-image-preview":"max-image-preview:large","max-video-preview":"max-video-preview:-1"},"canonical":"https:\/\/elegant-moore.212-227-229-181.plesk.page\/pt-pt\/producto\/airfit-n20\/","og_locale":"pt_PT","og_type":"article","og_title":"Airfit N20 M\u00e1scara nasal - Terapia CPAP Portugal","og_description":"A m\u00e1scara AirFit N20 da ResMed ajusta-se facilmente a v\u00e1rios tipos de rosto e facilita os movimentos, gra\u00e7as \u00e0 almofada de silicone InfinitySeal\u2122","og_url":"https:\/\/elegant-moore.212-227-229-181.plesk.page\/pt-pt\/producto\/airfit-n20\/","og_site_name":"Terapia CPAP Portugal","article_publisher":"https:\/\/www.facebook.com\/p\/Terapiacpap-Portugal-100063919488136\/","article_modified_time":"2025-11-12T11:15:15+00:00","og_image":[{"width":500,"height":500,"url":"https:\/\/elegant-moore.212-227-229-181.plesk.page\/wp-content\/uploads\/2021\/04\/n20-pt.png","type":"image\/png"}],"twitter_card":"summary_large_image","twitter_misc":{"Tempo estimado de leitura":"2 minutos"},"schema":{"@context":"https:\/\/schema.org","@graph":[{"@type":"WebPage","@id":"https:\/\/elegant-moore.212-227-229-181.plesk.page\/pt-pt\/producto\/airfit-n20\/","url":"https:\/\/elegant-moore.212-227-229-181.plesk.page\/pt-pt\/producto\/airfit-n20\/","name":"Airfit N20 M\u00e1scara nasal - Terapia CPAP Portugal","isPartOf":{"@id":"https:\/\/elegant-moore.212-227-229-181.plesk.page\/#website"},"primaryImageOfPage":{"@id":"https:\/\/elegant-moore.212-227-229-181.plesk.page\/pt-pt\/producto\/airfit-n20\/#primaryimage"},"image":{"@id":"https:\/\/elegant-moore.212-227-229-181.plesk.page\/pt-pt\/producto\/airfit-n20\/#primaryimage"},"thumbnailUrl":"https:\/\/elegant-moore.212-227-229-181.plesk.page\/wp-content\/uploads\/2021\/04\/n20-pt.png","datePublished":"2021-04-23T10:12:49+00:00","dateModified":"2025-11-12T11:15:15+00:00","description":"A m\u00e1scara AirFit N20 da ResMed ajusta-se facilmente a v\u00e1rios tipos de rosto e facilita os movimentos, gra\u00e7as \u00e0 almofada de silicone InfinitySeal\u2122","breadcrumb":{"@id":"https:\/\/elegant-moore.212-227-229-181.plesk.page\/pt-pt\/producto\/airfit-n20\/#breadcrumb"},"inLanguage":"pt-PT","potentialAction":[{"@type":"ReadAction","target":["https:\/\/elegant-moore.212-227-229-181.plesk.page\/pt-pt\/producto\/airfit-n20\/"]}]},{"@type":"ImageObject","inLanguage":"pt-PT","@id":"https:\/\/elegant-moore.212-227-229-181.plesk.page\/pt-pt\/producto\/airfit-n20\/#primaryimage","url":"https:\/\/elegant-moore.212-227-229-181.plesk.page\/wp-content\/uploads\/2021\/04\/n20-pt.png","contentUrl":"https:\/\/elegant-moore.212-227-229-181.plesk.page\/wp-content\/uploads\/2021\/04\/n20-pt.png","width":500,"height":500,"caption":"Airfit N20 M\u00e1scara nasal"},{"@type":"BreadcrumbList","@id":"https:\/\/elegant-moore.212-227-229-181.plesk.page\/pt-pt\/producto\/airfit-n20\/#breadcrumb","itemListElement":[{"@type":"ListItem","position":1,"name":"In\u00edcio","item":"https:\/\/elegant-moore.212-227-229-181.plesk.page\/"},{"@type":"ListItem","position":2,"name":"LOJA","item":"https:\/\/elegant-moore.212-227-229-181.plesk.page\/tienda\/"},{"@type":"ListItem","position":3,"name":"Apnea del Sue\u00f1o","item":"https:\/\/elegant-moore.212-227-229-181.plesk.page\/categoria-producto\/apnea-del-sueno\/"},{"@type":"ListItem","position":4,"name":"Mascarillas","item":"https:\/\/elegant-moore.212-227-229-181.plesk.page\/categoria-producto\/apnea-del-sueno\/mascarillas\/"},{"@type":"ListItem","position":5,"name":"Mascarillas Nasales","item":"https:\/\/elegant-moore.212-227-229-181.plesk.page\/categoria-producto\/apnea-del-sueno\/mascarillas\/mascarillas-nasales\/"},{"@type":"ListItem","position":6,"name":"Airfit N20, m\u00e1scara nasal CPAP ResMed"}]},{"@type":"WebSite","@id":"https:\/\/elegant-moore.212-227-229-181.plesk.page\/#website","url":"https:\/\/elegant-moore.212-227-229-181.plesk.page\/","name":"TerapiaCPAP Portugal","description":"Tratamiento de Apnea do sono Portugal","publisher":{"@id":"https:\/\/elegant-moore.212-227-229-181.plesk.page\/#organization"},"alternateName":"TerapiaCPAP Portugal","potentialAction":[{"@type":"SearchAction","target":{"@type":"EntryPoint","urlTemplate":"https:\/\/elegant-moore.212-227-229-181.plesk.page\/?s={search_term_string}"},"query-input":{"@type":"PropertyValueSpecification","valueRequired":true,"valueName":"search_term_string"}}],"inLanguage":"pt-PT"},{"@type":"Organization","@id":"https:\/\/elegant-moore.212-227-229-181.plesk.page\/#organization","name":"TerapiaCPAP Portugal","alternateName":"TerapiaCPAP Portugal","url":"https:\/\/elegant-moore.212-227-229-181.plesk.page\/","logo":{"@type":"ImageObject","inLanguage":"pt-PT","@id":"https:\/\/elegant-moore.212-227-229-181.plesk.page\/#\/schema\/logo\/image\/","url":"https:\/\/www.terapiacpap.pt\/wp-content\/uploads\/2021\/03\/logo-TERAPIACPAP.png","contentUrl":"https:\/\/www.terapiacpap.pt\/wp-content\/uploads\/2021\/03\/logo-TERAPIACPAP.png","width":1734,"height":521,"caption":"TerapiaCPAP Portugal"},"image":{"@id":"https:\/\/elegant-moore.212-227-229-181.plesk.page\/#\/schema\/logo\/image\/"},"sameAs":["https:\/\/www.facebook.com\/p\/Terapiacpap-Portugal-100063919488136\/","https:\/\/www.instagram.com\/terapiacpap.pt\/"]}]}},"_links":{"self":[{"href":"https:\/\/elegant-moore.212-227-229-181.plesk.page\/pt-pt\/wp-json\/wp\/v2\/product\/384","targetHints":{"allow":["GET"]}}],"collection":[{"href":"https:\/\/elegant-moore.212-227-229-181.plesk.page\/pt-pt\/wp-json\/wp\/v2\/product"}],"about":[{"href":"https:\/\/elegant-moore.212-227-229-181.plesk.page\/pt-pt\/wp-json\/wp\/v2\/types\/product"}],"replies":[{"embeddable":true,"href":"https:\/\/elegant-moore.212-227-229-181.plesk.page\/pt-pt\/wp-json\/wp\/v2\/comments?post=384"}],"wp:featuredmedia":[{"embeddable":true,"href":"https:\/\/elegant-moore.212-227-229-181.plesk.page\/pt-pt\/wp-json\/wp\/v2\/media\/388"}],"wp:attachment":[{"href":"https:\/\/elegant-moore.212-227-229-181.plesk.page\/pt-pt\/wp-json\/wp\/v2\/media?parent=384"}],"wp:term":[{"taxonomy":"product_brand","embeddable":true,"href":"https:\/\/elegant-moore.212-227-229-181.plesk.page\/pt-pt\/wp-json\/wp\/v2\/product_brand?post=384"},{"taxonomy":"product_cat","embeddable":true,"href":"https:\/\/elegant-moore.212-227-229-181.plesk.page\/pt-pt\/wp-json\/wp\/v2\/product_cat?post=384"},{"taxonomy":"product_tag","embeddable":true,"href":"https:\/\/elegant-moore.212-227-229-181.plesk.page\/pt-pt\/wp-json\/wp\/v2\/product_tag?post=384"}],"curies":[{"name":"wp","href":"https:\/\/api.w.org\/{rel}","templated":true}]}}