{"id":394,"date":"2021-04-23T11:08:57","date_gmt":"2021-04-23T11:08:57","guid":{"rendered":"https:\/\/www.terapiacpap.pt\/?post_type=product&#038;p=394"},"modified":"2026-01-21T22:49:49","modified_gmt":"2026-01-21T22:49:49","slug":"airfit-n30i","status":"publish","type":"product","link":"https:\/\/elegant-moore.212-227-229-181.plesk.page\/pt-pt\/producto\/airfit-n30i\/","title":{"rendered":"AirFit N30i, m\u00e1scara nasal CPAP ResMed"},"content":{"rendered":"<p>AirFit N30i \u00e9 uma m\u00e1scara CPAP nasal da ResMed. Seu design se encaixa no tubo no topo da cabe\u00e7a, permitindo que voc\u00ea durma em qualquer posi\u00e7\u00e3o.<\/p>\n<p>A m\u00e1scara nasal AirFit N30i da ResMed apresenta um design de tubo superior que oferece a liberdade de dormir em qualquer posi\u00e7\u00e3o durante a terapia CPAP.<\/p>\n<p>Seu design minimalista e discreto incorpora um novo conceito de cotovelo, uma almofada de nariz macia e confort\u00e1vel e um arn\u00eas autoajust\u00e1vel que permite que os pacientes se movam enquanto dormem, mantendo um ajuste est\u00e1vel.<\/p>\n<p>O tamanho da m\u00e1scara \u00e9 padr\u00e3o e pode incorporar uma almofada nasal de tamanho pequeno ou m\u00e9dio.<\/p>\n<h2><strong>Principais caracter\u00edsticas da AirFit N30i:<\/strong><\/h2>\n<ul>\n<li>A estrutura SpringFit autoajust\u00e1vel \u00e9 f\u00e1cil de colocar e permanece confortavelmente no lugar a noite toda, mesmo quando voc\u00ea se move durante o sono.<\/li>\n<li>A discreta almofada nasal fica sob o nariz, quase impercept\u00edvel, proporcionando uma terapia eficaz e uma veda\u00e7\u00e3o est\u00e1vel.<\/li>\n<li>O cotovelo simples e sofisticado possui tecnologia de libera\u00e7\u00e3o r\u00e1pida para f\u00e1cil conex\u00e3o e desconex\u00e3o \u00e0 noite e rota\u00e7\u00e3o de 360\u00b0, para maior liberdade de movimento.<\/li>\n<\/ul>\n<p><strong>Existem dois pacotes iniciais<\/strong>, cada um fornecido com 1 estrutura e 2 almofadas, conforme segue:<\/p>\n<ul>\n<li>SMALL (Pacote inicial pequeno): 1 estrutura pequena, 1 almofada pequena.<\/li>\n<li>STD (Pacote inicial padr\u00e3o): 1 estrutura padr\u00e3o, 1 almofada m\u00e9dia.<\/li>\n<\/ul>\n<p><strong>Observe<\/strong>: o quadro padr\u00e3o \u00e9 maior que o quadro menor. Duas almofadas adicionais podem ser encomendadas como pe\u00e7as de reposi\u00e7\u00e3o:<\/p>\n<ul>\n<li>Almofada larga pequena (tamanho SW): para narizes pequenos e chatos<\/li>\n<li>Almofada larga (tamanho W): para narizes grandes e chatos<\/li>\n<\/ul>\n","protected":false},"excerpt":{"rendered":"<ul>\n<li style=\"font-weight: 400;\" aria-level=\"1\"><span style=\"font-weight: 400;\">M\u00e1scara de nariz de design de tubo no topo da cabe\u00e7a<\/span><\/li>\n<li style=\"font-weight: 400;\" aria-level=\"1\"><span style=\"font-weight: 400;\">Ajuda a dormir em qualquer posi\u00e7\u00e3o<\/span><\/li>\n<li style=\"font-weight: 400;\" aria-level=\"1\"><span style=\"font-weight: 400;\">Mais liberdade de movimento<\/span><\/li>\n<li style=\"font-weight: 400;\" aria-level=\"1\"><span style=\"font-weight: 400;\">Arn\u00eas auto-ajust\u00e1vel<\/span><\/li>\n<\/ul>\n","protected":false},"featured_media":5921,"comment_status":"open","ping_status":"closed","template":"","meta":{"_acf_changed":false},"product_brand":[],"product_cat":[18,24],"product_tag":[39],"class_list":{"0":"post-394","1":"product","2":"type-product","3":"status-publish","4":"has-post-thumbnail","6":"product_cat-mascaras","7":"product_cat-mascaras-nasais","8":"product_tag-resmed","10":"first","11":"instock","12":"taxable","13":"shipping-taxable","14":"purchasable","15":"product-type-variable","16":"has-default-attributes"},"acf":[],"yoast_head":"<!-- This site is optimized with the Yoast SEO plugin v27.0 - https:\/\/yoast.com\/product\/yoast-seo-wordpress\/ -->\n<title>M\u00e1scara nasal AirFit N30i da ResMed - Terapia CPAP Portugal<\/title>\n<meta name=\"description\" content=\"A m\u00e1scara nasal AirFit N30i da ResMed proporciona a liberdade de dormir em qualquer posi\u00e7\u00e3o e permite aos pacientes aproximarem-se ao seus parceiros.\" \/>\n<meta name=\"robots\" content=\"index, follow, max-snippet:-1, max-image-preview:large, max-video-preview:-1\" \/>\n<link rel=\"canonical\" href=\"https:\/\/elegant-moore.212-227-229-181.plesk.page\/pt-pt\/producto\/airfit-n30i\/\" \/>\n<meta property=\"og:locale\" content=\"pt_PT\" \/>\n<meta property=\"og:type\" content=\"article\" \/>\n<meta property=\"og:title\" content=\"M\u00e1scara nasal AirFit N30i da ResMed - Terapia CPAP Portugal\" \/>\n<meta property=\"og:description\" content=\"A m\u00e1scara nasal AirFit N30i da ResMed proporciona a liberdade de dormir em qualquer posi\u00e7\u00e3o e permite aos pacientes aproximarem-se ao seus parceiros.\" \/>\n<meta property=\"og:url\" content=\"https:\/\/elegant-moore.212-227-229-181.plesk.page\/pt-pt\/producto\/airfit-n30i\/\" \/>\n<meta property=\"og:site_name\" content=\"Terapia CPAP Portugal\" \/>\n<meta property=\"article:publisher\" content=\"https:\/\/www.facebook.com\/p\/Terapiacpap-Portugal-100063919488136\/\" \/>\n<meta property=\"article:modified_time\" content=\"2026-01-21T22:49:49+00:00\" \/>\n<meta property=\"og:image\" content=\"https:\/\/elegant-moore.212-227-229-181.plesk.page\/wp-content\/uploads\/2021\/04\/RM-AirFit-N30i-SM-FitPack-Mask-63801-2-e1716472930223.png\" \/>\n\t<meta property=\"og:image:width\" content=\"500\" \/>\n\t<meta property=\"og:image:height\" content=\"500\" \/>\n\t<meta property=\"og:image:type\" content=\"image\/png\" \/>\n<meta name=\"twitter:card\" content=\"summary_large_image\" \/>\n<meta name=\"twitter:label1\" content=\"Tempo estimado de leitura\" \/>\n\t<meta name=\"twitter:data1\" content=\"2 minutos\" \/>\n<!-- \/ Yoast SEO plugin. -->","yoast_head_json":{"title":"M\u00e1scara nasal AirFit N30i da ResMed - Terapia CPAP Portugal","description":"A m\u00e1scara nasal AirFit N30i da ResMed proporciona a liberdade de dormir em qualquer posi\u00e7\u00e3o e permite aos pacientes aproximarem-se ao seus parceiros.","robots":{"index":"index","follow":"follow","max-snippet":"max-snippet:-1","max-image-preview":"max-image-preview:large","max-video-preview":"max-video-preview:-1"},"canonical":"https:\/\/elegant-moore.212-227-229-181.plesk.page\/pt-pt\/producto\/airfit-n30i\/","og_locale":"pt_PT","og_type":"article","og_title":"M\u00e1scara nasal AirFit N30i da ResMed - Terapia CPAP Portugal","og_description":"A m\u00e1scara nasal AirFit N30i da ResMed proporciona a liberdade de dormir em qualquer posi\u00e7\u00e3o e permite aos pacientes aproximarem-se ao seus parceiros.","og_url":"https:\/\/elegant-moore.212-227-229-181.plesk.page\/pt-pt\/producto\/airfit-n30i\/","og_site_name":"Terapia CPAP Portugal","article_publisher":"https:\/\/www.facebook.com\/p\/Terapiacpap-Portugal-100063919488136\/","article_modified_time":"2026-01-21T22:49:49+00:00","og_image":[{"width":500,"height":500,"url":"https:\/\/elegant-moore.212-227-229-181.plesk.page\/wp-content\/uploads\/2021\/04\/RM-AirFit-N30i-SM-FitPack-Mask-63801-2-e1716472930223.png","type":"image\/png"}],"twitter_card":"summary_large_image","twitter_misc":{"Tempo estimado de leitura":"2 minutos"},"schema":{"@context":"https:\/\/schema.org","@graph":[{"@type":"WebPage","@id":"https:\/\/elegant-moore.212-227-229-181.plesk.page\/pt-pt\/producto\/airfit-n30i\/","url":"https:\/\/elegant-moore.212-227-229-181.plesk.page\/pt-pt\/producto\/airfit-n30i\/","name":"M\u00e1scara nasal AirFit N30i da ResMed - Terapia CPAP Portugal","isPartOf":{"@id":"https:\/\/elegant-moore.212-227-229-181.plesk.page\/#website"},"primaryImageOfPage":{"@id":"https:\/\/elegant-moore.212-227-229-181.plesk.page\/pt-pt\/producto\/airfit-n30i\/#primaryimage"},"image":{"@id":"https:\/\/elegant-moore.212-227-229-181.plesk.page\/pt-pt\/producto\/airfit-n30i\/#primaryimage"},"thumbnailUrl":"https:\/\/elegant-moore.212-227-229-181.plesk.page\/wp-content\/uploads\/2021\/04\/RM-AirFit-N30i-SM-FitPack-Mask-63801-2-e1716472930223.png","datePublished":"2021-04-23T11:08:57+00:00","dateModified":"2026-01-21T22:49:49+00:00","description":"A m\u00e1scara nasal AirFit N30i da ResMed proporciona a liberdade de dormir em qualquer posi\u00e7\u00e3o e permite aos pacientes aproximarem-se ao seus parceiros.","breadcrumb":{"@id":"https:\/\/elegant-moore.212-227-229-181.plesk.page\/pt-pt\/producto\/airfit-n30i\/#breadcrumb"},"inLanguage":"pt-PT","potentialAction":[{"@type":"ReadAction","target":["https:\/\/elegant-moore.212-227-229-181.plesk.page\/pt-pt\/producto\/airfit-n30i\/"]}]},{"@type":"ImageObject","inLanguage":"pt-PT","@id":"https:\/\/elegant-moore.212-227-229-181.plesk.page\/pt-pt\/producto\/airfit-n30i\/#primaryimage","url":"https:\/\/elegant-moore.212-227-229-181.plesk.page\/wp-content\/uploads\/2021\/04\/RM-AirFit-N30i-SM-FitPack-Mask-63801-2-e1716472930223.png","contentUrl":"https:\/\/elegant-moore.212-227-229-181.plesk.page\/wp-content\/uploads\/2021\/04\/RM-AirFit-N30i-SM-FitPack-Mask-63801-2-e1716472930223.png","width":500,"height":500},{"@type":"BreadcrumbList","@id":"https:\/\/elegant-moore.212-227-229-181.plesk.page\/pt-pt\/producto\/airfit-n30i\/#breadcrumb","itemListElement":[{"@type":"ListItem","position":1,"name":"In\u00edcio","item":"https:\/\/elegant-moore.212-227-229-181.plesk.page\/"},{"@type":"ListItem","position":2,"name":"LOJA","item":"https:\/\/elegant-moore.212-227-229-181.plesk.page\/tienda\/"},{"@type":"ListItem","position":3,"name":"Apneia de sonho","item":"https:\/\/elegant-moore.212-227-229-181.plesk.page\/pt-pt\/categoria-producto\/apneia-de-sonho\/"},{"@type":"ListItem","position":4,"name":"Mascarillas","item":"https:\/\/elegant-moore.212-227-229-181.plesk.page\/categoria-producto\/apnea-del-sueno\/mascarillas\/"},{"@type":"ListItem","position":5,"name":"Mascarillas Nasales","item":"https:\/\/elegant-moore.212-227-229-181.plesk.page\/categoria-producto\/apnea-del-sueno\/mascarillas\/mascarillas-nasales\/"},{"@type":"ListItem","position":6,"name":"AirFit N30i, m\u00e1scara nasal CPAP ResMed"}]},{"@type":"WebSite","@id":"https:\/\/elegant-moore.212-227-229-181.plesk.page\/#website","url":"https:\/\/elegant-moore.212-227-229-181.plesk.page\/","name":"TerapiaCPAP Portugal","description":"Tratamiento de Apnea do sono Portugal","publisher":{"@id":"https:\/\/elegant-moore.212-227-229-181.plesk.page\/#organization"},"alternateName":"TerapiaCPAP Portugal","potentialAction":[{"@type":"SearchAction","target":{"@type":"EntryPoint","urlTemplate":"https:\/\/elegant-moore.212-227-229-181.plesk.page\/?s={search_term_string}"},"query-input":{"@type":"PropertyValueSpecification","valueRequired":true,"valueName":"search_term_string"}}],"inLanguage":"pt-PT"},{"@type":"Organization","@id":"https:\/\/elegant-moore.212-227-229-181.plesk.page\/#organization","name":"TerapiaCPAP Portugal","alternateName":"TerapiaCPAP Portugal","url":"https:\/\/elegant-moore.212-227-229-181.plesk.page\/","logo":{"@type":"ImageObject","inLanguage":"pt-PT","@id":"https:\/\/elegant-moore.212-227-229-181.plesk.page\/#\/schema\/logo\/image\/","url":"https:\/\/www.terapiacpap.pt\/wp-content\/uploads\/2021\/03\/logo-TERAPIACPAP.png","contentUrl":"https:\/\/www.terapiacpap.pt\/wp-content\/uploads\/2021\/03\/logo-TERAPIACPAP.png","width":1734,"height":521,"caption":"TerapiaCPAP Portugal"},"image":{"@id":"https:\/\/elegant-moore.212-227-229-181.plesk.page\/#\/schema\/logo\/image\/"},"sameAs":["https:\/\/www.facebook.com\/p\/Terapiacpap-Portugal-100063919488136\/","https:\/\/www.instagram.com\/terapiacpap.pt\/"]}]}},"_links":{"self":[{"href":"https:\/\/elegant-moore.212-227-229-181.plesk.page\/pt-pt\/wp-json\/wp\/v2\/product\/394","targetHints":{"allow":["GET"]}}],"collection":[{"href":"https:\/\/elegant-moore.212-227-229-181.plesk.page\/pt-pt\/wp-json\/wp\/v2\/product"}],"about":[{"href":"https:\/\/elegant-moore.212-227-229-181.plesk.page\/pt-pt\/wp-json\/wp\/v2\/types\/product"}],"replies":[{"embeddable":true,"href":"https:\/\/elegant-moore.212-227-229-181.plesk.page\/pt-pt\/wp-json\/wp\/v2\/comments?post=394"}],"wp:featuredmedia":[{"embeddable":true,"href":"https:\/\/elegant-moore.212-227-229-181.plesk.page\/pt-pt\/wp-json\/wp\/v2\/media\/5921"}],"wp:attachment":[{"href":"https:\/\/elegant-moore.212-227-229-181.plesk.page\/pt-pt\/wp-json\/wp\/v2\/media?parent=394"}],"wp:term":[{"taxonomy":"product_brand","embeddable":true,"href":"https:\/\/elegant-moore.212-227-229-181.plesk.page\/pt-pt\/wp-json\/wp\/v2\/product_brand?post=394"},{"taxonomy":"product_cat","embeddable":true,"href":"https:\/\/elegant-moore.212-227-229-181.plesk.page\/pt-pt\/wp-json\/wp\/v2\/product_cat?post=394"},{"taxonomy":"product_tag","embeddable":true,"href":"https:\/\/elegant-moore.212-227-229-181.plesk.page\/pt-pt\/wp-json\/wp\/v2\/product_tag?post=394"}],"curies":[{"name":"wp","href":"https:\/\/api.w.org\/{rel}","templated":true}]}}