{"id":4361,"date":"2023-07-12T10:49:43","date_gmt":"2023-07-12T10:49:43","guid":{"rendered":"https:\/\/www.terapiacpap.pt\/?post_type=product&#038;p=4361"},"modified":"2026-03-24T22:50:06","modified_gmt":"2026-03-24T22:50:06","slug":"mascara-nasal-philips-dreamwisp","status":"publish","type":"product","link":"https:\/\/elegant-moore.212-227-229-181.plesk.page\/pt-pt\/producto\/mascara-nasal-philips-dreamwisp\/","title":{"rendered":"M\u00e1scara nasal Philips DreamWisp"},"content":{"rendered":"<p><strong data-start=\"53\" data-end=\"88\">M\u00e1scara nasal Philips DreamWisp<\/strong><br data-start=\"88\" data-end=\"91\" \/>M\u00e1scara de contacto m\u00ednimo com liga\u00e7\u00e3o do tubo na parte superior da cabe\u00e7a, permitindo dormir confortavelmente em qualquer posi\u00e7\u00e3o. Arn\u00eas minimalista para menos marcas no rosto e maior campo de vis\u00e3o. Fixa\u00e7\u00e3o por clipe magn\u00e9tico que facilita o ajuste. Almofada de contacto m\u00ednimo com veda\u00e7\u00e3o m\u00e1xima para maior conforto.<\/p>\n<h3>Como escolher o tamanho correto?<\/h3>\n<p>A melhor m\u00e1scara para si \u00e9 a mais pequena, que passa por cima dos bordos do nariz sem bloquear as narinas. A m\u00e1scara deve ajustar-se entre a ponte e a parte superior do nariz. Como a almofada fica mais perto do nariz do que qualquer outra m\u00e1scara que tenha usado, pode notar uma sensa\u00e7\u00e3o diferente de fluxo de ar. Aumente o tamanho da m\u00e1scara se sentir que n\u00e3o est\u00e1 a receber fluxo de ar suficiente.<\/p>\n<p>A arma\u00e7\u00e3o de silicone n\u00e3o deve inclinar-se para tr\u00e1s em dire\u00e7\u00e3o \u00e0s orelhas. Se isso acontecer, pode ser necess\u00e1rio um conetor de tamanho mais pequeno. A arma\u00e7\u00e3o de silicone n\u00e3o deve cair na dire\u00e7\u00e3o dos olhos. Se isso acontecer, pode ser necess\u00e1rio um conetor de tamanho grande.<\/p>\n<p>*Em todas as op\u00e7\u00f5es, o arn\u00eas \u00e9 do tamanho M.<\/p>\n<p>*S\u00f3 a op\u00e7\u00e3o Pack inclui tr\u00eas almofadas.<\/p>\n<p>&nbsp;<\/p>\n","protected":false},"excerpt":{"rendered":"<p data-start=\"92\" data-end=\"177\"><strong data-start=\"92\" data-end=\"177\">M\u00e1scara nasal Philips DreamWisp \u2013 Durma confortavelmente, seja qual for a posi\u00e7\u00e3o<\/strong><\/p>\n<p data-start=\"179\" data-end=\"570\">M\u00e1scara nasal de contacto m\u00ednimo para dormir livre e confortavelmente em qualquer posi\u00e7\u00e3o. O DreamWisp foi criado para o ajudar a dormir de forma confort\u00e1vel, mesmo que se mexa muito durante a noite. Combina o design inovador do tubo por cima da cabe\u00e7a do DreamWear com a almofada nasal de contacto m\u00ednimo do Wisp, dando-lhe liberdade para dormir na posi\u00e7\u00e3o que quiser, durante toda a noite.<\/p>\n<p data-start=\"572\" data-end=\"782\">Este design inteligente mant\u00e9m a m\u00e1scara bem ajustada, para que possa descansar sem preocupa\u00e7\u00f5es. E, claro, todos os produtos Philips cumprem as normas legais, para que tenha a qualidade e seguran\u00e7a que merece.<\/p>\n<ul>\n<li data-start=\"598\" data-end=\"685\">\n<p data-start=\"600\" data-end=\"685\">Liga\u00e7\u00e3o com o tubo na parte superior da cabe\u00e7a; permite dormir em qualquer posi\u00e7\u00e3o.<\/p>\n<\/li>\n<li data-start=\"598\" data-end=\"685\">\n<p data-start=\"600\" data-end=\"685\">Arn\u00eas minimalista; menos marcas no rosto e maior campo de vis\u00e3o.<\/p>\n<\/li>\n<li data-start=\"755\" data-end=\"860\">\n<p data-start=\"757\" data-end=\"860\">Fixa\u00e7o por clipe magn\u00e9tico; facilita o ajuste, especialmente para quem tem dificuldades de destreza.<\/p>\n<\/li>\n<li data-start=\"861\" data-end=\"944\">\n<p data-start=\"863\" data-end=\"944\">Almofada de contacto m\u00ednimo com veda\u00e7\u00e3o m\u00e1xima para o m\u00e1ximo conforto e efic\u00e1cia.<\/p>\n<\/li>\n<\/ul>\n<p><a href=\"https:\/\/www.terapiacpap.pt\/wp-content\/uploads\/2023\/05\/2-b-_-FSNs-DME-OUS-21NOV22.pdf\">Nota\u00a0sobre seguran\u00e7a do paciente<\/a><\/p>\n<p>&nbsp;<\/p>\n","protected":false},"featured_media":6496,"comment_status":"open","ping_status":"closed","template":"","meta":{"_acf_changed":false},"product_brand":[363],"product_cat":[18,24],"product_tag":[371,373,366,374,367,368,364,370,365,369,372],"class_list":{"0":"post-4361","1":"product","2":"type-product","3":"status-publish","4":"has-post-thumbnail","6":"product_brand-philips","7":"product_cat-mascaras","8":"product_cat-mascaras-nasais","9":"product_tag-arnes-minimalista","10":"product_tag-clip-magnetico","11":"product_tag-cpap","12":"product_tag-equipamento-para-sono","13":"product_tag-mascara-cpap","14":"product_tag-mascara-de-contacto-minimo","15":"product_tag-mascara-nasal","16":"product_tag-mascara-para-apneia","17":"product_tag-philips-dreamwisp","18":"product_tag-sono-confortavel","19":"product_tag-sono-em-qualquer-posicao","21":"first","22":"instock","23":"taxable","24":"shipping-taxable","25":"purchasable","26":"product-type-variable"},"acf":[],"yoast_head":"<!-- This site is optimized with the Yoast SEO plugin v27.0 - https:\/\/yoast.com\/product\/yoast-seo-wordpress\/ -->\n<title>M\u00e1scara nasal Philips DreamWisp - Terapia CPAP Portugal<\/title>\n<meta name=\"description\" content=\"M\u00e1scara nasal Philips DreamWisp: conforto e liberdade para dormir em qualquer posi\u00e7\u00e3o, com arn\u00eas minimalista e almofada de contacto m\u00ednimo.\" \/>\n<meta name=\"robots\" content=\"index, follow, max-snippet:-1, max-image-preview:large, max-video-preview:-1\" \/>\n<link rel=\"canonical\" href=\"https:\/\/elegant-moore.212-227-229-181.plesk.page\/?post_type=product&p=105570\" \/>\n<meta property=\"og:locale\" content=\"pt_PT\" \/>\n<meta property=\"og:type\" content=\"article\" \/>\n<meta property=\"og:title\" content=\"M\u00e1scara nasal Philips DreamWisp - Terapia CPAP Portugal\" \/>\n<meta property=\"og:description\" content=\"M\u00e1scara nasal Philips DreamWisp: conforto e liberdade para dormir em qualquer posi\u00e7\u00e3o, com arn\u00eas minimalista e almofada de contacto m\u00ednimo.\" \/>\n<meta property=\"og:url\" content=\"https:\/\/elegant-moore.212-227-229-181.plesk.page\/?post_type=product&amp;p=105570\" \/>\n<meta property=\"og:site_name\" content=\"Terapia CPAP Portugal\" \/>\n<meta property=\"article:publisher\" content=\"https:\/\/www.facebook.com\/p\/Terapiacpap-Portugal-100063919488136\/\" \/>\n<meta property=\"article:modified_time\" content=\"2026-03-24T22:50:06+00:00\" \/>\n<meta property=\"og:image\" content=\"https:\/\/elegant-moore.212-227-229-181.plesk.page\/wp-content\/uploads\/2023\/07\/Pack-Arnes-S-1.png\" \/>\n\t<meta property=\"og:image:width\" content=\"1080\" \/>\n\t<meta property=\"og:image:height\" content=\"1080\" \/>\n\t<meta property=\"og:image:type\" content=\"image\/png\" \/>\n<meta name=\"twitter:card\" content=\"summary_large_image\" \/>\n<meta name=\"twitter:label1\" content=\"Tempo estimado de leitura\" \/>\n\t<meta name=\"twitter:data1\" content=\"2 minutos\" \/>\n<!-- \/ Yoast SEO plugin. -->","yoast_head_json":{"title":"M\u00e1scara nasal Philips DreamWisp - Terapia CPAP Portugal","description":"M\u00e1scara nasal Philips DreamWisp: conforto e liberdade para dormir em qualquer posi\u00e7\u00e3o, com arn\u00eas minimalista e almofada de contacto m\u00ednimo.","robots":{"index":"index","follow":"follow","max-snippet":"max-snippet:-1","max-image-preview":"max-image-preview:large","max-video-preview":"max-video-preview:-1"},"canonical":"https:\/\/elegant-moore.212-227-229-181.plesk.page\/?post_type=product&p=105570","og_locale":"pt_PT","og_type":"article","og_title":"M\u00e1scara nasal Philips DreamWisp - Terapia CPAP Portugal","og_description":"M\u00e1scara nasal Philips DreamWisp: conforto e liberdade para dormir em qualquer posi\u00e7\u00e3o, com arn\u00eas minimalista e almofada de contacto m\u00ednimo.","og_url":"https:\/\/elegant-moore.212-227-229-181.plesk.page\/?post_type=product&p=105570","og_site_name":"Terapia CPAP Portugal","article_publisher":"https:\/\/www.facebook.com\/p\/Terapiacpap-Portugal-100063919488136\/","article_modified_time":"2026-03-24T22:50:06+00:00","og_image":[{"width":1080,"height":1080,"url":"https:\/\/elegant-moore.212-227-229-181.plesk.page\/wp-content\/uploads\/2023\/07\/Pack-Arnes-S-1.png","type":"image\/png"}],"twitter_card":"summary_large_image","twitter_misc":{"Tempo estimado de leitura":"2 minutos"},"schema":{"@context":"https:\/\/schema.org","@graph":[{"@type":"WebPage","@id":"https:\/\/elegant-moore.212-227-229-181.plesk.page\/?post_type=product&p=105570","url":"https:\/\/elegant-moore.212-227-229-181.plesk.page\/?post_type=product&p=105570","name":"M\u00e1scara nasal Philips DreamWisp - Terapia CPAP Portugal","isPartOf":{"@id":"https:\/\/elegant-moore.212-227-229-181.plesk.page\/#website"},"primaryImageOfPage":{"@id":"https:\/\/elegant-moore.212-227-229-181.plesk.page\/?post_type=product&p=105570#primaryimage"},"image":{"@id":"https:\/\/elegant-moore.212-227-229-181.plesk.page\/?post_type=product&p=105570#primaryimage"},"thumbnailUrl":"https:\/\/elegant-moore.212-227-229-181.plesk.page\/wp-content\/uploads\/2023\/07\/Pack-Arnes-S-1.png","datePublished":"2023-07-12T10:49:43+00:00","dateModified":"2026-03-24T22:50:06+00:00","description":"M\u00e1scara nasal Philips DreamWisp: conforto e liberdade para dormir em qualquer posi\u00e7\u00e3o, com arn\u00eas minimalista e almofada de contacto m\u00ednimo.","breadcrumb":{"@id":"https:\/\/elegant-moore.212-227-229-181.plesk.page\/?post_type=product&p=105570#breadcrumb"},"inLanguage":"pt-PT","potentialAction":[{"@type":"ReadAction","target":["https:\/\/elegant-moore.212-227-229-181.plesk.page\/?post_type=product&p=105570"]}]},{"@type":"ImageObject","inLanguage":"pt-PT","@id":"https:\/\/elegant-moore.212-227-229-181.plesk.page\/?post_type=product&p=105570#primaryimage","url":"https:\/\/elegant-moore.212-227-229-181.plesk.page\/wp-content\/uploads\/2023\/07\/Pack-Arnes-S-1.png","contentUrl":"https:\/\/elegant-moore.212-227-229-181.plesk.page\/wp-content\/uploads\/2023\/07\/Pack-Arnes-S-1.png","width":1080,"height":1080},{"@type":"BreadcrumbList","@id":"https:\/\/elegant-moore.212-227-229-181.plesk.page\/?post_type=product&p=105570#breadcrumb","itemListElement":[{"@type":"ListItem","position":1,"name":"In\u00edcio","item":"https:\/\/elegant-moore.212-227-229-181.plesk.page\/"},{"@type":"ListItem","position":2,"name":"LOJA","item":"https:\/\/elegant-moore.212-227-229-181.plesk.page\/tienda\/"},{"@type":"ListItem","position":3,"name":"Apnea del Sue\u00f1o","item":"https:\/\/elegant-moore.212-227-229-181.plesk.page\/categoria-producto\/apnea-del-sueno\/"},{"@type":"ListItem","position":4,"name":"Mascarillas","item":"https:\/\/elegant-moore.212-227-229-181.plesk.page\/categoria-producto\/apnea-del-sueno\/mascarillas\/"},{"@type":"ListItem","position":5,"name":"Mascarillas Nasales","item":"https:\/\/elegant-moore.212-227-229-181.plesk.page\/categoria-producto\/apnea-del-sueno\/mascarillas\/mascarillas-nasales\/"},{"@type":"ListItem","position":6,"name":"M\u00e1scara nasal Philips DreamWisp"}]},{"@type":"WebSite","@id":"https:\/\/elegant-moore.212-227-229-181.plesk.page\/#website","url":"https:\/\/elegant-moore.212-227-229-181.plesk.page\/","name":"TerapiaCPAP Portugal","description":"Tratamiento de Apnea do sono Portugal","publisher":{"@id":"https:\/\/elegant-moore.212-227-229-181.plesk.page\/#organization"},"alternateName":"TerapiaCPAP Portugal","potentialAction":[{"@type":"SearchAction","target":{"@type":"EntryPoint","urlTemplate":"https:\/\/elegant-moore.212-227-229-181.plesk.page\/?s={search_term_string}"},"query-input":{"@type":"PropertyValueSpecification","valueRequired":true,"valueName":"search_term_string"}}],"inLanguage":"pt-PT"},{"@type":"Organization","@id":"https:\/\/elegant-moore.212-227-229-181.plesk.page\/#organization","name":"TerapiaCPAP Portugal","alternateName":"TerapiaCPAP Portugal","url":"https:\/\/elegant-moore.212-227-229-181.plesk.page\/","logo":{"@type":"ImageObject","inLanguage":"pt-PT","@id":"https:\/\/elegant-moore.212-227-229-181.plesk.page\/#\/schema\/logo\/image\/","url":"https:\/\/www.terapiacpap.pt\/wp-content\/uploads\/2021\/03\/logo-TERAPIACPAP.png","contentUrl":"https:\/\/www.terapiacpap.pt\/wp-content\/uploads\/2021\/03\/logo-TERAPIACPAP.png","width":1734,"height":521,"caption":"TerapiaCPAP Portugal"},"image":{"@id":"https:\/\/elegant-moore.212-227-229-181.plesk.page\/#\/schema\/logo\/image\/"},"sameAs":["https:\/\/www.facebook.com\/p\/Terapiacpap-Portugal-100063919488136\/","https:\/\/www.instagram.com\/terapiacpap.pt\/"]}]}},"_links":{"self":[{"href":"https:\/\/elegant-moore.212-227-229-181.plesk.page\/pt-pt\/wp-json\/wp\/v2\/product\/4361","targetHints":{"allow":["GET"]}}],"collection":[{"href":"https:\/\/elegant-moore.212-227-229-181.plesk.page\/pt-pt\/wp-json\/wp\/v2\/product"}],"about":[{"href":"https:\/\/elegant-moore.212-227-229-181.plesk.page\/pt-pt\/wp-json\/wp\/v2\/types\/product"}],"replies":[{"embeddable":true,"href":"https:\/\/elegant-moore.212-227-229-181.plesk.page\/pt-pt\/wp-json\/wp\/v2\/comments?post=4361"}],"wp:featuredmedia":[{"embeddable":true,"href":"https:\/\/elegant-moore.212-227-229-181.plesk.page\/pt-pt\/wp-json\/wp\/v2\/media\/6496"}],"wp:attachment":[{"href":"https:\/\/elegant-moore.212-227-229-181.plesk.page\/pt-pt\/wp-json\/wp\/v2\/media?parent=4361"}],"wp:term":[{"taxonomy":"product_brand","embeddable":true,"href":"https:\/\/elegant-moore.212-227-229-181.plesk.page\/pt-pt\/wp-json\/wp\/v2\/product_brand?post=4361"},{"taxonomy":"product_cat","embeddable":true,"href":"https:\/\/elegant-moore.212-227-229-181.plesk.page\/pt-pt\/wp-json\/wp\/v2\/product_cat?post=4361"},{"taxonomy":"product_tag","embeddable":true,"href":"https:\/\/elegant-moore.212-227-229-181.plesk.page\/pt-pt\/wp-json\/wp\/v2\/product_tag?post=4361"}],"curies":[{"name":"wp","href":"https:\/\/api.w.org\/{rel}","templated":true}]}}