{"id":4645,"date":"2023-10-06T09:41:36","date_gmt":"2023-10-06T09:41:36","guid":{"rendered":"https:\/\/www.terapiacpap.pt\/?post_type=product&#038;p=4645"},"modified":"2025-05-14T07:19:29","modified_gmt":"2025-05-14T07:19:29","slug":"pari-pep-s-system","status":"publish","type":"product","link":"https:\/\/elegant-moore.212-227-229-181.plesk.page\/pt-pt\/producto\/pari-pep-s-system\/","title":{"rendered":"PARI PEP S-System"},"content":{"rendered":"<p>Mobiliza as secre\u00e7\u00f5es e simplifica a expetora\u00e7\u00e3o.<br \/>\nEstabiliza\u00e7\u00e3o das vias respirat\u00f3rias atrav\u00e9s de uma resist\u00eancia \u00e0 expira\u00e7\u00e3o regul\u00e1vel individualmente: contraria o colapso dos br\u00f4nquios.<br \/>\nMan\u00f3metro para a regula\u00e7\u00e3o da resist\u00eancia \u00e0 expira\u00e7\u00e3o e para a monitoriza\u00e7\u00e3o durante a terapia PEP (PARI PEP System II).<br \/>\nTamb\u00e9m pode ser utilizado em fisioterapia sem nebulizador.<\/p>\n","protected":false},"excerpt":{"rendered":"<p>Combina\u00e7\u00e3o de terapia f\u00edsica e de inala\u00e7\u00e3o que poupa tempo.<br \/>\nOs sistemas PARI PEP tamb\u00e9m podem ser utilizados como um complemento ao tratamento m\u00e9dico para aliviar os seus sintomas, como a tosse ou a falta de ar, de uma forma fisiol\u00f3gica.<\/p>\n","protected":false},"featured_media":4646,"comment_status":"open","ping_status":"closed","template":"","meta":{"_acf_changed":false},"product_brand":[],"product_cat":[195,163,194],"product_tag":[],"class_list":{"0":"post-4645","1":"product","2":"type-product","3":"status-publish","4":"has-post-thumbnail","6":"product_cat-fisioterapia-respiratoria","7":"product_cat-nebulizacao","8":"product_cat-sistemas-pep","10":"first","11":"instock","12":"taxable","13":"shipping-taxable","14":"purchasable","15":"product-type-simple"},"acf":[],"yoast_head":"<!-- This site is optimized with the Yoast SEO plugin v27.0 - https:\/\/yoast.com\/product\/yoast-seo-wordpress\/ -->\n<title>PARI PEP S-System - Terapia CPAP Portugal<\/title>\n<meta name=\"robots\" content=\"index, follow, max-snippet:-1, max-image-preview:large, max-video-preview:-1\" \/>\n<link rel=\"canonical\" href=\"https:\/\/elegant-moore.212-227-229-181.plesk.page\/producto\/pari-pep-s-system\/\" \/>\n<meta property=\"og:locale\" content=\"pt_PT\" \/>\n<meta property=\"og:type\" content=\"article\" \/>\n<meta property=\"og:title\" content=\"PARI PEP S-System - Terapia CPAP Portugal\" \/>\n<meta property=\"og:description\" content=\"Combina\u00e7\u00e3o de terapia f\u00edsica e de inala\u00e7\u00e3o que poupa tempo. Os sistemas PARI PEP tamb\u00e9m podem ser utilizados como um complemento ao tratamento m\u00e9dico para aliviar os seus sintomas, como a tosse ou a falta de ar, de uma forma fisiol\u00f3gica.\" \/>\n<meta property=\"og:url\" content=\"https:\/\/elegant-moore.212-227-229-181.plesk.page\/producto\/pari-pep-s-system\/\" \/>\n<meta property=\"og:site_name\" content=\"Terapia CPAP Portugal\" \/>\n<meta property=\"article:publisher\" content=\"https:\/\/www.facebook.com\/p\/Terapiacpap-Portugal-100063919488136\/\" \/>\n<meta property=\"article:modified_time\" content=\"2025-05-14T07:19:29+00:00\" \/>\n<meta property=\"og:image\" content=\"https:\/\/elegant-moore.212-227-229-181.plesk.page\/wp-content\/uploads\/2023\/09\/18G4000-PARI-PEP-S-System-e1693564649208.jpg\" \/>\n\t<meta property=\"og:image:width\" content=\"500\" \/>\n\t<meta property=\"og:image:height\" content=\"500\" \/>\n\t<meta property=\"og:image:type\" content=\"image\/jpeg\" \/>\n<meta name=\"twitter:card\" content=\"summary_large_image\" \/>\n<meta name=\"twitter:label1\" content=\"Tempo estimado de leitura\" \/>\n\t<meta name=\"twitter:data1\" content=\"1 minuto\" \/>\n<!-- \/ Yoast SEO plugin. -->","yoast_head_json":{"title":"PARI PEP S-System - Terapia CPAP Portugal","robots":{"index":"index","follow":"follow","max-snippet":"max-snippet:-1","max-image-preview":"max-image-preview:large","max-video-preview":"max-video-preview:-1"},"canonical":"https:\/\/elegant-moore.212-227-229-181.plesk.page\/producto\/pari-pep-s-system\/","og_locale":"pt_PT","og_type":"article","og_title":"PARI PEP S-System - Terapia CPAP Portugal","og_description":"Combina\u00e7\u00e3o de terapia f\u00edsica e de inala\u00e7\u00e3o que poupa tempo. Os sistemas PARI PEP tamb\u00e9m podem ser utilizados como um complemento ao tratamento m\u00e9dico para aliviar os seus sintomas, como a tosse ou a falta de ar, de uma forma fisiol\u00f3gica.","og_url":"https:\/\/elegant-moore.212-227-229-181.plesk.page\/producto\/pari-pep-s-system\/","og_site_name":"Terapia CPAP Portugal","article_publisher":"https:\/\/www.facebook.com\/p\/Terapiacpap-Portugal-100063919488136\/","article_modified_time":"2025-05-14T07:19:29+00:00","og_image":[{"width":500,"height":500,"url":"https:\/\/elegant-moore.212-227-229-181.plesk.page\/wp-content\/uploads\/2023\/09\/18G4000-PARI-PEP-S-System-e1693564649208.jpg","type":"image\/jpeg"}],"twitter_card":"summary_large_image","twitter_misc":{"Tempo estimado de leitura":"1 minuto"},"schema":{"@context":"https:\/\/schema.org","@graph":[{"@type":"WebPage","@id":"https:\/\/elegant-moore.212-227-229-181.plesk.page\/producto\/pari-pep-s-system\/","url":"https:\/\/elegant-moore.212-227-229-181.plesk.page\/producto\/pari-pep-s-system\/","name":"PARI PEP S-System - Terapia CPAP Portugal","isPartOf":{"@id":"https:\/\/elegant-moore.212-227-229-181.plesk.page\/#website"},"primaryImageOfPage":{"@id":"https:\/\/elegant-moore.212-227-229-181.plesk.page\/producto\/pari-pep-s-system\/#primaryimage"},"image":{"@id":"https:\/\/elegant-moore.212-227-229-181.plesk.page\/producto\/pari-pep-s-system\/#primaryimage"},"thumbnailUrl":"https:\/\/elegant-moore.212-227-229-181.plesk.page\/wp-content\/uploads\/2023\/09\/18G4000-PARI-PEP-S-System-e1693564649208.jpg","datePublished":"2023-10-06T09:41:36+00:00","dateModified":"2025-05-14T07:19:29+00:00","breadcrumb":{"@id":"https:\/\/elegant-moore.212-227-229-181.plesk.page\/producto\/pari-pep-s-system\/#breadcrumb"},"inLanguage":"pt-PT","potentialAction":[{"@type":"ReadAction","target":["https:\/\/elegant-moore.212-227-229-181.plesk.page\/producto\/pari-pep-s-system\/"]}]},{"@type":"ImageObject","inLanguage":"pt-PT","@id":"https:\/\/elegant-moore.212-227-229-181.plesk.page\/producto\/pari-pep-s-system\/#primaryimage","url":"https:\/\/elegant-moore.212-227-229-181.plesk.page\/wp-content\/uploads\/2023\/09\/18G4000-PARI-PEP-S-System-e1693564649208.jpg","contentUrl":"https:\/\/elegant-moore.212-227-229-181.plesk.page\/wp-content\/uploads\/2023\/09\/18G4000-PARI-PEP-S-System-e1693564649208.jpg","width":500,"height":500},{"@type":"BreadcrumbList","@id":"https:\/\/elegant-moore.212-227-229-181.plesk.page\/producto\/pari-pep-s-system\/#breadcrumb","itemListElement":[{"@type":"ListItem","position":1,"name":"In\u00edcio","item":"https:\/\/elegant-moore.212-227-229-181.plesk.page\/"},{"@type":"ListItem","position":2,"name":"LOJA","item":"https:\/\/elegant-moore.212-227-229-181.plesk.page\/tienda\/"},{"@type":"ListItem","position":3,"name":"Cuidado Respiratorio","item":"https:\/\/elegant-moore.212-227-229-181.plesk.page\/categoria-producto\/cuidado-respiratorio\/"},{"@type":"ListItem","position":4,"name":"Nebuliza\u00e7\u00e3o","item":"https:\/\/elegant-moore.212-227-229-181.plesk.page\/pt-pt\/categoria-producto\/cuidados-respiratorios\/nebulizacao\/"},{"@type":"ListItem","position":5,"name":"PARI PEP S-System"}]},{"@type":"WebSite","@id":"https:\/\/elegant-moore.212-227-229-181.plesk.page\/#website","url":"https:\/\/elegant-moore.212-227-229-181.plesk.page\/","name":"TerapiaCPAP Portugal","description":"Tratamiento de Apnea do sono Portugal","publisher":{"@id":"https:\/\/elegant-moore.212-227-229-181.plesk.page\/#organization"},"alternateName":"TerapiaCPAP Portugal","potentialAction":[{"@type":"SearchAction","target":{"@type":"EntryPoint","urlTemplate":"https:\/\/elegant-moore.212-227-229-181.plesk.page\/?s={search_term_string}"},"query-input":{"@type":"PropertyValueSpecification","valueRequired":true,"valueName":"search_term_string"}}],"inLanguage":"pt-PT"},{"@type":"Organization","@id":"https:\/\/elegant-moore.212-227-229-181.plesk.page\/#organization","name":"TerapiaCPAP Portugal","alternateName":"TerapiaCPAP Portugal","url":"https:\/\/elegant-moore.212-227-229-181.plesk.page\/","logo":{"@type":"ImageObject","inLanguage":"pt-PT","@id":"https:\/\/elegant-moore.212-227-229-181.plesk.page\/#\/schema\/logo\/image\/","url":"https:\/\/www.terapiacpap.pt\/wp-content\/uploads\/2021\/03\/logo-TERAPIACPAP.png","contentUrl":"https:\/\/www.terapiacpap.pt\/wp-content\/uploads\/2021\/03\/logo-TERAPIACPAP.png","width":1734,"height":521,"caption":"TerapiaCPAP Portugal"},"image":{"@id":"https:\/\/elegant-moore.212-227-229-181.plesk.page\/#\/schema\/logo\/image\/"},"sameAs":["https:\/\/www.facebook.com\/p\/Terapiacpap-Portugal-100063919488136\/","https:\/\/www.instagram.com\/terapiacpap.pt\/"]}]}},"_links":{"self":[{"href":"https:\/\/elegant-moore.212-227-229-181.plesk.page\/pt-pt\/wp-json\/wp\/v2\/product\/4645","targetHints":{"allow":["GET"]}}],"collection":[{"href":"https:\/\/elegant-moore.212-227-229-181.plesk.page\/pt-pt\/wp-json\/wp\/v2\/product"}],"about":[{"href":"https:\/\/elegant-moore.212-227-229-181.plesk.page\/pt-pt\/wp-json\/wp\/v2\/types\/product"}],"replies":[{"embeddable":true,"href":"https:\/\/elegant-moore.212-227-229-181.plesk.page\/pt-pt\/wp-json\/wp\/v2\/comments?post=4645"}],"wp:featuredmedia":[{"embeddable":true,"href":"https:\/\/elegant-moore.212-227-229-181.plesk.page\/pt-pt\/wp-json\/wp\/v2\/media\/4646"}],"wp:attachment":[{"href":"https:\/\/elegant-moore.212-227-229-181.plesk.page\/pt-pt\/wp-json\/wp\/v2\/media?parent=4645"}],"wp:term":[{"taxonomy":"product_brand","embeddable":true,"href":"https:\/\/elegant-moore.212-227-229-181.plesk.page\/pt-pt\/wp-json\/wp\/v2\/product_brand?post=4645"},{"taxonomy":"product_cat","embeddable":true,"href":"https:\/\/elegant-moore.212-227-229-181.plesk.page\/pt-pt\/wp-json\/wp\/v2\/product_cat?post=4645"},{"taxonomy":"product_tag","embeddable":true,"href":"https:\/\/elegant-moore.212-227-229-181.plesk.page\/pt-pt\/wp-json\/wp\/v2\/product_tag?post=4645"}],"curies":[{"name":"wp","href":"https:\/\/api.w.org\/{rel}","templated":true}]}}