{"id":515,"date":"2021-05-05T08:14:17","date_gmt":"2021-05-05T08:14:17","guid":{"rendered":"https:\/\/www.terapiacpap.pt\/?post_type=product&#038;p=515"},"modified":"2025-12-05T10:41:20","modified_gmt":"2025-12-05T10:41:20","slug":"humidificacao-humidx-plus-para-airmini","status":"publish","type":"product","link":"https:\/\/elegant-moore.212-227-229-181.plesk.page\/pt-pt\/producto\/humidificacao-humidx-plus-para-airmini\/","title":{"rendered":"ResMed HumidX Plus, humidifica\u00e7\u00e3o para AirMini CPAP"},"content":{"rendered":"<p>A ResMed <b>concebeu<\/b> o <b>HumidX Plus<\/b> como um sistema inovador de humidifica\u00e7\u00e3o port\u00e1til e sem \u00e1gua, exclusivo para o seu equipamento CPAP de viagem <b>AirMini AutoSet<\/b>.<\/p>\n<h3><b>Como Funciona e Porqu\u00ea Oferece Conforto Superior<\/b><\/h3>\n<p>Este cartucho de humidifica\u00e7\u00e3o opera atrav\u00e9s da tecnologia de permuta de calor e humidade (HME). Para instal\u00e1-lo, o utilizador insere-o facilmente entre o conector da m\u00e1scara e o dispositivo AirMini.<\/p>\n<p>O HumidX Plus atua de forma inteligente e eficaz:<\/p>\n<ul>\n<li><b>Capta\u00e7\u00e3o Eficaz:<\/b> O cartucho <b>captura<\/b> o calor e a humidade da sua expira\u00e7\u00e3o.<\/li>\n<li><b>Liberta\u00e7\u00e3o Otimizada:<\/b> Em seguida, o dispositivo <b>liberta-os<\/b> para humidificar o ar durante a inala\u00e7\u00e3o, o que garante um conforto respirat\u00f3rio not\u00e1vel.<\/li>\n<li><b>Maior Capacidade de Humidade:<\/b> Al\u00e9m disso, o modelo HumidX Plus consegue trocar mais humidade do que o HumidX padr\u00e3o. Por isso, <b>recomendamos<\/b> o HumidX Plus especificamente se a humidifica\u00e7\u00e3o do modelo padr\u00e3o n\u00e3o for suficiente.<\/li>\n<\/ul>\n<h3><b>Ideal para Ambientes Extremos<\/b><\/h3>\n<p>Gra\u00e7as \u00e0 sua formula\u00e7\u00e3o avan\u00e7ada, o HumidX Plus <b>adapta-se perfeitamente<\/b> para oferecer uma humidifica\u00e7\u00e3o confort\u00e1vel e eficaz em qualquer tipo de ambiente de sono. Por exemplo, \u00e9 perfeito para:<\/p>\n<ul>\n<li>Climas muito secos.<\/li>\n<li>Ambientes de grande altitude, como o interior de um avi\u00e3o.<\/li>\n<\/ul>\n<h3><b>Utiliza\u00e7\u00e3o e Compatibilidade Essenciais<\/b><\/h3>\n<ul>\n<li><b>Dura\u00e7\u00e3o Efetiva:<\/b> O HumidX Plus mant\u00e9m a sua dura\u00e7\u00e3o efetiva por 30 dias ap\u00f3s o utilizador o retirar da embalagem selada. Note-se que o cartucho come\u00e7a a absorver a humidade do ambiente assim que \u00e9 exposto.<\/li>\n<li><b>Compatibilidade de M\u00e1scaras:<\/b> O HumidX Plus <b>funciona<\/b> com os kits de configura\u00e7\u00e3o AirMini que suportam as m\u00e1scaras AirFit N20, AirTouch N20, AirFit P10 e AirFit N30.<\/li>\n<\/ul>\n<blockquote><p><b>Nota Importante:<\/b> Contudo, <b>utilize este acess\u00f3rio<\/b> apenas com o ResMed AirMini, pois n\u00e3o funciona com outros modelos de CPAP ou m\u00e1scaras faciais (como a s\u00e9rie F20).<\/p><\/blockquote>\n<p><b>Garanta o m\u00e1ximo conforto e ades\u00e3o \u00e0 sua terapia CPAP de viagem, mesmo nos ambientes mais secos, gra\u00e7as ao HumidX Plus.<\/b><\/p>\n","protected":false},"excerpt":{"rendered":"<p>O <strong>HumidX Plus<\/strong> \u00e9 a solu\u00e7\u00e3o de humidifica\u00e7\u00e3o inovadora e sem \u00e1gua que a ResMed desenvolveu especificamente para o seu equipamento de viagem CPAP<strong> AirMini AutoSet<\/strong>. Gra\u00e7as a este pequeno, mas potente, permutador de calor e humidade (HME), o HumidX Plus transforma a sua expira\u00e7\u00e3o e fornece um ar significativamente mais quente e h\u00famido na inala\u00e7\u00e3o.<\/p>\n","protected":false},"featured_media":9103,"comment_status":"open","ping_status":"closed","template":"","meta":{"_acf_changed":false},"product_brand":[296],"product_cat":[15,155,156],"product_tag":[805,806,803,39,804],"class_list":{"0":"post-515","1":"product","2":"type-product","3":"status-publish","4":"has-post-thumbnail","6":"product_brand-resmed","7":"product_cat-accessorios","8":"product_cat-humidificadores","9":"product_cat-viagem","10":"product_tag-filtro-humidificador-cpap","11":"product_tag-humidificacao-airmini","12":"product_tag-humidx-plus","13":"product_tag-resmed","14":"product_tag-resmed-humidx-plus","16":"first","17":"instock","18":"taxable","19":"shipping-taxable","20":"purchasable","21":"product-type-simple"},"acf":[],"yoast_head":"<!-- This site is optimized with the Yoast SEO plugin v27.0 - https:\/\/yoast.com\/product\/yoast-seo-wordpress\/ -->\n<title>Humidifica\u00e7\u00e3o HumidX Plus (AirMini) - Terapia CPAP Portugal<\/title>\n<meta name=\"description\" content=\"O HumidX Plus \u00e9 um pequeno sistema de troca de calor e humidade (HME) para fornecer humidifica\u00e7\u00e3o confort\u00e1vel e eficiente na m\u00e1quina CPAP AirMini.\" \/>\n<meta name=\"robots\" content=\"index, follow, max-snippet:-1, max-image-preview:large, max-video-preview:-1\" \/>\n<link rel=\"canonical\" href=\"https:\/\/elegant-moore.212-227-229-181.plesk.page\/producto\/humidificacao-humidx-plus-para-airmini-es\/\" \/>\n<meta property=\"og:locale\" content=\"pt_PT\" \/>\n<meta property=\"og:type\" content=\"article\" \/>\n<meta property=\"og:title\" content=\"Humidifica\u00e7\u00e3o HumidX Plus (AirMini) - Terapia CPAP Portugal\" \/>\n<meta property=\"og:description\" content=\"O HumidX Plus \u00e9 um pequeno sistema de troca de calor e humidade (HME) para fornecer humidifica\u00e7\u00e3o confort\u00e1vel e eficiente na m\u00e1quina CPAP AirMini.\" \/>\n<meta property=\"og:url\" content=\"https:\/\/elegant-moore.212-227-229-181.plesk.page\/producto\/humidificacao-humidx-plus-para-airmini-es\/\" \/>\n<meta property=\"og:site_name\" content=\"Terapia CPAP Portugal\" \/>\n<meta property=\"article:publisher\" content=\"https:\/\/www.facebook.com\/p\/Terapiacpap-Portugal-100063919488136\/\" \/>\n<meta property=\"article:modified_time\" content=\"2025-12-05T10:41:20+00:00\" \/>\n<meta property=\"og:image\" content=\"https:\/\/elegant-moore.212-227-229-181.plesk.page\/wp-content\/uploads\/2021\/05\/Resmed-Humidx-Plus.jpg\" \/>\n\t<meta property=\"og:image:width\" content=\"550\" \/>\n\t<meta property=\"og:image:height\" content=\"550\" \/>\n\t<meta property=\"og:image:type\" content=\"image\/jpeg\" \/>\n<meta name=\"twitter:card\" content=\"summary_large_image\" \/>\n<meta name=\"twitter:label1\" content=\"Tempo estimado de leitura\" \/>\n\t<meta name=\"twitter:data1\" content=\"2 minutos\" \/>\n<!-- \/ Yoast SEO plugin. -->","yoast_head_json":{"title":"Humidifica\u00e7\u00e3o HumidX Plus (AirMini) - Terapia CPAP Portugal","description":"O HumidX Plus \u00e9 um pequeno sistema de troca de calor e humidade (HME) para fornecer humidifica\u00e7\u00e3o confort\u00e1vel e eficiente na m\u00e1quina CPAP AirMini.","robots":{"index":"index","follow":"follow","max-snippet":"max-snippet:-1","max-image-preview":"max-image-preview:large","max-video-preview":"max-video-preview:-1"},"canonical":"https:\/\/elegant-moore.212-227-229-181.plesk.page\/producto\/humidificacao-humidx-plus-para-airmini-es\/","og_locale":"pt_PT","og_type":"article","og_title":"Humidifica\u00e7\u00e3o HumidX Plus (AirMini) - Terapia CPAP Portugal","og_description":"O HumidX Plus \u00e9 um pequeno sistema de troca de calor e humidade (HME) para fornecer humidifica\u00e7\u00e3o confort\u00e1vel e eficiente na m\u00e1quina CPAP AirMini.","og_url":"https:\/\/elegant-moore.212-227-229-181.plesk.page\/producto\/humidificacao-humidx-plus-para-airmini-es\/","og_site_name":"Terapia CPAP Portugal","article_publisher":"https:\/\/www.facebook.com\/p\/Terapiacpap-Portugal-100063919488136\/","article_modified_time":"2025-12-05T10:41:20+00:00","og_image":[{"width":550,"height":550,"url":"https:\/\/elegant-moore.212-227-229-181.plesk.page\/wp-content\/uploads\/2021\/05\/Resmed-Humidx-Plus.jpg","type":"image\/jpeg"}],"twitter_card":"summary_large_image","twitter_misc":{"Tempo estimado de leitura":"2 minutos"},"schema":{"@context":"https:\/\/schema.org","@graph":[{"@type":"WebPage","@id":"https:\/\/elegant-moore.212-227-229-181.plesk.page\/producto\/humidificacao-humidx-plus-para-airmini-es\/","url":"https:\/\/elegant-moore.212-227-229-181.plesk.page\/producto\/humidificacao-humidx-plus-para-airmini-es\/","name":"Humidifica\u00e7\u00e3o HumidX Plus (AirMini) - Terapia CPAP Portugal","isPartOf":{"@id":"https:\/\/elegant-moore.212-227-229-181.plesk.page\/#website"},"primaryImageOfPage":{"@id":"https:\/\/elegant-moore.212-227-229-181.plesk.page\/producto\/humidificacao-humidx-plus-para-airmini-es\/#primaryimage"},"image":{"@id":"https:\/\/elegant-moore.212-227-229-181.plesk.page\/producto\/humidificacao-humidx-plus-para-airmini-es\/#primaryimage"},"thumbnailUrl":"https:\/\/elegant-moore.212-227-229-181.plesk.page\/wp-content\/uploads\/2021\/05\/Resmed-Humidx-Plus.jpg","datePublished":"2021-05-05T08:14:17+00:00","dateModified":"2025-12-05T10:41:20+00:00","description":"O HumidX Plus \u00e9 um pequeno sistema de troca de calor e humidade (HME) para fornecer humidifica\u00e7\u00e3o confort\u00e1vel e eficiente na m\u00e1quina CPAP AirMini.","breadcrumb":{"@id":"https:\/\/elegant-moore.212-227-229-181.plesk.page\/producto\/humidificacao-humidx-plus-para-airmini-es\/#breadcrumb"},"inLanguage":"pt-PT","potentialAction":[{"@type":"ReadAction","target":["https:\/\/elegant-moore.212-227-229-181.plesk.page\/producto\/humidificacao-humidx-plus-para-airmini-es\/"]}]},{"@type":"ImageObject","inLanguage":"pt-PT","@id":"https:\/\/elegant-moore.212-227-229-181.plesk.page\/producto\/humidificacao-humidx-plus-para-airmini-es\/#primaryimage","url":"https:\/\/elegant-moore.212-227-229-181.plesk.page\/wp-content\/uploads\/2021\/05\/Resmed-Humidx-Plus.jpg","contentUrl":"https:\/\/elegant-moore.212-227-229-181.plesk.page\/wp-content\/uploads\/2021\/05\/Resmed-Humidx-Plus.jpg","width":550,"height":550},{"@type":"BreadcrumbList","@id":"https:\/\/elegant-moore.212-227-229-181.plesk.page\/producto\/humidificacao-humidx-plus-para-airmini-es\/#breadcrumb","itemListElement":[{"@type":"ListItem","position":1,"name":"In\u00edcio","item":"https:\/\/elegant-moore.212-227-229-181.plesk.page\/"},{"@type":"ListItem","position":2,"name":"LOJA","item":"https:\/\/elegant-moore.212-227-229-181.plesk.page\/tienda\/"},{"@type":"ListItem","position":3,"name":"Apnea del Sue\u00f1o","item":"https:\/\/elegant-moore.212-227-229-181.plesk.page\/categoria-producto\/apnea-del-sueno\/"},{"@type":"ListItem","position":4,"name":"Accesorios","item":"https:\/\/elegant-moore.212-227-229-181.plesk.page\/categoria-producto\/apnea-del-sueno\/accesorios\/"},{"@type":"ListItem","position":5,"name":"Humidificadores","item":"https:\/\/elegant-moore.212-227-229-181.plesk.page\/categoria-producto\/apnea-del-sueno\/accesorios\/humidificadores-2\/"},{"@type":"ListItem","position":6,"name":"ResMed HumidX Plus, humidifica\u00e7\u00e3o para AirMini CPAP"}]},{"@type":"WebSite","@id":"https:\/\/elegant-moore.212-227-229-181.plesk.page\/#website","url":"https:\/\/elegant-moore.212-227-229-181.plesk.page\/","name":"TerapiaCPAP Portugal","description":"Tratamiento de Apnea do sono Portugal","publisher":{"@id":"https:\/\/elegant-moore.212-227-229-181.plesk.page\/#organization"},"alternateName":"TerapiaCPAP Portugal","potentialAction":[{"@type":"SearchAction","target":{"@type":"EntryPoint","urlTemplate":"https:\/\/elegant-moore.212-227-229-181.plesk.page\/?s={search_term_string}"},"query-input":{"@type":"PropertyValueSpecification","valueRequired":true,"valueName":"search_term_string"}}],"inLanguage":"pt-PT"},{"@type":"Organization","@id":"https:\/\/elegant-moore.212-227-229-181.plesk.page\/#organization","name":"TerapiaCPAP Portugal","alternateName":"TerapiaCPAP Portugal","url":"https:\/\/elegant-moore.212-227-229-181.plesk.page\/","logo":{"@type":"ImageObject","inLanguage":"pt-PT","@id":"https:\/\/elegant-moore.212-227-229-181.plesk.page\/#\/schema\/logo\/image\/","url":"https:\/\/www.terapiacpap.pt\/wp-content\/uploads\/2021\/03\/logo-TERAPIACPAP.png","contentUrl":"https:\/\/www.terapiacpap.pt\/wp-content\/uploads\/2021\/03\/logo-TERAPIACPAP.png","width":1734,"height":521,"caption":"TerapiaCPAP Portugal"},"image":{"@id":"https:\/\/elegant-moore.212-227-229-181.plesk.page\/#\/schema\/logo\/image\/"},"sameAs":["https:\/\/www.facebook.com\/p\/Terapiacpap-Portugal-100063919488136\/","https:\/\/www.instagram.com\/terapiacpap.pt\/"]}]}},"_links":{"self":[{"href":"https:\/\/elegant-moore.212-227-229-181.plesk.page\/pt-pt\/wp-json\/wp\/v2\/product\/515","targetHints":{"allow":["GET"]}}],"collection":[{"href":"https:\/\/elegant-moore.212-227-229-181.plesk.page\/pt-pt\/wp-json\/wp\/v2\/product"}],"about":[{"href":"https:\/\/elegant-moore.212-227-229-181.plesk.page\/pt-pt\/wp-json\/wp\/v2\/types\/product"}],"replies":[{"embeddable":true,"href":"https:\/\/elegant-moore.212-227-229-181.plesk.page\/pt-pt\/wp-json\/wp\/v2\/comments?post=515"}],"wp:featuredmedia":[{"embeddable":true,"href":"https:\/\/elegant-moore.212-227-229-181.plesk.page\/pt-pt\/wp-json\/wp\/v2\/media\/9103"}],"wp:attachment":[{"href":"https:\/\/elegant-moore.212-227-229-181.plesk.page\/pt-pt\/wp-json\/wp\/v2\/media?parent=515"}],"wp:term":[{"taxonomy":"product_brand","embeddable":true,"href":"https:\/\/elegant-moore.212-227-229-181.plesk.page\/pt-pt\/wp-json\/wp\/v2\/product_brand?post=515"},{"taxonomy":"product_cat","embeddable":true,"href":"https:\/\/elegant-moore.212-227-229-181.plesk.page\/pt-pt\/wp-json\/wp\/v2\/product_cat?post=515"},{"taxonomy":"product_tag","embeddable":true,"href":"https:\/\/elegant-moore.212-227-229-181.plesk.page\/pt-pt\/wp-json\/wp\/v2\/product_tag?post=515"}],"curies":[{"name":"wp","href":"https:\/\/api.w.org\/{rel}","templated":true}]}}