{"id":5447,"date":"2024-02-01T11:36:23","date_gmt":"2024-02-01T11:36:23","guid":{"rendered":"https:\/\/www.terapiacpap.pt\/?post_type=product&#038;p=5447"},"modified":"2025-12-21T15:58:40","modified_gmt":"2025-12-21T15:58:40","slug":"mascara-de-oxigenio-de-concentracao-media-ecolite","status":"publish","type":"product","link":"https:\/\/elegant-moore.212-227-229-181.plesk.page\/pt-pt\/producto\/mascara-de-oxigenio-de-concentracao-media-ecolite\/","title":{"rendered":"M\u00e1scara de oxig\u00e9nio de concentra\u00e7\u00e3o m\u00e9dia EcoLite"},"content":{"rendered":"<p>Inclui linha de oxig\u00e9nio de 2,1 m<\/p>\n","protected":false},"excerpt":{"rendered":"<p>M\u00e1scara sem PVC e l\u00e1tex, completamente transparente.<\/p>\n<p>Inodora e macia, com rebordo facial siliconizado para aumentar o ajuste facial e reduzir os pontos de press\u00e3o.<\/p>\n<p>Sistema de ajuste nasal integrado, evita a utiliza\u00e7\u00e3o de clipes met\u00e1licos e minimiza o risco de fugas, independentemente da morfologia do doente.<\/p>\n<p>Sistema de ajuste duplo do queixo.<\/p>\n<p>Faixas el\u00e1sticas acima ou abaixo da orelha, minimizam os danos causados pela fric\u00e7\u00e3o.<\/p>\n<p>Linha de oxig\u00e9nio anti-oclus\u00e3o, com l\u00famen em forma de estrela para evitar a oclus\u00e3o total em caso de tor\u00e7\u00e3o ou press\u00e3o.<\/p>\n","protected":false},"featured_media":5448,"comment_status":"open","ping_status":"closed","template":"","meta":{"_acf_changed":false},"product_brand":[],"product_cat":[162,42],"product_tag":[],"class_list":{"0":"post-5447","1":"product","2":"type-product","3":"status-publish","4":"has-post-thumbnail","6":"product_cat-acessorios-concentrador","7":"product_cat-concentrador-de-oxigenio","9":"first","10":"instock","11":"taxable","12":"shipping-taxable","13":"purchasable","14":"product-type-simple"},"acf":[],"yoast_head":"<!-- This site is optimized with the Yoast SEO plugin v27.0 - https:\/\/yoast.com\/product\/yoast-seo-wordpress\/ -->\n<title>M\u00e1scara de oxig\u00e9nio de concentra\u00e7\u00e3o m\u00e9dia EcoLite - Terapia CPAP Portugal<\/title>\n<meta name=\"description\" content=\"M\u00e1scara sem PVC e l\u00e1tex, totalmente transparente, evita o uso de clipes met\u00e1licos e minimiza o risco de fugas, adapta-se ao rosto.\" \/>\n<meta name=\"robots\" content=\"index, follow, max-snippet:-1, max-image-preview:large, max-video-preview:-1\" \/>\n<link rel=\"canonical\" href=\"https:\/\/elegant-moore.212-227-229-181.plesk.page\/producto\/mascarillas-de-oxigeno-de-concentracion-media-ecolite\/\" \/>\n<meta property=\"og:locale\" content=\"pt_PT\" \/>\n<meta property=\"og:type\" content=\"article\" \/>\n<meta property=\"og:title\" content=\"M\u00e1scara de oxig\u00e9nio de concentra\u00e7\u00e3o m\u00e9dia EcoLite - Terapia CPAP Portugal\" \/>\n<meta property=\"og:description\" content=\"M\u00e1scara sem PVC e l\u00e1tex, totalmente transparente, evita o uso de clipes met\u00e1licos e minimiza o risco de fugas, adapta-se ao rosto.\" \/>\n<meta property=\"og:url\" content=\"https:\/\/elegant-moore.212-227-229-181.plesk.page\/producto\/mascarillas-de-oxigeno-de-concentracion-media-ecolite\/\" \/>\n<meta property=\"og:site_name\" content=\"Terapia CPAP Portugal\" \/>\n<meta property=\"article:publisher\" content=\"https:\/\/www.facebook.com\/p\/Terapiacpap-Portugal-100063919488136\/\" \/>\n<meta property=\"article:modified_time\" content=\"2025-12-21T15:58:40+00:00\" \/>\n<meta property=\"og:image\" content=\"https:\/\/elegant-moore.212-227-229-181.plesk.page\/wp-content\/uploads\/2024\/02\/ecolite.jpg\" \/>\n\t<meta property=\"og:image:width\" content=\"424\" \/>\n\t<meta property=\"og:image:height\" content=\"477\" \/>\n\t<meta property=\"og:image:type\" content=\"image\/jpeg\" \/>\n<meta name=\"twitter:card\" content=\"summary_large_image\" \/>\n<meta name=\"twitter:label1\" content=\"Tempo estimado de leitura\" \/>\n\t<meta name=\"twitter:data1\" content=\"1 minuto\" \/>\n<!-- \/ Yoast SEO plugin. -->","yoast_head_json":{"title":"M\u00e1scara de oxig\u00e9nio de concentra\u00e7\u00e3o m\u00e9dia EcoLite - Terapia CPAP Portugal","description":"M\u00e1scara sem PVC e l\u00e1tex, totalmente transparente, evita o uso de clipes met\u00e1licos e minimiza o risco de fugas, adapta-se ao rosto.","robots":{"index":"index","follow":"follow","max-snippet":"max-snippet:-1","max-image-preview":"max-image-preview:large","max-video-preview":"max-video-preview:-1"},"canonical":"https:\/\/elegant-moore.212-227-229-181.plesk.page\/producto\/mascarillas-de-oxigeno-de-concentracion-media-ecolite\/","og_locale":"pt_PT","og_type":"article","og_title":"M\u00e1scara de oxig\u00e9nio de concentra\u00e7\u00e3o m\u00e9dia EcoLite - Terapia CPAP Portugal","og_description":"M\u00e1scara sem PVC e l\u00e1tex, totalmente transparente, evita o uso de clipes met\u00e1licos e minimiza o risco de fugas, adapta-se ao rosto.","og_url":"https:\/\/elegant-moore.212-227-229-181.plesk.page\/producto\/mascarillas-de-oxigeno-de-concentracion-media-ecolite\/","og_site_name":"Terapia CPAP Portugal","article_publisher":"https:\/\/www.facebook.com\/p\/Terapiacpap-Portugal-100063919488136\/","article_modified_time":"2025-12-21T15:58:40+00:00","og_image":[{"width":424,"height":477,"url":"https:\/\/elegant-moore.212-227-229-181.plesk.page\/wp-content\/uploads\/2024\/02\/ecolite.jpg","type":"image\/jpeg"}],"twitter_card":"summary_large_image","twitter_misc":{"Tempo estimado de leitura":"1 minuto"},"schema":{"@context":"https:\/\/schema.org","@graph":[{"@type":"WebPage","@id":"https:\/\/elegant-moore.212-227-229-181.plesk.page\/producto\/mascarillas-de-oxigeno-de-concentracion-media-ecolite\/","url":"https:\/\/elegant-moore.212-227-229-181.plesk.page\/producto\/mascarillas-de-oxigeno-de-concentracion-media-ecolite\/","name":"M\u00e1scara de oxig\u00e9nio de concentra\u00e7\u00e3o m\u00e9dia EcoLite - Terapia CPAP Portugal","isPartOf":{"@id":"https:\/\/elegant-moore.212-227-229-181.plesk.page\/#website"},"primaryImageOfPage":{"@id":"https:\/\/elegant-moore.212-227-229-181.plesk.page\/producto\/mascarillas-de-oxigeno-de-concentracion-media-ecolite\/#primaryimage"},"image":{"@id":"https:\/\/elegant-moore.212-227-229-181.plesk.page\/producto\/mascarillas-de-oxigeno-de-concentracion-media-ecolite\/#primaryimage"},"thumbnailUrl":"https:\/\/elegant-moore.212-227-229-181.plesk.page\/wp-content\/uploads\/2024\/02\/ecolite.jpg","datePublished":"2024-02-01T11:36:23+00:00","dateModified":"2025-12-21T15:58:40+00:00","description":"M\u00e1scara sem PVC e l\u00e1tex, totalmente transparente, evita o uso de clipes met\u00e1licos e minimiza o risco de fugas, adapta-se ao rosto.","breadcrumb":{"@id":"https:\/\/elegant-moore.212-227-229-181.plesk.page\/producto\/mascarillas-de-oxigeno-de-concentracion-media-ecolite\/#breadcrumb"},"inLanguage":"pt-PT","potentialAction":[{"@type":"ReadAction","target":["https:\/\/elegant-moore.212-227-229-181.plesk.page\/producto\/mascarillas-de-oxigeno-de-concentracion-media-ecolite\/"]}]},{"@type":"ImageObject","inLanguage":"pt-PT","@id":"https:\/\/elegant-moore.212-227-229-181.plesk.page\/producto\/mascarillas-de-oxigeno-de-concentracion-media-ecolite\/#primaryimage","url":"https:\/\/elegant-moore.212-227-229-181.plesk.page\/wp-content\/uploads\/2024\/02\/ecolite.jpg","contentUrl":"https:\/\/elegant-moore.212-227-229-181.plesk.page\/wp-content\/uploads\/2024\/02\/ecolite.jpg","width":424,"height":477},{"@type":"BreadcrumbList","@id":"https:\/\/elegant-moore.212-227-229-181.plesk.page\/producto\/mascarillas-de-oxigeno-de-concentracion-media-ecolite\/#breadcrumb","itemListElement":[{"@type":"ListItem","position":1,"name":"In\u00edcio","item":"https:\/\/elegant-moore.212-227-229-181.plesk.page\/"},{"@type":"ListItem","position":2,"name":"LOJA","item":"https:\/\/elegant-moore.212-227-229-181.plesk.page\/tienda\/"},{"@type":"ListItem","position":3,"name":"Cuidado Respiratorio","item":"https:\/\/elegant-moore.212-227-229-181.plesk.page\/categoria-producto\/cuidado-respiratorio\/"},{"@type":"ListItem","position":4,"name":"Concentradores de ox\u00edgeno","item":"https:\/\/elegant-moore.212-227-229-181.plesk.page\/categoria-producto\/cuidado-respiratorio\/concentradores-de-oxigeno\/"},{"@type":"ListItem","position":5,"name":"M\u00e1scara de oxig\u00e9nio de concentra\u00e7\u00e3o m\u00e9dia EcoLite"}]},{"@type":"WebSite","@id":"https:\/\/elegant-moore.212-227-229-181.plesk.page\/#website","url":"https:\/\/elegant-moore.212-227-229-181.plesk.page\/","name":"TerapiaCPAP Portugal","description":"Tratamiento de Apnea do sono Portugal","publisher":{"@id":"https:\/\/elegant-moore.212-227-229-181.plesk.page\/#organization"},"alternateName":"TerapiaCPAP Portugal","potentialAction":[{"@type":"SearchAction","target":{"@type":"EntryPoint","urlTemplate":"https:\/\/elegant-moore.212-227-229-181.plesk.page\/?s={search_term_string}"},"query-input":{"@type":"PropertyValueSpecification","valueRequired":true,"valueName":"search_term_string"}}],"inLanguage":"pt-PT"},{"@type":"Organization","@id":"https:\/\/elegant-moore.212-227-229-181.plesk.page\/#organization","name":"TerapiaCPAP Portugal","alternateName":"TerapiaCPAP Portugal","url":"https:\/\/elegant-moore.212-227-229-181.plesk.page\/","logo":{"@type":"ImageObject","inLanguage":"pt-PT","@id":"https:\/\/elegant-moore.212-227-229-181.plesk.page\/#\/schema\/logo\/image\/","url":"https:\/\/www.terapiacpap.pt\/wp-content\/uploads\/2021\/03\/logo-TERAPIACPAP.png","contentUrl":"https:\/\/www.terapiacpap.pt\/wp-content\/uploads\/2021\/03\/logo-TERAPIACPAP.png","width":1734,"height":521,"caption":"TerapiaCPAP Portugal"},"image":{"@id":"https:\/\/elegant-moore.212-227-229-181.plesk.page\/#\/schema\/logo\/image\/"},"sameAs":["https:\/\/www.facebook.com\/p\/Terapiacpap-Portugal-100063919488136\/","https:\/\/www.instagram.com\/terapiacpap.pt\/"]}]}},"_links":{"self":[{"href":"https:\/\/elegant-moore.212-227-229-181.plesk.page\/pt-pt\/wp-json\/wp\/v2\/product\/5447","targetHints":{"allow":["GET"]}}],"collection":[{"href":"https:\/\/elegant-moore.212-227-229-181.plesk.page\/pt-pt\/wp-json\/wp\/v2\/product"}],"about":[{"href":"https:\/\/elegant-moore.212-227-229-181.plesk.page\/pt-pt\/wp-json\/wp\/v2\/types\/product"}],"replies":[{"embeddable":true,"href":"https:\/\/elegant-moore.212-227-229-181.plesk.page\/pt-pt\/wp-json\/wp\/v2\/comments?post=5447"}],"wp:featuredmedia":[{"embeddable":true,"href":"https:\/\/elegant-moore.212-227-229-181.plesk.page\/pt-pt\/wp-json\/wp\/v2\/media\/5448"}],"wp:attachment":[{"href":"https:\/\/elegant-moore.212-227-229-181.plesk.page\/pt-pt\/wp-json\/wp\/v2\/media?parent=5447"}],"wp:term":[{"taxonomy":"product_brand","embeddable":true,"href":"https:\/\/elegant-moore.212-227-229-181.plesk.page\/pt-pt\/wp-json\/wp\/v2\/product_brand?post=5447"},{"taxonomy":"product_cat","embeddable":true,"href":"https:\/\/elegant-moore.212-227-229-181.plesk.page\/pt-pt\/wp-json\/wp\/v2\/product_cat?post=5447"},{"taxonomy":"product_tag","embeddable":true,"href":"https:\/\/elegant-moore.212-227-229-181.plesk.page\/pt-pt\/wp-json\/wp\/v2\/product_tag?post=5447"}],"curies":[{"name":"wp","href":"https:\/\/api.w.org\/{rel}","templated":true}]}}