{"id":6592,"date":"2023-10-18T15:00:31","date_gmt":"2023-10-18T15:00:31","guid":{"rendered":"https:\/\/www.terapiacpap.pt\/?post_type=product&#038;p=6592"},"modified":"2026-02-19T21:38:50","modified_gmt":"2026-02-19T21:38:50","slug":"bti-apnia-poligrafia-respiratoria-simplificada","status":"publish","type":"product","link":"https:\/\/elegant-moore.212-227-229-181.plesk.page\/pt-pt\/producto\/bti-apnia-poligrafia-respiratoria-simplificada\/","title":{"rendered":"BTI APNiA Poligraf\u00eda Respiratoria Simplificada"},"content":{"rendered":"<p>\u00bfQu\u00e9 incluye BTI APNiA?<\/p>\n<p>&#8211; Pol\u00edgrafo de registro<br \/>\n&#8211; Sensor de oximetr\u00eda<br \/>\n&#8211; Cinta el\u00e1stica<br \/>\n&#8211; C\u00e1nula Nasal<\/p>\n<p>El Software de diagn\u00f3stico permite realizar la lectura del registro de dos maneras diferentes\u00b9:<br \/>\n&#8211; Autom\u00e1tica: el an\u00e1lisis autom\u00e1tico validado, certificado y con la misma precisi\u00f3n que otros pol\u00edgrafos respiratorios hospitalarios como Embletta Gold.<br \/>\n&#8211; Manual: el cl\u00ednico puede ver y corregir los eventos identificados por el an\u00e1lisis autom\u00e1tico.<\/p>\n<p>\u00b9Dur\u00e1n-Cantolla J, Zamora Almeida G, Vegas D\u00edaz de Gere\u00f1u O, Saracho Rotaeche L, Hamdan Alkhraisat M, Dur\u00e1n Carro J, Egea Santaolalla C, Anitua E; Spanish Sleep Network. Validation of a new domiciliary diagnosis device for automatic diagnosis of patients with clinical suspicion of OSA. Respirology. 2016 Sep 13.doi:10.1111\/resp.12894.<\/p>\n","protected":false},"excerpt":{"rendered":"<p>Dispositivo de diagn\u00f3stico para la Apnea del Sue\u00f1o, peque\u00f1o, ergon\u00f3mico y de uso sencillo para el paciente. Cuenta con 7 canales de registro que incluyen: flujo, esfuerzo respiratorio, oximetr\u00eda, frecuencia cardiaca, posici\u00f3n, ronquido y frecuencia respiratoria.<br \/>\nCon una sensibilidad superior al 97% es una alternativa v\u00e1lida a la PSG.<\/p>\n","protected":false},"featured_media":101066,"comment_status":"open","ping_status":"closed","template":"","meta":{"_acf_changed":false},"product_brand":[],"product_cat":[1526],"product_tag":[],"class_list":{"0":"post-6592","1":"product","2":"type-product","3":"status-publish","4":"has-post-thumbnail","6":"product_cat-profesionales","8":"first","9":"instock","10":"taxable","11":"shipping-taxable","12":"purchasable","13":"product-type-simple"},"acf":[],"yoast_head":"<!-- This site is optimized with the Yoast SEO plugin v27.0 - https:\/\/yoast.com\/product\/yoast-seo-wordpress\/ -->\n<title>BTI APNiA Poligraf\u00eda Respiratoria Simplificada - Terapia CPAP Portugal<\/title>\n<meta name=\"description\" content=\"Dispositivo de diagn\u00f3stico para la apnea del sue\u00f1o, compuesto por un pol\u00edgrafo de registro respiratorio y un sensor de oximetr\u00eda, para uso profesional\" \/>\n<meta name=\"robots\" content=\"index, follow, max-snippet:-1, max-image-preview:large, max-video-preview:-1\" \/>\n<link rel=\"canonical\" href=\"https:\/\/elegant-moore.212-227-229-181.plesk.page\/producto\/bti-apnia-poligrafia-respiratoria-simplificada\/\" \/>\n<meta property=\"og:locale\" content=\"pt_PT\" \/>\n<meta property=\"og:type\" content=\"article\" \/>\n<meta property=\"og:title\" content=\"BTI APNiA Poligraf\u00eda Respiratoria Simplificada - Terapia CPAP Portugal\" \/>\n<meta property=\"og:description\" content=\"Dispositivo de diagn\u00f3stico para la apnea del sue\u00f1o, compuesto por un pol\u00edgrafo de registro respiratorio y un sensor de oximetr\u00eda, para uso profesional\" \/>\n<meta property=\"og:url\" content=\"https:\/\/elegant-moore.212-227-229-181.plesk.page\/producto\/bti-apnia-poligrafia-respiratoria-simplificada\/\" \/>\n<meta property=\"og:site_name\" content=\"Terapia CPAP Portugal\" \/>\n<meta property=\"article:publisher\" content=\"https:\/\/www.facebook.com\/p\/Terapiacpap-Portugal-100063919488136\/\" \/>\n<meta property=\"article:modified_time\" content=\"2026-02-19T21:38:50+00:00\" \/>\n<meta property=\"og:image\" content=\"https:\/\/elegant-moore.212-227-229-181.plesk.page\/wp-content\/uploads\/2026\/02\/BTI-APNIA-e1697633032924.png\" \/>\n\t<meta property=\"og:image:width\" content=\"421\" \/>\n\t<meta property=\"og:image:height\" content=\"366\" \/>\n\t<meta property=\"og:image:type\" content=\"image\/png\" \/>\n<meta name=\"twitter:card\" content=\"summary_large_image\" \/>\n<meta name=\"twitter:label1\" content=\"Tempo estimado de leitura\" \/>\n\t<meta name=\"twitter:data1\" content=\"1 minuto\" \/>\n<!-- \/ Yoast SEO plugin. -->","yoast_head_json":{"title":"BTI APNiA Poligraf\u00eda Respiratoria Simplificada - Terapia CPAP Portugal","description":"Dispositivo de diagn\u00f3stico para la apnea del sue\u00f1o, compuesto por un pol\u00edgrafo de registro respiratorio y un sensor de oximetr\u00eda, para uso profesional","robots":{"index":"index","follow":"follow","max-snippet":"max-snippet:-1","max-image-preview":"max-image-preview:large","max-video-preview":"max-video-preview:-1"},"canonical":"https:\/\/elegant-moore.212-227-229-181.plesk.page\/producto\/bti-apnia-poligrafia-respiratoria-simplificada\/","og_locale":"pt_PT","og_type":"article","og_title":"BTI APNiA Poligraf\u00eda Respiratoria Simplificada - Terapia CPAP Portugal","og_description":"Dispositivo de diagn\u00f3stico para la apnea del sue\u00f1o, compuesto por un pol\u00edgrafo de registro respiratorio y un sensor de oximetr\u00eda, para uso profesional","og_url":"https:\/\/elegant-moore.212-227-229-181.plesk.page\/producto\/bti-apnia-poligrafia-respiratoria-simplificada\/","og_site_name":"Terapia CPAP Portugal","article_publisher":"https:\/\/www.facebook.com\/p\/Terapiacpap-Portugal-100063919488136\/","article_modified_time":"2026-02-19T21:38:50+00:00","og_image":[{"width":421,"height":366,"url":"https:\/\/elegant-moore.212-227-229-181.plesk.page\/wp-content\/uploads\/2026\/02\/BTI-APNIA-e1697633032924.png","type":"image\/png"}],"twitter_card":"summary_large_image","twitter_misc":{"Tempo estimado de leitura":"1 minuto"},"schema":{"@context":"https:\/\/schema.org","@graph":[{"@type":"WebPage","@id":"https:\/\/elegant-moore.212-227-229-181.plesk.page\/producto\/bti-apnia-poligrafia-respiratoria-simplificada\/","url":"https:\/\/elegant-moore.212-227-229-181.plesk.page\/producto\/bti-apnia-poligrafia-respiratoria-simplificada\/","name":"BTI APNiA Poligraf\u00eda Respiratoria Simplificada - Terapia CPAP Portugal","isPartOf":{"@id":"https:\/\/elegant-moore.212-227-229-181.plesk.page\/#website"},"primaryImageOfPage":{"@id":"https:\/\/elegant-moore.212-227-229-181.plesk.page\/producto\/bti-apnia-poligrafia-respiratoria-simplificada\/#primaryimage"},"image":{"@id":"https:\/\/elegant-moore.212-227-229-181.plesk.page\/producto\/bti-apnia-poligrafia-respiratoria-simplificada\/#primaryimage"},"thumbnailUrl":"https:\/\/elegant-moore.212-227-229-181.plesk.page\/wp-content\/uploads\/2026\/02\/BTI-APNIA-e1697633032924.png","datePublished":"2023-10-18T15:00:31+00:00","dateModified":"2026-02-19T21:38:50+00:00","description":"Dispositivo de diagn\u00f3stico para la apnea del sue\u00f1o, compuesto por un pol\u00edgrafo de registro respiratorio y un sensor de oximetr\u00eda, para uso profesional","breadcrumb":{"@id":"https:\/\/elegant-moore.212-227-229-181.plesk.page\/producto\/bti-apnia-poligrafia-respiratoria-simplificada\/#breadcrumb"},"inLanguage":"pt-PT","potentialAction":[{"@type":"ReadAction","target":["https:\/\/elegant-moore.212-227-229-181.plesk.page\/producto\/bti-apnia-poligrafia-respiratoria-simplificada\/"]}]},{"@type":"ImageObject","inLanguage":"pt-PT","@id":"https:\/\/elegant-moore.212-227-229-181.plesk.page\/producto\/bti-apnia-poligrafia-respiratoria-simplificada\/#primaryimage","url":"https:\/\/elegant-moore.212-227-229-181.plesk.page\/wp-content\/uploads\/2026\/02\/BTI-APNIA-e1697633032924.png","contentUrl":"https:\/\/elegant-moore.212-227-229-181.plesk.page\/wp-content\/uploads\/2026\/02\/BTI-APNIA-e1697633032924.png","width":421,"height":366},{"@type":"BreadcrumbList","@id":"https:\/\/elegant-moore.212-227-229-181.plesk.page\/producto\/bti-apnia-poligrafia-respiratoria-simplificada\/#breadcrumb","itemListElement":[{"@type":"ListItem","position":1,"name":"In\u00edcio","item":"https:\/\/elegant-moore.212-227-229-181.plesk.page\/"},{"@type":"ListItem","position":2,"name":"LOJA","item":"https:\/\/elegant-moore.212-227-229-181.plesk.page\/tienda\/"},{"@type":"ListItem","position":3,"name":"Apnea del Sue\u00f1o","item":"https:\/\/elegant-moore.212-227-229-181.plesk.page\/categoria-producto\/apnea-del-sueno\/"},{"@type":"ListItem","position":4,"name":"Profesionales","item":"https:\/\/elegant-moore.212-227-229-181.plesk.page\/categoria-producto\/apnea-del-sueno\/profesionales\/"},{"@type":"ListItem","position":5,"name":"BTI APNiA Poligraf\u00eda Respiratoria Simplificada"}]},{"@type":"WebSite","@id":"https:\/\/elegant-moore.212-227-229-181.plesk.page\/#website","url":"https:\/\/elegant-moore.212-227-229-181.plesk.page\/","name":"TerapiaCPAP Portugal","description":"Tratamiento de Apnea do sono Portugal","publisher":{"@id":"https:\/\/elegant-moore.212-227-229-181.plesk.page\/#organization"},"alternateName":"TerapiaCPAP Portugal","potentialAction":[{"@type":"SearchAction","target":{"@type":"EntryPoint","urlTemplate":"https:\/\/elegant-moore.212-227-229-181.plesk.page\/?s={search_term_string}"},"query-input":{"@type":"PropertyValueSpecification","valueRequired":true,"valueName":"search_term_string"}}],"inLanguage":"pt-PT"},{"@type":"Organization","@id":"https:\/\/elegant-moore.212-227-229-181.plesk.page\/#organization","name":"TerapiaCPAP Portugal","alternateName":"TerapiaCPAP Portugal","url":"https:\/\/elegant-moore.212-227-229-181.plesk.page\/","logo":{"@type":"ImageObject","inLanguage":"pt-PT","@id":"https:\/\/elegant-moore.212-227-229-181.plesk.page\/#\/schema\/logo\/image\/","url":"https:\/\/www.terapiacpap.pt\/wp-content\/uploads\/2021\/03\/logo-TERAPIACPAP.png","contentUrl":"https:\/\/www.terapiacpap.pt\/wp-content\/uploads\/2021\/03\/logo-TERAPIACPAP.png","width":1734,"height":521,"caption":"TerapiaCPAP Portugal"},"image":{"@id":"https:\/\/elegant-moore.212-227-229-181.plesk.page\/#\/schema\/logo\/image\/"},"sameAs":["https:\/\/www.facebook.com\/p\/Terapiacpap-Portugal-100063919488136\/","https:\/\/www.instagram.com\/terapiacpap.pt\/"]}]}},"_links":{"self":[{"href":"https:\/\/elegant-moore.212-227-229-181.plesk.page\/pt-pt\/wp-json\/wp\/v2\/product\/6592","targetHints":{"allow":["GET"]}}],"collection":[{"href":"https:\/\/elegant-moore.212-227-229-181.plesk.page\/pt-pt\/wp-json\/wp\/v2\/product"}],"about":[{"href":"https:\/\/elegant-moore.212-227-229-181.plesk.page\/pt-pt\/wp-json\/wp\/v2\/types\/product"}],"replies":[{"embeddable":true,"href":"https:\/\/elegant-moore.212-227-229-181.plesk.page\/pt-pt\/wp-json\/wp\/v2\/comments?post=6592"}],"wp:featuredmedia":[{"embeddable":true,"href":"https:\/\/elegant-moore.212-227-229-181.plesk.page\/pt-pt\/wp-json\/wp\/v2\/media\/101066"}],"wp:attachment":[{"href":"https:\/\/elegant-moore.212-227-229-181.plesk.page\/pt-pt\/wp-json\/wp\/v2\/media?parent=6592"}],"wp:term":[{"taxonomy":"product_brand","embeddable":true,"href":"https:\/\/elegant-moore.212-227-229-181.plesk.page\/pt-pt\/wp-json\/wp\/v2\/product_brand?post=6592"},{"taxonomy":"product_cat","embeddable":true,"href":"https:\/\/elegant-moore.212-227-229-181.plesk.page\/pt-pt\/wp-json\/wp\/v2\/product_cat?post=6592"},{"taxonomy":"product_tag","embeddable":true,"href":"https:\/\/elegant-moore.212-227-229-181.plesk.page\/pt-pt\/wp-json\/wp\/v2\/product_tag?post=6592"}],"curies":[{"name":"wp","href":"https:\/\/api.w.org\/{rel}","templated":true}]}}