{"id":6843,"date":"2024-10-29T13:29:28","date_gmt":"2024-10-29T13:29:28","guid":{"rendered":"https:\/\/www.terapiacpap.pt\/?post_type=product&#038;p=6843"},"modified":"2026-03-24T22:50:20","modified_gmt":"2026-03-24T22:50:20","slug":"airsense-11-autoset-resmed","status":"publish","type":"product","link":"https:\/\/elegant-moore.212-227-229-181.plesk.page\/pt-pt\/producto\/airsense-11-autoset-resmed\/","title":{"rendered":"Airsense 11 Autoset Resmed"},"content":{"rendered":"<p><strong data-start=\"110\" data-end=\"184\">Uma solu\u00e7\u00e3o que o apoia e lhe transmite confian\u00e7a desde o primeiro dia<br \/>\n<\/strong><br data-start=\"184\" data-end=\"187\" \/>Come\u00e7ar o tratamento com CPAP \u00e9 um desafio, tal como qualquer nova rotina \u2014 pode levar algumas semanas at\u00e9 se sentir completamente confort\u00e1vel. Por isso, o <strong>AirSense 11<\/strong> inclui ferramentas inteligentes especialmente desenhadas para o apoiar em cada passo, aumentar o seu conhecimento sobre a terapia e refor\u00e7ar a sua confian\u00e7a. Estas funcionalidades facilitam a adapta\u00e7\u00e3o ao equipamento desde os primeiros dias e garantem um uso eficaz e confort\u00e1vel a longo prazo.<\/p>\n<ul>\n<li>O <strong>design elegante e moderno<\/strong> inclui um ecr\u00e3 t\u00e1til f\u00e1cil de utilizar.<\/li>\n<li>O <strong>humidificador aquecido integrado<\/strong> ajuda a evitar a secura da boca.<\/li>\n<li>A fun\u00e7\u00e3o <strong>Climate Control**<\/strong>, que aquece o ar que respira a uma temperatura confort\u00e1vel, foi concebida para reduzir o risco de forma\u00e7\u00e3o de got\u00edculas de \u00e1gua no circuito respirat\u00f3rio.<\/li>\n<li>A <strong>fun\u00e7\u00e3o AutoRamp\u2122<\/strong> aumenta gradualmente a press\u00e3o para o n\u00edvel prescrito quando est\u00e1 a dormir.<\/li>\n<li>O <strong>modo de conforto de expira\u00e7\u00e3o (EPR\u2122)<\/strong> oferece maior conforto, reduzindo ligeiramente a press\u00e3o na expira\u00e7\u00e3o. Isto permite-lhe expirar com maior facilidade.<\/li>\n<li>A <strong>aplica\u00e7\u00e3o myAir<\/strong> fornece acesso imediato \u00e0 sua pontua\u00e7\u00e3o di\u00e1ria, tutoriais em v\u00eddeo, conselhos personalizados e relat\u00f3rios de tratamento.<\/li>\n<li>O <strong>assistente de tratamento personalizado<\/strong> orienta-o na configura\u00e7\u00e3o do equipamento, ajuda-o a adaptar-se ao tratamento e ajuda-o a resolver problemas menores.<\/li>\n<li>A <strong>fun\u00e7\u00e3o TEST na aplica\u00e7\u00e3o myAir<\/strong> ajuda-o a testar gradualmente diferentes n\u00edveis de press\u00e3o antes de iniciar a sua primeira sess\u00e3o real.<\/li>\n<li>O <strong>Care Check-In<\/strong> faz-lhe perguntas simples sobre a sua experi\u00eancia de tratamento e como se sente, e depois transmite as respostas ao seu profissional de sa\u00fade (prestadores de cuidados de sa\u00fade e m\u00e9dicos) atrav\u00e9s do nosso software AirView\u2122.<\/li>\n<\/ul>\n<h3 data-start=\"65\" data-end=\"121\"><strong>O que inclui a compra de um equipamento Airsense 11?<\/strong><\/h3>\n<ul>\n<li data-start=\"123\" data-end=\"426\">1 <strong>Dispositivo Airsense 11<\/strong> modelo Autoset, da Resmed<\/li>\n<li data-start=\"123\" data-end=\"426\">1 <strong>Fonte de alimenta\u00e7\u00e3o el\u00e9trica<\/strong> (cabo)<\/li>\n<li data-start=\"123\" data-end=\"426\">1 <strong>Filtro de ar padr\u00e3o de part\u00edculas<\/strong> (pr\u00e9-instalado)<\/li>\n<li data-start=\"123\" data-end=\"426\">1 <strong>Bolsa de transporte exclusiva<\/strong> para este modelo<\/li>\n<li data-start=\"123\" data-end=\"426\">1 <strong>Cart\u00e3o SD para registo de dados terap\u00eauticos<\/strong><\/li>\n<li data-start=\"123\" data-end=\"426\">1 <strong>Tubo SlimLine<\/strong><\/li>\n<\/ul>\n<p><strong><em>*<\/em><\/strong><em><strong>Pacote Standard:<\/strong> N\u00e3o inclui sistema de humidifica\u00e7\u00e3o.<\/em><\/p>\n<p><em><strong>*Pacote Premium:<\/strong> Inclui sistema de humidifica\u00e7\u00e3o.<\/em><\/p>\n<p><em>*Pode <strong>indicar o modelo de m\u00e1scara<\/strong> que prefere nos coment\u00e1rios do carrinho.<\/em><\/p>\n","protected":false},"excerpt":{"rendered":"<p data-start=\"87\" data-end=\"199\"><strong data-start=\"87\" data-end=\"199\">AirSense 11 AutoSet: O primeiro CPAP com ecr\u00e3 t\u00e1til e liga\u00e7\u00e3o \u00e0 app MyAir para controlo total da sua terapia<\/strong><\/p>\n<p data-start=\"201\" data-end=\"632\">O AirSense 11 \u00e9 o primeiro dispositivo CPAP com <strong data-start=\"249\" data-end=\"273\">ecr\u00e3 t\u00e1til intuitivo<\/strong> que se liga diretamente \u00e0 aplica\u00e7\u00e3o <strong data-start=\"310\" data-end=\"319\">MyAir<\/strong>, permitindo-lhe monitorizar e melhorar o tratamento da apneia do sono de forma personalizada. Com o novo <strong data-start=\"425\" data-end=\"458\">Assistente de terapia pessoal<\/strong> e a funcionalidade <strong data-start=\"478\" data-end=\"495\">Care Check-in<\/strong>, a app oferece conselhos \u00fateis, sugest\u00f5es de terapia baseadas na sua utiliza\u00e7\u00e3o e orienta\u00e7\u00f5es para gerir e manter o seu CPAP facilmente.<\/p>\n<p data-start=\"634\" data-end=\"827\">Melhore a qualidade do seu sono com o CPAP totalmente autom\u00e1tico AirSense 11: basta colocar a m\u00e1scara e o dispositivo liga-se automaticamente para lhe proporcionar o melhor tratamento poss\u00edvel.<\/p>\n<p data-start=\"829\" data-end=\"1215\">Os dispositivos <strong data-start=\"845\" data-end=\"868\">AirSense 11 AutoSet<\/strong> combinam modos de tratamento clinicamente validados com funcionalidades pr\u00e1ticas, concebidas para otimizar a sua experi\u00eancia no tratamento da apneia obstrutiva do sono. Al\u00e9m disso, atrav\u00e9s da app MyAir\u2122, tem acesso ao assistente de tratamento personalizado e ao servi\u00e7o Care Check-In, garantindo um apoio cont\u00ednuo e adaptado \u00e0s suas necessidades.<\/p>\n<h6><strong><em>*<\/em><\/strong><em><strong>Pacote Standard:<\/strong> N\u00e3o inclui sistema de humidifica\u00e7\u00e3o.<\/em><\/h6>\n<h6><em><strong>*Pacote Premium:<\/strong> Inclui sistema de humidifica\u00e7\u00e3o.<\/em><\/h6>\n<h6><em>*Pode <strong>indicar o modelo de m\u00e1scara<\/strong> que prefere nos coment\u00e1rios do carrinho.<\/em><\/h6>\n","protected":false},"featured_media":9059,"comment_status":"open","ping_status":"closed","template":"","meta":{"_acf_changed":false},"product_brand":[296],"product_cat":[121,17],"product_tag":[307,301,303,310,306,311,304,300,308,305,298,309,39,297,302,299],"class_list":{"0":"post-6843","1":"product","2":"type-product","3":"status-publish","4":"has-post-thumbnail","6":"product_brand-resmed","7":"product_cat-autocpap","8":"product_cat-equipamentos-cpap","9":"product_tag-airsense-11-autoset","10":"product_tag-aplicacao-myair-para-cpap","11":"product_tag-cpap-com-ajuste-automatico","12":"product_tag-cpap-com-alivio-da-pressao-expiratorio","13":"product_tag-cpap-com-care-check-in","14":"product_tag-cpap-com-controlo-climatico","15":"product_tag-cpap-com-humidificador-aquecido","16":"product_tag-dispositivo-cpap-com-ecra-tatil","17":"product_tag-dispositivo-cpap-ligado","18":"product_tag-dispositivo-para-tratamento-da-apneia-do-sono","19":"product_tag-maquina-autocpap","20":"product_tag-maquina-cpap-inteligente","21":"product_tag-resmed","22":"product_tag-resmed-airsense-11","23":"product_tag-terapia-cpap-personalizada","24":"product_tag-terapia-para-apneia-do-sono","26":"first","27":"instock","28":"taxable","29":"shipping-taxable","30":"purchasable","31":"product-type-variable"},"acf":[],"yoast_head":"<!-- This site is optimized with the Yoast SEO plugin v27.0 - https:\/\/yoast.com\/product\/yoast-seo-wordpress\/ -->\n<title>Airsense 11 Autoset, AutoCPAP Resmed - TerapiaCPAP Portugal<\/title>\n<meta name=\"description\" content=\"O AirSense 11 AutoSet \u00e9 um equipamento de \u00faltima gera\u00e7\u00e3o para o tratamento da apneia obstrutiva do sono (SAOS). Qualidade superior da ResMed.\" \/>\n<meta name=\"robots\" content=\"index, follow, max-snippet:-1, max-image-preview:large, max-video-preview:-1\" \/>\n<link rel=\"canonical\" href=\"https:\/\/elegant-moore.212-227-229-181.plesk.page\/pt-pt\/producto\/airsense-11-autoset-resmed\/\" \/>\n<meta property=\"og:locale\" content=\"pt_PT\" \/>\n<meta property=\"og:type\" content=\"article\" \/>\n<meta property=\"og:title\" content=\"Airsense 11 Autoset, AutoCPAP Resmed - TerapiaCPAP Portugal\" \/>\n<meta property=\"og:description\" content=\"O AirSense 11 AutoSet \u00e9 um equipamento de \u00faltima gera\u00e7\u00e3o para o tratamento da apneia obstrutiva do sono (SAOS). Qualidade superior da ResMed.\" \/>\n<meta property=\"og:url\" content=\"https:\/\/elegant-moore.212-227-229-181.plesk.page\/pt-pt\/producto\/airsense-11-autoset-resmed\/\" \/>\n<meta property=\"og:site_name\" content=\"Terapia CPAP Portugal\" \/>\n<meta property=\"article:publisher\" content=\"https:\/\/www.facebook.com\/p\/Terapiacpap-Portugal-100063919488136\/\" \/>\n<meta property=\"article:modified_time\" content=\"2026-03-24T22:50:20+00:00\" \/>\n<meta property=\"og:image\" content=\"https:\/\/elegant-moore.212-227-229-181.plesk.page\/wp-content\/uploads\/2024\/10\/airsense-11-resmed.png\" \/>\n\t<meta property=\"og:image:width\" content=\"1080\" \/>\n\t<meta property=\"og:image:height\" content=\"776\" \/>\n\t<meta property=\"og:image:type\" content=\"image\/png\" \/>\n<meta name=\"twitter:card\" content=\"summary_large_image\" \/>\n<meta name=\"twitter:label1\" content=\"Tempo estimado de leitura\" \/>\n\t<meta name=\"twitter:data1\" content=\"3 minutos\" \/>\n<!-- \/ Yoast SEO plugin. -->","yoast_head_json":{"title":"Airsense 11 Autoset, AutoCPAP Resmed - TerapiaCPAP Portugal","description":"O AirSense 11 AutoSet \u00e9 um equipamento de \u00faltima gera\u00e7\u00e3o para o tratamento da apneia obstrutiva do sono (SAOS). Qualidade superior da ResMed.","robots":{"index":"index","follow":"follow","max-snippet":"max-snippet:-1","max-image-preview":"max-image-preview:large","max-video-preview":"max-video-preview:-1"},"canonical":"https:\/\/elegant-moore.212-227-229-181.plesk.page\/pt-pt\/producto\/airsense-11-autoset-resmed\/","og_locale":"pt_PT","og_type":"article","og_title":"Airsense 11 Autoset, AutoCPAP Resmed - TerapiaCPAP Portugal","og_description":"O AirSense 11 AutoSet \u00e9 um equipamento de \u00faltima gera\u00e7\u00e3o para o tratamento da apneia obstrutiva do sono (SAOS). Qualidade superior da ResMed.","og_url":"https:\/\/elegant-moore.212-227-229-181.plesk.page\/pt-pt\/producto\/airsense-11-autoset-resmed\/","og_site_name":"Terapia CPAP Portugal","article_publisher":"https:\/\/www.facebook.com\/p\/Terapiacpap-Portugal-100063919488136\/","article_modified_time":"2026-03-24T22:50:20+00:00","og_image":[{"width":1080,"height":776,"url":"https:\/\/elegant-moore.212-227-229-181.plesk.page\/wp-content\/uploads\/2024\/10\/airsense-11-resmed.png","type":"image\/png"}],"twitter_card":"summary_large_image","twitter_misc":{"Tempo estimado de leitura":"3 minutos"},"schema":{"@context":"https:\/\/schema.org","@graph":[{"@type":"WebPage","@id":"https:\/\/elegant-moore.212-227-229-181.plesk.page\/pt-pt\/producto\/airsense-11-autoset-resmed\/","url":"https:\/\/elegant-moore.212-227-229-181.plesk.page\/pt-pt\/producto\/airsense-11-autoset-resmed\/","name":"Airsense 11 Autoset, AutoCPAP Resmed - TerapiaCPAP Portugal","isPartOf":{"@id":"https:\/\/elegant-moore.212-227-229-181.plesk.page\/#website"},"primaryImageOfPage":{"@id":"https:\/\/elegant-moore.212-227-229-181.plesk.page\/pt-pt\/producto\/airsense-11-autoset-resmed\/#primaryimage"},"image":{"@id":"https:\/\/elegant-moore.212-227-229-181.plesk.page\/pt-pt\/producto\/airsense-11-autoset-resmed\/#primaryimage"},"thumbnailUrl":"https:\/\/elegant-moore.212-227-229-181.plesk.page\/wp-content\/uploads\/2024\/10\/airsense-11-resmed.png","datePublished":"2024-10-29T13:29:28+00:00","dateModified":"2026-03-24T22:50:20+00:00","description":"O AirSense 11 AutoSet \u00e9 um equipamento de \u00faltima gera\u00e7\u00e3o para o tratamento da apneia obstrutiva do sono (SAOS). Qualidade superior da ResMed.","breadcrumb":{"@id":"https:\/\/elegant-moore.212-227-229-181.plesk.page\/pt-pt\/producto\/airsense-11-autoset-resmed\/#breadcrumb"},"inLanguage":"pt-PT","potentialAction":[{"@type":"ReadAction","target":["https:\/\/elegant-moore.212-227-229-181.plesk.page\/pt-pt\/producto\/airsense-11-autoset-resmed\/"]}]},{"@type":"ImageObject","inLanguage":"pt-PT","@id":"https:\/\/elegant-moore.212-227-229-181.plesk.page\/pt-pt\/producto\/airsense-11-autoset-resmed\/#primaryimage","url":"https:\/\/elegant-moore.212-227-229-181.plesk.page\/wp-content\/uploads\/2024\/10\/airsense-11-resmed.png","contentUrl":"https:\/\/elegant-moore.212-227-229-181.plesk.page\/wp-content\/uploads\/2024\/10\/airsense-11-resmed.png","width":1080,"height":776,"caption":"Vista frontal do aparelho AirSense 11 AutoCPAP"},{"@type":"BreadcrumbList","@id":"https:\/\/elegant-moore.212-227-229-181.plesk.page\/pt-pt\/producto\/airsense-11-autoset-resmed\/#breadcrumb","itemListElement":[{"@type":"ListItem","position":1,"name":"In\u00edcio","item":"https:\/\/elegant-moore.212-227-229-181.plesk.page\/"},{"@type":"ListItem","position":2,"name":"LOJA","item":"https:\/\/elegant-moore.212-227-229-181.plesk.page\/tienda\/"},{"@type":"ListItem","position":3,"name":"Apneia de sonho","item":"https:\/\/elegant-moore.212-227-229-181.plesk.page\/pt-pt\/categoria-producto\/apneia-de-sonho\/"},{"@type":"ListItem","position":4,"name":"Tratamiento","item":"https:\/\/elegant-moore.212-227-229-181.plesk.page\/categoria-producto\/apnea-del-sueno\/tratamiento\/"},{"@type":"ListItem","position":5,"name":"Dispositivo AutoCPAP","item":"https:\/\/elegant-moore.212-227-229-181.plesk.page\/pt-pt\/categoria-producto\/apneia-de-sonho\/equipamentos-cpap\/autocpap\/"},{"@type":"ListItem","position":6,"name":"Airsense 11 Autoset Resmed"}]},{"@type":"WebSite","@id":"https:\/\/elegant-moore.212-227-229-181.plesk.page\/#website","url":"https:\/\/elegant-moore.212-227-229-181.plesk.page\/","name":"TerapiaCPAP Portugal","description":"Tratamiento de Apnea do sono Portugal","publisher":{"@id":"https:\/\/elegant-moore.212-227-229-181.plesk.page\/#organization"},"alternateName":"TerapiaCPAP Portugal","potentialAction":[{"@type":"SearchAction","target":{"@type":"EntryPoint","urlTemplate":"https:\/\/elegant-moore.212-227-229-181.plesk.page\/?s={search_term_string}"},"query-input":{"@type":"PropertyValueSpecification","valueRequired":true,"valueName":"search_term_string"}}],"inLanguage":"pt-PT"},{"@type":"Organization","@id":"https:\/\/elegant-moore.212-227-229-181.plesk.page\/#organization","name":"TerapiaCPAP Portugal","alternateName":"TerapiaCPAP Portugal","url":"https:\/\/elegant-moore.212-227-229-181.plesk.page\/","logo":{"@type":"ImageObject","inLanguage":"pt-PT","@id":"https:\/\/elegant-moore.212-227-229-181.plesk.page\/#\/schema\/logo\/image\/","url":"https:\/\/www.terapiacpap.pt\/wp-content\/uploads\/2021\/03\/logo-TERAPIACPAP.png","contentUrl":"https:\/\/www.terapiacpap.pt\/wp-content\/uploads\/2021\/03\/logo-TERAPIACPAP.png","width":1734,"height":521,"caption":"TerapiaCPAP Portugal"},"image":{"@id":"https:\/\/elegant-moore.212-227-229-181.plesk.page\/#\/schema\/logo\/image\/"},"sameAs":["https:\/\/www.facebook.com\/p\/Terapiacpap-Portugal-100063919488136\/","https:\/\/www.instagram.com\/terapiacpap.pt\/"]}]}},"_links":{"self":[{"href":"https:\/\/elegant-moore.212-227-229-181.plesk.page\/pt-pt\/wp-json\/wp\/v2\/product\/6843","targetHints":{"allow":["GET"]}}],"collection":[{"href":"https:\/\/elegant-moore.212-227-229-181.plesk.page\/pt-pt\/wp-json\/wp\/v2\/product"}],"about":[{"href":"https:\/\/elegant-moore.212-227-229-181.plesk.page\/pt-pt\/wp-json\/wp\/v2\/types\/product"}],"replies":[{"embeddable":true,"href":"https:\/\/elegant-moore.212-227-229-181.plesk.page\/pt-pt\/wp-json\/wp\/v2\/comments?post=6843"}],"wp:featuredmedia":[{"embeddable":true,"href":"https:\/\/elegant-moore.212-227-229-181.plesk.page\/pt-pt\/wp-json\/wp\/v2\/media\/9059"}],"wp:attachment":[{"href":"https:\/\/elegant-moore.212-227-229-181.plesk.page\/pt-pt\/wp-json\/wp\/v2\/media?parent=6843"}],"wp:term":[{"taxonomy":"product_brand","embeddable":true,"href":"https:\/\/elegant-moore.212-227-229-181.plesk.page\/pt-pt\/wp-json\/wp\/v2\/product_brand?post=6843"},{"taxonomy":"product_cat","embeddable":true,"href":"https:\/\/elegant-moore.212-227-229-181.plesk.page\/pt-pt\/wp-json\/wp\/v2\/product_cat?post=6843"},{"taxonomy":"product_tag","embeddable":true,"href":"https:\/\/elegant-moore.212-227-229-181.plesk.page\/pt-pt\/wp-json\/wp\/v2\/product_tag?post=6843"}],"curies":[{"name":"wp","href":"https:\/\/api.w.org\/{rel}","templated":true}]}}