{"id":7489,"date":"2025-02-06T15:22:52","date_gmt":"2025-02-06T15:22:52","guid":{"rendered":"https:\/\/www.terapiacpap.pt\/?post_type=product&#038;p=7489"},"modified":"2026-03-24T22:50:13","modified_gmt":"2026-03-24T22:50:13","slug":"concentrador-de-oxigenio-portatil-spirit-3","status":"publish","type":"product","link":"https:\/\/elegant-moore.212-227-229-181.plesk.page\/pt-pt\/producto\/concentrador-de-oxigenio-portatil-spirit-3\/","title":{"rendered":"Concentrador de Oxig\u00e9nio Port\u00e1til SPIRIT-3"},"content":{"rendered":"<p>Caudal m\u00e1ximo: 750 ml\/min<br \/>\n(Fornecimento cont\u00ednuo de oxig\u00e9nio equivalente: 3,75 l\/min)<br \/>\nConcentra\u00e7\u00e3o de oxig\u00e9nio (medida ap\u00f3s 30 minutos de aquecimento) \u226590%.<br \/>\nPress\u00e3o m\u00e1xima de sa\u00edda: 150 kPa<br \/>\nN\u00edvel sonoro: \u226455dB<br \/>\nTempo m\u00ednimo de funcionamento: 30 minutos<br \/>\nTemperatura de funcionamento: 5\u00b0C\u00b140\u00b0C<br \/>\nAltitude: 0 a 5000 m<\/p>\n","protected":false},"excerpt":{"rendered":"<p>Concentrador de oxig\u00e9nio port\u00e1til, leve e de pequenas dimens\u00f5es. Inclui saco de transporte.<\/p>\n","protected":false},"featured_media":7492,"comment_status":"open","ping_status":"closed","template":"","meta":{"_acf_changed":false},"product_brand":[],"product_cat":[42,161],"product_tag":[],"class_list":{"0":"post-7489","1":"product","2":"type-product","3":"status-publish","4":"has-post-thumbnail","6":"product_cat-concentrador-de-oxigenio","7":"product_cat-portatil","9":"first","10":"instock","11":"taxable","12":"shipping-taxable","13":"purchasable","14":"product-type-variable"},"acf":[],"yoast_head":"<!-- This site is optimized with the Yoast SEO plugin v27.0 - https:\/\/yoast.com\/product\/yoast-seo-wordpress\/ -->\n<title>Concentrador de Oxig\u00e9nio Port\u00e1til SPIRIT-3 - Terapia CPAP Portugal<\/title>\n<meta name=\"robots\" content=\"index, follow, max-snippet:-1, max-image-preview:large, max-video-preview:-1\" \/>\n<link rel=\"canonical\" href=\"https:\/\/elegant-moore.212-227-229-181.plesk.page\/pt-pt\/producto\/concentrador-de-oxigenio-portatil-spirit-3\/\" \/>\n<meta property=\"og:locale\" content=\"pt_PT\" \/>\n<meta property=\"og:type\" content=\"article\" \/>\n<meta property=\"og:title\" content=\"Concentrador de Oxig\u00e9nio Port\u00e1til SPIRIT-3 - Terapia CPAP Portugal\" \/>\n<meta property=\"og:description\" content=\"Concentrador de oxig\u00e9nio port\u00e1til, leve e de pequenas dimens\u00f5es. Inclui saco de transporte.\" \/>\n<meta property=\"og:url\" content=\"https:\/\/elegant-moore.212-227-229-181.plesk.page\/pt-pt\/producto\/concentrador-de-oxigenio-portatil-spirit-3\/\" \/>\n<meta property=\"og:site_name\" content=\"Terapia CPAP Portugal\" \/>\n<meta property=\"article:publisher\" content=\"https:\/\/www.facebook.com\/p\/Terapiacpap-Portugal-100063919488136\/\" \/>\n<meta property=\"article:modified_time\" content=\"2026-03-24T22:50:13+00:00\" \/>\n<meta property=\"og:image\" content=\"https:\/\/elegant-moore.212-227-229-181.plesk.page\/wp-content\/uploads\/2025\/02\/sprit1-600x600-1.png\" \/>\n\t<meta property=\"og:image:width\" content=\"600\" \/>\n\t<meta property=\"og:image:height\" content=\"600\" \/>\n\t<meta property=\"og:image:type\" content=\"image\/png\" \/>\n<meta name=\"twitter:card\" content=\"summary_large_image\" \/>\n<meta name=\"twitter:label1\" content=\"Tempo estimado de leitura\" \/>\n\t<meta name=\"twitter:data1\" content=\"1 minuto\" \/>\n<!-- \/ Yoast SEO plugin. -->","yoast_head_json":{"title":"Concentrador de Oxig\u00e9nio Port\u00e1til SPIRIT-3 - Terapia CPAP Portugal","robots":{"index":"index","follow":"follow","max-snippet":"max-snippet:-1","max-image-preview":"max-image-preview:large","max-video-preview":"max-video-preview:-1"},"canonical":"https:\/\/elegant-moore.212-227-229-181.plesk.page\/pt-pt\/producto\/concentrador-de-oxigenio-portatil-spirit-3\/","og_locale":"pt_PT","og_type":"article","og_title":"Concentrador de Oxig\u00e9nio Port\u00e1til SPIRIT-3 - Terapia CPAP Portugal","og_description":"Concentrador de oxig\u00e9nio port\u00e1til, leve e de pequenas dimens\u00f5es. Inclui saco de transporte.","og_url":"https:\/\/elegant-moore.212-227-229-181.plesk.page\/pt-pt\/producto\/concentrador-de-oxigenio-portatil-spirit-3\/","og_site_name":"Terapia CPAP Portugal","article_publisher":"https:\/\/www.facebook.com\/p\/Terapiacpap-Portugal-100063919488136\/","article_modified_time":"2026-03-24T22:50:13+00:00","og_image":[{"width":600,"height":600,"url":"https:\/\/elegant-moore.212-227-229-181.plesk.page\/wp-content\/uploads\/2025\/02\/sprit1-600x600-1.png","type":"image\/png"}],"twitter_card":"summary_large_image","twitter_misc":{"Tempo estimado de leitura":"1 minuto"},"schema":{"@context":"https:\/\/schema.org","@graph":[{"@type":"WebPage","@id":"https:\/\/elegant-moore.212-227-229-181.plesk.page\/pt-pt\/producto\/concentrador-de-oxigenio-portatil-spirit-3\/","url":"https:\/\/elegant-moore.212-227-229-181.plesk.page\/pt-pt\/producto\/concentrador-de-oxigenio-portatil-spirit-3\/","name":"Concentrador de Oxig\u00e9nio Port\u00e1til SPIRIT-3 - Terapia CPAP Portugal","isPartOf":{"@id":"https:\/\/elegant-moore.212-227-229-181.plesk.page\/#website"},"primaryImageOfPage":{"@id":"https:\/\/elegant-moore.212-227-229-181.plesk.page\/pt-pt\/producto\/concentrador-de-oxigenio-portatil-spirit-3\/#primaryimage"},"image":{"@id":"https:\/\/elegant-moore.212-227-229-181.plesk.page\/pt-pt\/producto\/concentrador-de-oxigenio-portatil-spirit-3\/#primaryimage"},"thumbnailUrl":"https:\/\/elegant-moore.212-227-229-181.plesk.page\/wp-content\/uploads\/2025\/02\/sprit1-600x600-1.png","datePublished":"2025-02-06T15:22:52+00:00","dateModified":"2026-03-24T22:50:13+00:00","breadcrumb":{"@id":"https:\/\/elegant-moore.212-227-229-181.plesk.page\/pt-pt\/producto\/concentrador-de-oxigenio-portatil-spirit-3\/#breadcrumb"},"inLanguage":"pt-PT","potentialAction":[{"@type":"ReadAction","target":["https:\/\/elegant-moore.212-227-229-181.plesk.page\/pt-pt\/producto\/concentrador-de-oxigenio-portatil-spirit-3\/"]}]},{"@type":"ImageObject","inLanguage":"pt-PT","@id":"https:\/\/elegant-moore.212-227-229-181.plesk.page\/pt-pt\/producto\/concentrador-de-oxigenio-portatil-spirit-3\/#primaryimage","url":"https:\/\/elegant-moore.212-227-229-181.plesk.page\/wp-content\/uploads\/2025\/02\/sprit1-600x600-1.png","contentUrl":"https:\/\/elegant-moore.212-227-229-181.plesk.page\/wp-content\/uploads\/2025\/02\/sprit1-600x600-1.png","width":600,"height":600},{"@type":"BreadcrumbList","@id":"https:\/\/elegant-moore.212-227-229-181.plesk.page\/pt-pt\/producto\/concentrador-de-oxigenio-portatil-spirit-3\/#breadcrumb","itemListElement":[{"@type":"ListItem","position":1,"name":"In\u00edcio","item":"https:\/\/elegant-moore.212-227-229-181.plesk.page\/"},{"@type":"ListItem","position":2,"name":"LOJA","item":"https:\/\/elegant-moore.212-227-229-181.plesk.page\/tienda\/"},{"@type":"ListItem","position":3,"name":"Cuidados respirat\u00f3rios","item":"https:\/\/elegant-moore.212-227-229-181.plesk.page\/pt-pt\/categoria-producto\/cuidados-respiratorios\/"},{"@type":"ListItem","position":4,"name":"Concentradores de ox\u00edgeno","item":"https:\/\/elegant-moore.212-227-229-181.plesk.page\/categoria-producto\/cuidado-respiratorio\/concentradores-de-oxigeno\/"},{"@type":"ListItem","position":5,"name":"Concentrador de Oxig\u00e9nio Port\u00e1til SPIRIT-3"}]},{"@type":"WebSite","@id":"https:\/\/elegant-moore.212-227-229-181.plesk.page\/#website","url":"https:\/\/elegant-moore.212-227-229-181.plesk.page\/","name":"TerapiaCPAP Portugal","description":"Tratamiento de Apnea do sono Portugal","publisher":{"@id":"https:\/\/elegant-moore.212-227-229-181.plesk.page\/#organization"},"alternateName":"TerapiaCPAP Portugal","potentialAction":[{"@type":"SearchAction","target":{"@type":"EntryPoint","urlTemplate":"https:\/\/elegant-moore.212-227-229-181.plesk.page\/?s={search_term_string}"},"query-input":{"@type":"PropertyValueSpecification","valueRequired":true,"valueName":"search_term_string"}}],"inLanguage":"pt-PT"},{"@type":"Organization","@id":"https:\/\/elegant-moore.212-227-229-181.plesk.page\/#organization","name":"TerapiaCPAP Portugal","alternateName":"TerapiaCPAP Portugal","url":"https:\/\/elegant-moore.212-227-229-181.plesk.page\/","logo":{"@type":"ImageObject","inLanguage":"pt-PT","@id":"https:\/\/elegant-moore.212-227-229-181.plesk.page\/#\/schema\/logo\/image\/","url":"https:\/\/www.terapiacpap.pt\/wp-content\/uploads\/2021\/03\/logo-TERAPIACPAP.png","contentUrl":"https:\/\/www.terapiacpap.pt\/wp-content\/uploads\/2021\/03\/logo-TERAPIACPAP.png","width":1734,"height":521,"caption":"TerapiaCPAP Portugal"},"image":{"@id":"https:\/\/elegant-moore.212-227-229-181.plesk.page\/#\/schema\/logo\/image\/"},"sameAs":["https:\/\/www.facebook.com\/p\/Terapiacpap-Portugal-100063919488136\/","https:\/\/www.instagram.com\/terapiacpap.pt\/"]}]}},"_links":{"self":[{"href":"https:\/\/elegant-moore.212-227-229-181.plesk.page\/pt-pt\/wp-json\/wp\/v2\/product\/7489","targetHints":{"allow":["GET"]}}],"collection":[{"href":"https:\/\/elegant-moore.212-227-229-181.plesk.page\/pt-pt\/wp-json\/wp\/v2\/product"}],"about":[{"href":"https:\/\/elegant-moore.212-227-229-181.plesk.page\/pt-pt\/wp-json\/wp\/v2\/types\/product"}],"replies":[{"embeddable":true,"href":"https:\/\/elegant-moore.212-227-229-181.plesk.page\/pt-pt\/wp-json\/wp\/v2\/comments?post=7489"}],"wp:featuredmedia":[{"embeddable":true,"href":"https:\/\/elegant-moore.212-227-229-181.plesk.page\/pt-pt\/wp-json\/wp\/v2\/media\/7492"}],"wp:attachment":[{"href":"https:\/\/elegant-moore.212-227-229-181.plesk.page\/pt-pt\/wp-json\/wp\/v2\/media?parent=7489"}],"wp:term":[{"taxonomy":"product_brand","embeddable":true,"href":"https:\/\/elegant-moore.212-227-229-181.plesk.page\/pt-pt\/wp-json\/wp\/v2\/product_brand?post=7489"},{"taxonomy":"product_cat","embeddable":true,"href":"https:\/\/elegant-moore.212-227-229-181.plesk.page\/pt-pt\/wp-json\/wp\/v2\/product_cat?post=7489"},{"taxonomy":"product_tag","embeddable":true,"href":"https:\/\/elegant-moore.212-227-229-181.plesk.page\/pt-pt\/wp-json\/wp\/v2\/product_tag?post=7489"}],"curies":[{"name":"wp","href":"https:\/\/api.w.org\/{rel}","templated":true}]}}