{"id":7517,"date":"2025-02-10T11:56:33","date_gmt":"2025-02-10T11:56:33","guid":{"rendered":"https:\/\/www.terapiacpap.pt\/?post_type=product&#038;p=7517"},"modified":"2025-09-15T13:25:29","modified_gmt":"2025-09-15T13:25:29","slug":"nebulizador-de-malha-m102","status":"publish","type":"product","link":"https:\/\/elegant-moore.212-227-229-181.plesk.page\/pt-pt\/producto\/nebulizador-de-malha-m102\/","title":{"rendered":"Nebulizador de malha M102"},"content":{"rendered":"<p>Taxa de nebuliza\u00e7\u00e3o: \u22650,2 ml\/min.<br \/>\nRes\u00edduo de medicamento: \u22640,5mL<br \/>\nTamanho da part\u00edcula: MMD 4,2um\u00b125%.<br \/>\nPercentagem de MMD &lt; 5\u03bcm: &gt; 50%.<br \/>\nRu\u00eddo: \u226445dB(A)<\/p>\n","protected":false},"excerpt":{"rendered":"<p>Nebulizador port\u00e1til e silencioso<br \/>\nTaxa de nebuliza\u00e7\u00e3o &gt;0,2mL\/min<br \/>\nVolume residual &lt;0,5mL<\/p>\n","protected":false},"featured_media":8457,"comment_status":"open","ping_status":"closed","template":"","meta":{"_acf_changed":false},"product_brand":[],"product_cat":[190],"product_tag":[],"class_list":{"0":"post-7517","1":"product","2":"type-product","3":"status-publish","4":"has-post-thumbnail","6":"product_cat-nebulizadores","8":"first","9":"instock","10":"taxable","11":"shipping-taxable","12":"purchasable","13":"product-type-simple"},"acf":[],"yoast_head":"<!-- This site is optimized with the Yoast SEO plugin v27.0 - https:\/\/yoast.com\/product\/yoast-seo-wordpress\/ -->\n<title>Nebulizador de malha M102 - Terapia CPAP Portugal<\/title>\n<meta name=\"robots\" content=\"index, follow, max-snippet:-1, max-image-preview:large, max-video-preview:-1\" \/>\n<link rel=\"canonical\" href=\"https:\/\/elegant-moore.212-227-229-181.plesk.page\/pt-pt\/producto\/nebulizador-de-malha-m102\/\" \/>\n<meta property=\"og:locale\" content=\"pt_PT\" \/>\n<meta property=\"og:type\" content=\"article\" \/>\n<meta property=\"og:title\" content=\"Nebulizador de malha M102 - Terapia CPAP Portugal\" \/>\n<meta property=\"og:description\" content=\"Nebulizador port\u00e1til e silencioso Taxa de nebuliza\u00e7\u00e3o &gt;0,2mL\/min Volume residual &lt;0,5mL\" \/>\n<meta property=\"og:url\" content=\"https:\/\/elegant-moore.212-227-229-181.plesk.page\/pt-pt\/producto\/nebulizador-de-malha-m102\/\" \/>\n<meta property=\"og:site_name\" content=\"Terapia CPAP Portugal\" \/>\n<meta property=\"article:publisher\" content=\"https:\/\/www.facebook.com\/p\/Terapiacpap-Portugal-100063919488136\/\" \/>\n<meta property=\"article:modified_time\" content=\"2025-09-15T13:25:29+00:00\" \/>\n<meta property=\"og:image\" content=\"https:\/\/elegant-moore.212-227-229-181.plesk.page\/wp-content\/uploads\/2025\/02\/Mesh-102.webp\" \/>\n\t<meta property=\"og:image:width\" content=\"1040\" \/>\n\t<meta property=\"og:image:height\" content=\"1040\" \/>\n\t<meta property=\"og:image:type\" content=\"image\/webp\" \/>\n<meta name=\"twitter:card\" content=\"summary_large_image\" \/>\n<meta name=\"twitter:label1\" content=\"Tempo estimado de leitura\" \/>\n\t<meta name=\"twitter:data1\" content=\"1 minuto\" \/>\n<!-- \/ Yoast SEO plugin. -->","yoast_head_json":{"title":"Nebulizador de malha M102 - Terapia CPAP Portugal","robots":{"index":"index","follow":"follow","max-snippet":"max-snippet:-1","max-image-preview":"max-image-preview:large","max-video-preview":"max-video-preview:-1"},"canonical":"https:\/\/elegant-moore.212-227-229-181.plesk.page\/pt-pt\/producto\/nebulizador-de-malha-m102\/","og_locale":"pt_PT","og_type":"article","og_title":"Nebulizador de malha M102 - Terapia CPAP Portugal","og_description":"Nebulizador port\u00e1til e silencioso Taxa de nebuliza\u00e7\u00e3o &gt;0,2mL\/min Volume residual &lt;0,5mL","og_url":"https:\/\/elegant-moore.212-227-229-181.plesk.page\/pt-pt\/producto\/nebulizador-de-malha-m102\/","og_site_name":"Terapia CPAP Portugal","article_publisher":"https:\/\/www.facebook.com\/p\/Terapiacpap-Portugal-100063919488136\/","article_modified_time":"2025-09-15T13:25:29+00:00","og_image":[{"width":1040,"height":1040,"url":"https:\/\/elegant-moore.212-227-229-181.plesk.page\/wp-content\/uploads\/2025\/02\/Mesh-102.webp","type":"image\/webp"}],"twitter_card":"summary_large_image","twitter_misc":{"Tempo estimado de leitura":"1 minuto"},"schema":{"@context":"https:\/\/schema.org","@graph":[{"@type":"WebPage","@id":"https:\/\/elegant-moore.212-227-229-181.plesk.page\/pt-pt\/producto\/nebulizador-de-malha-m102\/","url":"https:\/\/elegant-moore.212-227-229-181.plesk.page\/pt-pt\/producto\/nebulizador-de-malha-m102\/","name":"Nebulizador de malha M102 - Terapia CPAP Portugal","isPartOf":{"@id":"https:\/\/elegant-moore.212-227-229-181.plesk.page\/#website"},"primaryImageOfPage":{"@id":"https:\/\/elegant-moore.212-227-229-181.plesk.page\/pt-pt\/producto\/nebulizador-de-malha-m102\/#primaryimage"},"image":{"@id":"https:\/\/elegant-moore.212-227-229-181.plesk.page\/pt-pt\/producto\/nebulizador-de-malha-m102\/#primaryimage"},"thumbnailUrl":"https:\/\/elegant-moore.212-227-229-181.plesk.page\/wp-content\/uploads\/2025\/02\/Mesh-102.webp","datePublished":"2025-02-10T11:56:33+00:00","dateModified":"2025-09-15T13:25:29+00:00","breadcrumb":{"@id":"https:\/\/elegant-moore.212-227-229-181.plesk.page\/pt-pt\/producto\/nebulizador-de-malha-m102\/#breadcrumb"},"inLanguage":"pt-PT","potentialAction":[{"@type":"ReadAction","target":["https:\/\/elegant-moore.212-227-229-181.plesk.page\/pt-pt\/producto\/nebulizador-de-malha-m102\/"]}]},{"@type":"ImageObject","inLanguage":"pt-PT","@id":"https:\/\/elegant-moore.212-227-229-181.plesk.page\/pt-pt\/producto\/nebulizador-de-malha-m102\/#primaryimage","url":"https:\/\/elegant-moore.212-227-229-181.plesk.page\/wp-content\/uploads\/2025\/02\/Mesh-102.webp","contentUrl":"https:\/\/elegant-moore.212-227-229-181.plesk.page\/wp-content\/uploads\/2025\/02\/Mesh-102.webp","width":1040,"height":1040},{"@type":"BreadcrumbList","@id":"https:\/\/elegant-moore.212-227-229-181.plesk.page\/pt-pt\/producto\/nebulizador-de-malha-m102\/#breadcrumb","itemListElement":[{"@type":"ListItem","position":1,"name":"In\u00edcio","item":"https:\/\/elegant-moore.212-227-229-181.plesk.page\/"},{"@type":"ListItem","position":2,"name":"LOJA","item":"https:\/\/elegant-moore.212-227-229-181.plesk.page\/tienda\/"},{"@type":"ListItem","position":3,"name":"Cuidados respirat\u00f3rios","item":"https:\/\/elegant-moore.212-227-229-181.plesk.page\/pt-pt\/categoria-producto\/cuidados-respiratorios\/"},{"@type":"ListItem","position":4,"name":"Nebuliza\u00e7\u00e3o","item":"https:\/\/elegant-moore.212-227-229-181.plesk.page\/pt-pt\/categoria-producto\/cuidados-respiratorios\/nebulizacao\/"},{"@type":"ListItem","position":5,"name":"Nebulizadores","item":"https:\/\/elegant-moore.212-227-229-181.plesk.page\/pt-pt\/categoria-producto\/cuidados-respiratorios\/nebulizacao\/nebulizadores\/"},{"@type":"ListItem","position":6,"name":"Nebulizador de malha M102"}]},{"@type":"WebSite","@id":"https:\/\/elegant-moore.212-227-229-181.plesk.page\/#website","url":"https:\/\/elegant-moore.212-227-229-181.plesk.page\/","name":"TerapiaCPAP Portugal","description":"Tratamiento de Apnea do sono Portugal","publisher":{"@id":"https:\/\/elegant-moore.212-227-229-181.plesk.page\/#organization"},"alternateName":"TerapiaCPAP Portugal","potentialAction":[{"@type":"SearchAction","target":{"@type":"EntryPoint","urlTemplate":"https:\/\/elegant-moore.212-227-229-181.plesk.page\/?s={search_term_string}"},"query-input":{"@type":"PropertyValueSpecification","valueRequired":true,"valueName":"search_term_string"}}],"inLanguage":"pt-PT"},{"@type":"Organization","@id":"https:\/\/elegant-moore.212-227-229-181.plesk.page\/#organization","name":"TerapiaCPAP Portugal","alternateName":"TerapiaCPAP Portugal","url":"https:\/\/elegant-moore.212-227-229-181.plesk.page\/","logo":{"@type":"ImageObject","inLanguage":"pt-PT","@id":"https:\/\/elegant-moore.212-227-229-181.plesk.page\/#\/schema\/logo\/image\/","url":"https:\/\/www.terapiacpap.pt\/wp-content\/uploads\/2021\/03\/logo-TERAPIACPAP.png","contentUrl":"https:\/\/www.terapiacpap.pt\/wp-content\/uploads\/2021\/03\/logo-TERAPIACPAP.png","width":1734,"height":521,"caption":"TerapiaCPAP Portugal"},"image":{"@id":"https:\/\/elegant-moore.212-227-229-181.plesk.page\/#\/schema\/logo\/image\/"},"sameAs":["https:\/\/www.facebook.com\/p\/Terapiacpap-Portugal-100063919488136\/","https:\/\/www.instagram.com\/terapiacpap.pt\/"]}]}},"_links":{"self":[{"href":"https:\/\/elegant-moore.212-227-229-181.plesk.page\/pt-pt\/wp-json\/wp\/v2\/product\/7517","targetHints":{"allow":["GET"]}}],"collection":[{"href":"https:\/\/elegant-moore.212-227-229-181.plesk.page\/pt-pt\/wp-json\/wp\/v2\/product"}],"about":[{"href":"https:\/\/elegant-moore.212-227-229-181.plesk.page\/pt-pt\/wp-json\/wp\/v2\/types\/product"}],"replies":[{"embeddable":true,"href":"https:\/\/elegant-moore.212-227-229-181.plesk.page\/pt-pt\/wp-json\/wp\/v2\/comments?post=7517"}],"wp:featuredmedia":[{"embeddable":true,"href":"https:\/\/elegant-moore.212-227-229-181.plesk.page\/pt-pt\/wp-json\/wp\/v2\/media\/8457"}],"wp:attachment":[{"href":"https:\/\/elegant-moore.212-227-229-181.plesk.page\/pt-pt\/wp-json\/wp\/v2\/media?parent=7517"}],"wp:term":[{"taxonomy":"product_brand","embeddable":true,"href":"https:\/\/elegant-moore.212-227-229-181.plesk.page\/pt-pt\/wp-json\/wp\/v2\/product_brand?post=7517"},{"taxonomy":"product_cat","embeddable":true,"href":"https:\/\/elegant-moore.212-227-229-181.plesk.page\/pt-pt\/wp-json\/wp\/v2\/product_cat?post=7517"},{"taxonomy":"product_tag","embeddable":true,"href":"https:\/\/elegant-moore.212-227-229-181.plesk.page\/pt-pt\/wp-json\/wp\/v2\/product_tag?post=7517"}],"curies":[{"name":"wp","href":"https:\/\/api.w.org\/{rel}","templated":true}]}}