{"id":7577,"date":"2025-02-12T15:50:01","date_gmt":"2025-02-12T15:50:01","guid":{"rendered":"https:\/\/www.terapiacpap.pt\/?post_type=product&#038;p=7577"},"modified":"2025-05-14T07:17:58","modified_gmt":"2025-05-14T07:17:58","slug":"treinador-de-musculos-expiratorios-emt","status":"publish","type":"product","link":"https:\/\/elegant-moore.212-227-229-181.plesk.page\/pt-pt\/producto\/treinador-de-musculos-expiratorios-emt\/","title":{"rendered":"Treinador de m\u00fasculos expirat\u00f3rios (EMT)"},"content":{"rendered":"<p>O POWERbreathe EX1 utiliza o m\u00e9todo de treino respirat\u00f3rio \u201climiar de press\u00e3o\u201d, uma t\u00e9cnica compar\u00e1vel ao levantamento de pesos. O utilizador pode ajustar progressivamente a resist\u00eancia, permitindo que o treino se intensifique (ou atenue) \u00e0 medida que os m\u00fasculos expirat\u00f3rios ganham for\u00e7a e capacidade. Esta abordagem personalizada garante um treino eficaz e adaptado \u00e0s necessidades individuais.<\/p>\n","protected":false},"excerpt":{"rendered":"<p>O EX1 \u00e9 a mais recente inova\u00e7\u00e3o da POWERbreathe no mercado. \u00c9 um dispositivo de treino muscular de expira\u00e7\u00e3o (EMT) port\u00e1til e sem medicamentos, concebido para fortalecer e melhorar a fun\u00e7\u00e3o e a resist\u00eancia dos m\u00fasculos respirat\u00f3rios. Ao expirar atrav\u00e9s do dispositivo, este oferece uma resist\u00eancia ajust\u00e1vel, que obriga os m\u00fasculos expirat\u00f3rios a trabalharem mais, promovendo um aumento da for\u00e7a respirat\u00f3ria.<\/p>\n","protected":false},"featured_media":7593,"comment_status":"open","ping_status":"closed","template":"","meta":{"_acf_changed":false},"product_brand":[],"product_cat":[195],"product_tag":[],"class_list":{"0":"post-7577","1":"product","2":"type-product","3":"status-publish","4":"has-post-thumbnail","6":"product_cat-fisioterapia-respiratoria","8":"first","9":"instock","10":"taxable","11":"shipping-taxable","12":"purchasable","13":"product-type-simple"},"acf":[],"yoast_head":"<!-- This site is optimized with the Yoast SEO plugin v27.0 - https:\/\/yoast.com\/product\/yoast-seo-wordpress\/ -->\n<title>Treinador de m\u00fasculos expirat\u00f3rios (EMT) - Terapia CPAP Portugal<\/title>\n<meta name=\"robots\" content=\"index, follow, max-snippet:-1, max-image-preview:large, max-video-preview:-1\" \/>\n<link rel=\"canonical\" href=\"https:\/\/elegant-moore.212-227-229-181.plesk.page\/pt-pt\/producto\/treinador-de-musculos-expiratorios-emt\/\" \/>\n<meta property=\"og:locale\" content=\"pt_PT\" \/>\n<meta property=\"og:type\" content=\"article\" \/>\n<meta property=\"og:title\" content=\"Treinador de m\u00fasculos expirat\u00f3rios (EMT) - Terapia CPAP Portugal\" \/>\n<meta property=\"og:description\" content=\"O EX1 \u00e9 a mais recente inova\u00e7\u00e3o da POWERbreathe no mercado. \u00c9 um dispositivo de treino muscular de expira\u00e7\u00e3o (EMT) port\u00e1til e sem medicamentos, concebido para fortalecer e melhorar a fun\u00e7\u00e3o e a resist\u00eancia dos m\u00fasculos respirat\u00f3rios. Ao expirar atrav\u00e9s do dispositivo, este oferece uma resist\u00eancia ajust\u00e1vel, que obriga os m\u00fasculos expirat\u00f3rios a trabalharem mais, promovendo um aumento da for\u00e7a respirat\u00f3ria.\" \/>\n<meta property=\"og:url\" content=\"https:\/\/elegant-moore.212-227-229-181.plesk.page\/pt-pt\/producto\/treinador-de-musculos-expiratorios-emt\/\" \/>\n<meta property=\"og:site_name\" content=\"Terapia CPAP Portugal\" \/>\n<meta property=\"article:publisher\" content=\"https:\/\/www.facebook.com\/p\/Terapiacpap-Portugal-100063919488136\/\" \/>\n<meta property=\"article:modified_time\" content=\"2025-05-14T07:17:58+00:00\" \/>\n<meta property=\"og:image\" content=\"https:\/\/elegant-moore.212-227-229-181.plesk.page\/wp-content\/uploads\/2025\/02\/Power-breatge-EX1.png\" \/>\n\t<meta property=\"og:image:width\" content=\"1080\" \/>\n\t<meta property=\"og:image:height\" content=\"1080\" \/>\n\t<meta property=\"og:image:type\" content=\"image\/png\" \/>\n<meta name=\"twitter:card\" content=\"summary_large_image\" \/>\n<meta name=\"twitter:label1\" content=\"Tempo estimado de leitura\" \/>\n\t<meta name=\"twitter:data1\" content=\"1 minuto\" \/>\n<!-- \/ Yoast SEO plugin. -->","yoast_head_json":{"title":"Treinador de m\u00fasculos expirat\u00f3rios (EMT) - Terapia CPAP Portugal","robots":{"index":"index","follow":"follow","max-snippet":"max-snippet:-1","max-image-preview":"max-image-preview:large","max-video-preview":"max-video-preview:-1"},"canonical":"https:\/\/elegant-moore.212-227-229-181.plesk.page\/pt-pt\/producto\/treinador-de-musculos-expiratorios-emt\/","og_locale":"pt_PT","og_type":"article","og_title":"Treinador de m\u00fasculos expirat\u00f3rios (EMT) - Terapia CPAP Portugal","og_description":"O EX1 \u00e9 a mais recente inova\u00e7\u00e3o da POWERbreathe no mercado. \u00c9 um dispositivo de treino muscular de expira\u00e7\u00e3o (EMT) port\u00e1til e sem medicamentos, concebido para fortalecer e melhorar a fun\u00e7\u00e3o e a resist\u00eancia dos m\u00fasculos respirat\u00f3rios. Ao expirar atrav\u00e9s do dispositivo, este oferece uma resist\u00eancia ajust\u00e1vel, que obriga os m\u00fasculos expirat\u00f3rios a trabalharem mais, promovendo um aumento da for\u00e7a respirat\u00f3ria.","og_url":"https:\/\/elegant-moore.212-227-229-181.plesk.page\/pt-pt\/producto\/treinador-de-musculos-expiratorios-emt\/","og_site_name":"Terapia CPAP Portugal","article_publisher":"https:\/\/www.facebook.com\/p\/Terapiacpap-Portugal-100063919488136\/","article_modified_time":"2025-05-14T07:17:58+00:00","og_image":[{"width":1080,"height":1080,"url":"https:\/\/elegant-moore.212-227-229-181.plesk.page\/wp-content\/uploads\/2025\/02\/Power-breatge-EX1.png","type":"image\/png"}],"twitter_card":"summary_large_image","twitter_misc":{"Tempo estimado de leitura":"1 minuto"},"schema":{"@context":"https:\/\/schema.org","@graph":[{"@type":"WebPage","@id":"https:\/\/elegant-moore.212-227-229-181.plesk.page\/pt-pt\/producto\/treinador-de-musculos-expiratorios-emt\/","url":"https:\/\/elegant-moore.212-227-229-181.plesk.page\/pt-pt\/producto\/treinador-de-musculos-expiratorios-emt\/","name":"Treinador de m\u00fasculos expirat\u00f3rios (EMT) - Terapia CPAP Portugal","isPartOf":{"@id":"https:\/\/elegant-moore.212-227-229-181.plesk.page\/#website"},"primaryImageOfPage":{"@id":"https:\/\/elegant-moore.212-227-229-181.plesk.page\/pt-pt\/producto\/treinador-de-musculos-expiratorios-emt\/#primaryimage"},"image":{"@id":"https:\/\/elegant-moore.212-227-229-181.plesk.page\/pt-pt\/producto\/treinador-de-musculos-expiratorios-emt\/#primaryimage"},"thumbnailUrl":"https:\/\/elegant-moore.212-227-229-181.plesk.page\/wp-content\/uploads\/2025\/02\/Power-breatge-EX1.png","datePublished":"2025-02-12T15:50:01+00:00","dateModified":"2025-05-14T07:17:58+00:00","breadcrumb":{"@id":"https:\/\/elegant-moore.212-227-229-181.plesk.page\/pt-pt\/producto\/treinador-de-musculos-expiratorios-emt\/#breadcrumb"},"inLanguage":"pt-PT","potentialAction":[{"@type":"ReadAction","target":["https:\/\/elegant-moore.212-227-229-181.plesk.page\/pt-pt\/producto\/treinador-de-musculos-expiratorios-emt\/"]}]},{"@type":"ImageObject","inLanguage":"pt-PT","@id":"https:\/\/elegant-moore.212-227-229-181.plesk.page\/pt-pt\/producto\/treinador-de-musculos-expiratorios-emt\/#primaryimage","url":"https:\/\/elegant-moore.212-227-229-181.plesk.page\/wp-content\/uploads\/2025\/02\/Power-breatge-EX1.png","contentUrl":"https:\/\/elegant-moore.212-227-229-181.plesk.page\/wp-content\/uploads\/2025\/02\/Power-breatge-EX1.png","width":1080,"height":1080},{"@type":"BreadcrumbList","@id":"https:\/\/elegant-moore.212-227-229-181.plesk.page\/pt-pt\/producto\/treinador-de-musculos-expiratorios-emt\/#breadcrumb","itemListElement":[{"@type":"ListItem","position":1,"name":"In\u00edcio","item":"https:\/\/elegant-moore.212-227-229-181.plesk.page\/"},{"@type":"ListItem","position":2,"name":"LOJA","item":"https:\/\/elegant-moore.212-227-229-181.plesk.page\/tienda\/"},{"@type":"ListItem","position":3,"name":"Cuidados respirat\u00f3rios","item":"https:\/\/elegant-moore.212-227-229-181.plesk.page\/pt-pt\/categoria-producto\/cuidados-respiratorios\/"},{"@type":"ListItem","position":4,"name":"Fisioterapia Respirat\u00f3ria","item":"https:\/\/elegant-moore.212-227-229-181.plesk.page\/pt-pt\/categoria-producto\/cuidados-respiratorios\/fisioterapia-respiratoria\/"},{"@type":"ListItem","position":5,"name":"Treinador de m\u00fasculos expirat\u00f3rios (EMT)"}]},{"@type":"WebSite","@id":"https:\/\/elegant-moore.212-227-229-181.plesk.page\/#website","url":"https:\/\/elegant-moore.212-227-229-181.plesk.page\/","name":"TerapiaCPAP Portugal","description":"Tratamiento de Apnea do sono Portugal","publisher":{"@id":"https:\/\/elegant-moore.212-227-229-181.plesk.page\/#organization"},"alternateName":"TerapiaCPAP Portugal","potentialAction":[{"@type":"SearchAction","target":{"@type":"EntryPoint","urlTemplate":"https:\/\/elegant-moore.212-227-229-181.plesk.page\/?s={search_term_string}"},"query-input":{"@type":"PropertyValueSpecification","valueRequired":true,"valueName":"search_term_string"}}],"inLanguage":"pt-PT"},{"@type":"Organization","@id":"https:\/\/elegant-moore.212-227-229-181.plesk.page\/#organization","name":"TerapiaCPAP Portugal","alternateName":"TerapiaCPAP Portugal","url":"https:\/\/elegant-moore.212-227-229-181.plesk.page\/","logo":{"@type":"ImageObject","inLanguage":"pt-PT","@id":"https:\/\/elegant-moore.212-227-229-181.plesk.page\/#\/schema\/logo\/image\/","url":"https:\/\/www.terapiacpap.pt\/wp-content\/uploads\/2021\/03\/logo-TERAPIACPAP.png","contentUrl":"https:\/\/www.terapiacpap.pt\/wp-content\/uploads\/2021\/03\/logo-TERAPIACPAP.png","width":1734,"height":521,"caption":"TerapiaCPAP Portugal"},"image":{"@id":"https:\/\/elegant-moore.212-227-229-181.plesk.page\/#\/schema\/logo\/image\/"},"sameAs":["https:\/\/www.facebook.com\/p\/Terapiacpap-Portugal-100063919488136\/","https:\/\/www.instagram.com\/terapiacpap.pt\/"]}]}},"_links":{"self":[{"href":"https:\/\/elegant-moore.212-227-229-181.plesk.page\/pt-pt\/wp-json\/wp\/v2\/product\/7577","targetHints":{"allow":["GET"]}}],"collection":[{"href":"https:\/\/elegant-moore.212-227-229-181.plesk.page\/pt-pt\/wp-json\/wp\/v2\/product"}],"about":[{"href":"https:\/\/elegant-moore.212-227-229-181.plesk.page\/pt-pt\/wp-json\/wp\/v2\/types\/product"}],"replies":[{"embeddable":true,"href":"https:\/\/elegant-moore.212-227-229-181.plesk.page\/pt-pt\/wp-json\/wp\/v2\/comments?post=7577"}],"wp:featuredmedia":[{"embeddable":true,"href":"https:\/\/elegant-moore.212-227-229-181.plesk.page\/pt-pt\/wp-json\/wp\/v2\/media\/7593"}],"wp:attachment":[{"href":"https:\/\/elegant-moore.212-227-229-181.plesk.page\/pt-pt\/wp-json\/wp\/v2\/media?parent=7577"}],"wp:term":[{"taxonomy":"product_brand","embeddable":true,"href":"https:\/\/elegant-moore.212-227-229-181.plesk.page\/pt-pt\/wp-json\/wp\/v2\/product_brand?post=7577"},{"taxonomy":"product_cat","embeddable":true,"href":"https:\/\/elegant-moore.212-227-229-181.plesk.page\/pt-pt\/wp-json\/wp\/v2\/product_cat?post=7577"},{"taxonomy":"product_tag","embeddable":true,"href":"https:\/\/elegant-moore.212-227-229-181.plesk.page\/pt-pt\/wp-json\/wp\/v2\/product_tag?post=7577"}],"curies":[{"name":"wp","href":"https:\/\/api.w.org\/{rel}","templated":true}]}}