{"id":7874,"date":"2025-05-07T13:28:17","date_gmt":"2025-05-07T13:28:17","guid":{"rendered":"https:\/\/www.terapiacpap.pt\/?post_type=product&#038;p=7874"},"modified":"2026-03-24T22:50:14","modified_gmt":"2026-03-24T22:50:14","slug":"bateria-para-ventilador-vivo-xpac","status":"publish","type":"product","link":"https:\/\/elegant-moore.212-227-229-181.plesk.page\/pt-pt\/producto\/bateria-para-ventilador-vivo-xpac\/","title":{"rendered":"Bateria para ventilador Vivo XPAC"},"content":{"rendered":"<p>Maior autonomia da bateria<br \/>\nO dobro da capacidade de baterias externas compar\u00e1veis com 2 baterias de 99,4 Wh<\/p>\n<p>Custos de funcionamento mais baixos<br \/>\nBaterias amov\u00edveis que podem ser substitu\u00eddas quando atingem o fim da sua vida \u00fatil<\/p>\n<p>Ecr\u00e3 LED inteligente e intuitivo<br \/>\nSistema de gest\u00e3o da bateria que permite ao utilizador verificar o estado da carga\/estado de sa\u00fade<\/p>\n<p>Sistema de carregamento r\u00e1pido independente<br \/>\nCarrega ambas as baterias em menos de 4 horas<\/p>\n<p>Mobilidade<br \/>\nBolsa de ombro opcional que tamb\u00e9m protege a bateria quando colocada sobre\/sob a cadeira de rodas<br \/>\nCertificado para utiliza\u00e7\u00e3o em avi\u00f5es (remover uma bateria)<\/p>\n","protected":false},"excerpt":{"rendered":"<p>XPAC Dual, fonte de alimenta\u00e7\u00e3o m\u00f3vel, 2 baterias.<\/p>\n<p>A Breas Xpac \u00e9 uma bateria de reserva com uma vida \u00fatil alargada.<br \/>\nO seu design modular cont\u00e9m duas potentes baterias de i\u00f5es de l\u00edtio que podem ser facilmente removidas e substitu\u00eddas pelo utilizador. O indicador LED intuitivo do Xpac mostra o estado de cada bateria para que saiba quando \u00e9 altura de carregar.<\/p>\n<p>*O cabo do ventilador deve ser adquirido separadamente.<\/p>\n","protected":false},"featured_media":7877,"comment_status":"open","ping_status":"closed","template":"","meta":{"_acf_changed":false},"product_brand":[],"product_cat":[15,102],"product_tag":[],"class_list":{"0":"post-7874","1":"product","2":"type-product","3":"status-publish","4":"has-post-thumbnail","6":"product_cat-accessorios","7":"product_cat-fontes-de-alimentacao","9":"first","10":"instock","11":"taxable","12":"shipping-taxable","13":"purchasable","14":"product-type-variable"},"acf":[],"yoast_head":"<!-- This site is optimized with the Yoast SEO plugin v27.0 - https:\/\/yoast.com\/product\/yoast-seo-wordpress\/ -->\n<title>Bateria para ventilador Vivo XPAC - Terapia CPAP Portugal<\/title>\n<meta name=\"robots\" content=\"index, follow, max-snippet:-1, max-image-preview:large, max-video-preview:-1\" \/>\n<link rel=\"canonical\" href=\"https:\/\/elegant-moore.212-227-229-181.plesk.page\/pt-pt\/producto\/bateria-para-ventilador-vivo-xpac\/\" \/>\n<meta property=\"og:locale\" content=\"pt_PT\" \/>\n<meta property=\"og:type\" content=\"article\" \/>\n<meta property=\"og:title\" content=\"Bateria para ventilador Vivo XPAC - Terapia CPAP Portugal\" \/>\n<meta property=\"og:description\" content=\"XPAC Dual, fonte de alimenta\u00e7\u00e3o m\u00f3vel, 2 baterias.  A Breas Xpac \u00e9 uma bateria de reserva com uma vida \u00fatil alargada. O seu design modular cont\u00e9m duas potentes baterias de i\u00f5es de l\u00edtio que podem ser facilmente removidas e substitu\u00eddas pelo utilizador. O indicador LED intuitivo do Xpac mostra o estado de cada bateria para que saiba quando \u00e9 altura de carregar.  *O cabo do ventilador deve ser adquirido separadamente.\" \/>\n<meta property=\"og:url\" content=\"https:\/\/elegant-moore.212-227-229-181.plesk.page\/pt-pt\/producto\/bateria-para-ventilador-vivo-xpac\/\" \/>\n<meta property=\"og:site_name\" content=\"Terapia CPAP Portugal\" \/>\n<meta property=\"article:publisher\" content=\"https:\/\/www.facebook.com\/p\/Terapiacpap-Portugal-100063919488136\/\" \/>\n<meta property=\"article:modified_time\" content=\"2026-03-24T22:50:14+00:00\" \/>\n<meta property=\"og:image\" content=\"https:\/\/elegant-moore.212-227-229-181.plesk.page\/wp-content\/uploads\/2025\/05\/breas_xpac_hand-e1746623957886.webp\" \/>\n\t<meta property=\"og:image:width\" content=\"267\" \/>\n\t<meta property=\"og:image:height\" content=\"400\" \/>\n\t<meta property=\"og:image:type\" content=\"image\/webp\" \/>\n<meta name=\"twitter:card\" content=\"summary_large_image\" \/>\n<meta name=\"twitter:label1\" content=\"Tempo estimado de leitura\" \/>\n\t<meta name=\"twitter:data1\" content=\"1 minuto\" \/>\n<!-- \/ Yoast SEO plugin. -->","yoast_head_json":{"title":"Bateria para ventilador Vivo XPAC - Terapia CPAP Portugal","robots":{"index":"index","follow":"follow","max-snippet":"max-snippet:-1","max-image-preview":"max-image-preview:large","max-video-preview":"max-video-preview:-1"},"canonical":"https:\/\/elegant-moore.212-227-229-181.plesk.page\/pt-pt\/producto\/bateria-para-ventilador-vivo-xpac\/","og_locale":"pt_PT","og_type":"article","og_title":"Bateria para ventilador Vivo XPAC - Terapia CPAP Portugal","og_description":"XPAC Dual, fonte de alimenta\u00e7\u00e3o m\u00f3vel, 2 baterias.  A Breas Xpac \u00e9 uma bateria de reserva com uma vida \u00fatil alargada. O seu design modular cont\u00e9m duas potentes baterias de i\u00f5es de l\u00edtio que podem ser facilmente removidas e substitu\u00eddas pelo utilizador. O indicador LED intuitivo do Xpac mostra o estado de cada bateria para que saiba quando \u00e9 altura de carregar.  *O cabo do ventilador deve ser adquirido separadamente.","og_url":"https:\/\/elegant-moore.212-227-229-181.plesk.page\/pt-pt\/producto\/bateria-para-ventilador-vivo-xpac\/","og_site_name":"Terapia CPAP Portugal","article_publisher":"https:\/\/www.facebook.com\/p\/Terapiacpap-Portugal-100063919488136\/","article_modified_time":"2026-03-24T22:50:14+00:00","og_image":[{"width":267,"height":400,"url":"https:\/\/elegant-moore.212-227-229-181.plesk.page\/wp-content\/uploads\/2025\/05\/breas_xpac_hand-e1746623957886.webp","type":"image\/webp"}],"twitter_card":"summary_large_image","twitter_misc":{"Tempo estimado de leitura":"1 minuto"},"schema":{"@context":"https:\/\/schema.org","@graph":[{"@type":"WebPage","@id":"https:\/\/elegant-moore.212-227-229-181.plesk.page\/pt-pt\/producto\/bateria-para-ventilador-vivo-xpac\/","url":"https:\/\/elegant-moore.212-227-229-181.plesk.page\/pt-pt\/producto\/bateria-para-ventilador-vivo-xpac\/","name":"Bateria para ventilador Vivo XPAC - Terapia CPAP Portugal","isPartOf":{"@id":"https:\/\/elegant-moore.212-227-229-181.plesk.page\/#website"},"primaryImageOfPage":{"@id":"https:\/\/elegant-moore.212-227-229-181.plesk.page\/pt-pt\/producto\/bateria-para-ventilador-vivo-xpac\/#primaryimage"},"image":{"@id":"https:\/\/elegant-moore.212-227-229-181.plesk.page\/pt-pt\/producto\/bateria-para-ventilador-vivo-xpac\/#primaryimage"},"thumbnailUrl":"https:\/\/elegant-moore.212-227-229-181.plesk.page\/wp-content\/uploads\/2025\/05\/breas_xpac_hand-e1746623957886.webp","datePublished":"2025-05-07T13:28:17+00:00","dateModified":"2026-03-24T22:50:14+00:00","breadcrumb":{"@id":"https:\/\/elegant-moore.212-227-229-181.plesk.page\/pt-pt\/producto\/bateria-para-ventilador-vivo-xpac\/#breadcrumb"},"inLanguage":"pt-PT","potentialAction":[{"@type":"ReadAction","target":["https:\/\/elegant-moore.212-227-229-181.plesk.page\/pt-pt\/producto\/bateria-para-ventilador-vivo-xpac\/"]}]},{"@type":"ImageObject","inLanguage":"pt-PT","@id":"https:\/\/elegant-moore.212-227-229-181.plesk.page\/pt-pt\/producto\/bateria-para-ventilador-vivo-xpac\/#primaryimage","url":"https:\/\/elegant-moore.212-227-229-181.plesk.page\/wp-content\/uploads\/2025\/05\/breas_xpac_hand-e1746623957886.webp","contentUrl":"https:\/\/elegant-moore.212-227-229-181.plesk.page\/wp-content\/uploads\/2025\/05\/breas_xpac_hand-e1746623957886.webp","width":267,"height":400},{"@type":"BreadcrumbList","@id":"https:\/\/elegant-moore.212-227-229-181.plesk.page\/pt-pt\/producto\/bateria-para-ventilador-vivo-xpac\/#breadcrumb","itemListElement":[{"@type":"ListItem","position":1,"name":"In\u00edcio","item":"https:\/\/elegant-moore.212-227-229-181.plesk.page\/"},{"@type":"ListItem","position":2,"name":"LOJA","item":"https:\/\/elegant-moore.212-227-229-181.plesk.page\/tienda\/"},{"@type":"ListItem","position":3,"name":"Apneia de sonho","item":"https:\/\/elegant-moore.212-227-229-181.plesk.page\/pt-pt\/categoria-producto\/apneia-de-sonho\/"},{"@type":"ListItem","position":4,"name":"Accesorios","item":"https:\/\/elegant-moore.212-227-229-181.plesk.page\/categoria-producto\/apnea-del-sueno\/accesorios\/"},{"@type":"ListItem","position":5,"name":"Bateria para ventilador Vivo XPAC"}]},{"@type":"WebSite","@id":"https:\/\/elegant-moore.212-227-229-181.plesk.page\/#website","url":"https:\/\/elegant-moore.212-227-229-181.plesk.page\/","name":"TerapiaCPAP Portugal","description":"Tratamiento de Apnea do sono Portugal","publisher":{"@id":"https:\/\/elegant-moore.212-227-229-181.plesk.page\/#organization"},"alternateName":"TerapiaCPAP Portugal","potentialAction":[{"@type":"SearchAction","target":{"@type":"EntryPoint","urlTemplate":"https:\/\/elegant-moore.212-227-229-181.plesk.page\/?s={search_term_string}"},"query-input":{"@type":"PropertyValueSpecification","valueRequired":true,"valueName":"search_term_string"}}],"inLanguage":"pt-PT"},{"@type":"Organization","@id":"https:\/\/elegant-moore.212-227-229-181.plesk.page\/#organization","name":"TerapiaCPAP Portugal","alternateName":"TerapiaCPAP Portugal","url":"https:\/\/elegant-moore.212-227-229-181.plesk.page\/","logo":{"@type":"ImageObject","inLanguage":"pt-PT","@id":"https:\/\/elegant-moore.212-227-229-181.plesk.page\/#\/schema\/logo\/image\/","url":"https:\/\/www.terapiacpap.pt\/wp-content\/uploads\/2021\/03\/logo-TERAPIACPAP.png","contentUrl":"https:\/\/www.terapiacpap.pt\/wp-content\/uploads\/2021\/03\/logo-TERAPIACPAP.png","width":1734,"height":521,"caption":"TerapiaCPAP Portugal"},"image":{"@id":"https:\/\/elegant-moore.212-227-229-181.plesk.page\/#\/schema\/logo\/image\/"},"sameAs":["https:\/\/www.facebook.com\/p\/Terapiacpap-Portugal-100063919488136\/","https:\/\/www.instagram.com\/terapiacpap.pt\/"]}]}},"_links":{"self":[{"href":"https:\/\/elegant-moore.212-227-229-181.plesk.page\/pt-pt\/wp-json\/wp\/v2\/product\/7874","targetHints":{"allow":["GET"]}}],"collection":[{"href":"https:\/\/elegant-moore.212-227-229-181.plesk.page\/pt-pt\/wp-json\/wp\/v2\/product"}],"about":[{"href":"https:\/\/elegant-moore.212-227-229-181.plesk.page\/pt-pt\/wp-json\/wp\/v2\/types\/product"}],"replies":[{"embeddable":true,"href":"https:\/\/elegant-moore.212-227-229-181.plesk.page\/pt-pt\/wp-json\/wp\/v2\/comments?post=7874"}],"wp:featuredmedia":[{"embeddable":true,"href":"https:\/\/elegant-moore.212-227-229-181.plesk.page\/pt-pt\/wp-json\/wp\/v2\/media\/7877"}],"wp:attachment":[{"href":"https:\/\/elegant-moore.212-227-229-181.plesk.page\/pt-pt\/wp-json\/wp\/v2\/media?parent=7874"}],"wp:term":[{"taxonomy":"product_brand","embeddable":true,"href":"https:\/\/elegant-moore.212-227-229-181.plesk.page\/pt-pt\/wp-json\/wp\/v2\/product_brand?post=7874"},{"taxonomy":"product_cat","embeddable":true,"href":"https:\/\/elegant-moore.212-227-229-181.plesk.page\/pt-pt\/wp-json\/wp\/v2\/product_cat?post=7874"},{"taxonomy":"product_tag","embeddable":true,"href":"https:\/\/elegant-moore.212-227-229-181.plesk.page\/pt-pt\/wp-json\/wp\/v2\/product_tag?post=7874"}],"curies":[{"name":"wp","href":"https:\/\/api.w.org\/{rel}","templated":true}]}}