{"id":8285,"date":"2025-08-28T10:34:27","date_gmt":"2025-08-28T10:34:27","guid":{"rendered":"https:\/\/www.terapiacpap.pt\/?post_type=product&#038;p=8285"},"modified":"2025-10-14T11:14:42","modified_gmt":"2025-10-14T11:14:42","slug":"pari-boy-classic","status":"publish","type":"product","link":"https:\/\/elegant-moore.212-227-229-181.plesk.page\/pt-pt\/producto\/pari-boy-classic\/","title":{"rendered":"PARI BOY Classic"},"content":{"rendered":"<p><strong data-start=\"60\" data-end=\"127\">Nebulizador PARI LC SPRINT com PIF Control \u2013 Sistema Patenteado<\/strong><br data-start=\"127\" data-end=\"130\" \/>Os nebulizadores PARI est\u00e3o equipados com o PIF Control System.<br data-start=\"193\" data-end=\"196\" \/>O PIF Control System \u00e9 um sistema de resposta sensorial \u00e0 respira\u00e7\u00e3o do paciente que limita automaticamente o fluxo de ar inalado (PIF = Peak Inspiratory Flow). Se o paciente inspirar demasiado r\u00e1pido, a v\u00e1lvula reduz o tamanho da abertura da c\u00e2mara do nebulizador. O paciente percebe isto como uma resist\u00eancia; \u00e9 um sinal de alerta para que inspire mais devagar durante o restante da sess\u00e3o. Desta forma, o PIF Control System ensina o paciente a inspirar de forma lenta e controlada, para conseguir uma deposi\u00e7\u00e3o pulmonar eficaz do medicamento.<\/p>\n<p>Adequado para adultos e crian\u00e7as a partir dos 4 anos.<\/p>\n","protected":false},"excerpt":{"rendered":"<p data-start=\"87\" data-end=\"150\"><strong data-start=\"87\" data-end=\"148\">PARI BOY Classic \u2013 Nebulizador Fi\u00e1vel para Toda a Fam\u00edlia<\/strong><\/p>\n<p data-start=\"152\" data-end=\"483\">O <strong data-start=\"154\" data-end=\"174\">PARI BOY Classic<\/strong> \u00e9 um nebulizador de alta qualidade, concebido para proporcionar uma terapia respirat\u00f3ria eficaz e confort\u00e1vel em casa. Ideal para utilizadores de todas as idades, este dispositivo garante uma administra\u00e7\u00e3o eficiente de medicamentos l\u00edquidos aos pulm\u00f5es, ajudando a melhorar a respira\u00e7\u00e3o e a sa\u00fade pulmonar.<\/p>\n<p data-start=\"485\" data-end=\"518\"><strong data-start=\"485\" data-end=\"516\">Principais caracter\u00edsticas:<\/strong><\/p>\n<ul data-start=\"519\" data-end=\"1076\">\n<li data-start=\"519\" data-end=\"631\">\n<p data-start=\"521\" data-end=\"631\"><strong data-start=\"521\" data-end=\"547\">Tecnologia comprovada:<\/strong> Equipamento robusto e fi\u00e1vel, utilizado durante d\u00e9cadas em cl\u00ednicas e domic\u00edlios.<\/p>\n<\/li>\n<li data-start=\"632\" data-end=\"779\">\n<p data-start=\"634\" data-end=\"779\"><strong data-start=\"634\" data-end=\"664\">Efici\u00eancia na nebuliza\u00e7\u00e3o:<\/strong> Produz part\u00edculas finas que alcan\u00e7am as vias respirat\u00f3rias profundas, permitindo melhor absor\u00e7\u00e3o do medicamento.<\/p>\n<\/li>\n<li data-start=\"780\" data-end=\"880\">\n<p data-start=\"782\" data-end=\"880\"><strong data-start=\"782\" data-end=\"800\">F\u00e1cil de usar:<\/strong> Montagem simples e funcionamento intuitivo, adequado para crian\u00e7as e adultos.<\/p>\n<\/li>\n<li data-start=\"881\" data-end=\"964\">\n<p data-start=\"883\" data-end=\"964\"><strong data-start=\"883\" data-end=\"903\">Port\u00e1til e leve:<\/strong> Design compacto que facilita o transporte e armazenamento.<\/p>\n<\/li>\n<li data-start=\"965\" data-end=\"1076\">\n<p data-start=\"967\" data-end=\"1076\"><strong data-start=\"967\" data-end=\"980\">Vers\u00e1til:<\/strong> Compat\u00edvel com uma ampla gama de medicamentos l\u00edquidos prescritos por profissionais de sa\u00fade.<\/p>\n<\/li>\n<\/ul>\n","protected":false},"featured_media":8286,"comment_status":"open","ping_status":"closed","template":"","meta":{"_acf_changed":false},"product_brand":[469],"product_cat":[163,204],"product_tag":[471,474,470,472,473],"class_list":{"0":"post-8285","1":"product","2":"type-product","3":"status-publish","4":"has-post-thumbnail","6":"product_brand-pari","7":"product_cat-nebulizacao","8":"product_cat-vias-respiratorias-inferiores","9":"product_tag-inalador-para-criancas","10":"product_tag-nebulizador-para-asma-e-bronquite","11":"product_tag-nebulizador-pari-boy-classic","12":"product_tag-nebulizador-portatil-pediatrico","13":"product_tag-tratamento-respiratorio-infantil","15":"first","16":"instock","17":"taxable","18":"shipping-taxable","19":"purchasable","20":"product-type-simple"},"acf":[],"yoast_head":"<!-- This site is optimized with the Yoast SEO plugin v27.0 - https:\/\/yoast.com\/product\/yoast-seo-wordpress\/ -->\n<title>PARI BOY Classic \u2013 Nebulizador Familiar Eficaz<\/title>\n<meta name=\"description\" content=\"PARI BOY Classic \u2013 Nebulizador Familiar Eficaz. Proporcione terapia respirat\u00f3ria eficaz e confort\u00e1vel em casa e melhore a respira\u00e7\u00e3o da sua fam\u00edlia.\" \/>\n<meta name=\"robots\" content=\"index, follow, max-snippet:-1, max-image-preview:large, max-video-preview:-1\" \/>\n<link rel=\"canonical\" href=\"https:\/\/elegant-moore.212-227-229-181.plesk.page\/pt-pt\/producto\/pari-boy-classic\/\" \/>\n<meta property=\"og:locale\" content=\"pt_PT\" \/>\n<meta property=\"og:type\" content=\"article\" \/>\n<meta property=\"og:title\" content=\"PARI BOY Classic \u2013 Nebulizador Familiar Eficaz\" \/>\n<meta property=\"og:description\" content=\"PARI BOY Classic \u2013 Nebulizador Familiar Eficaz. Proporcione terapia respirat\u00f3ria eficaz e confort\u00e1vel em casa e melhore a respira\u00e7\u00e3o da sua fam\u00edlia.\" \/>\n<meta property=\"og:url\" content=\"https:\/\/elegant-moore.212-227-229-181.plesk.page\/pt-pt\/producto\/pari-boy-classic\/\" \/>\n<meta property=\"og:site_name\" content=\"Terapia CPAP Portugal\" \/>\n<meta property=\"article:publisher\" content=\"https:\/\/www.facebook.com\/p\/Terapiacpap-Portugal-100063919488136\/\" \/>\n<meta property=\"article:modified_time\" content=\"2025-10-14T11:14:42+00:00\" \/>\n<meta property=\"og:image\" content=\"https:\/\/elegant-moore.212-227-229-181.plesk.page\/wp-content\/uploads\/2025\/08\/pari-pari-boy-classic.webp\" \/>\n\t<meta property=\"og:image:width\" content=\"720\" \/>\n\t<meta property=\"og:image:height\" content=\"509\" \/>\n\t<meta property=\"og:image:type\" content=\"image\/webp\" \/>\n<meta name=\"twitter:card\" content=\"summary_large_image\" \/>\n<meta name=\"twitter:label1\" content=\"Tempo estimado de leitura\" \/>\n\t<meta name=\"twitter:data1\" content=\"1 minuto\" \/>\n<!-- \/ Yoast SEO plugin. -->","yoast_head_json":{"title":"PARI BOY Classic \u2013 Nebulizador Familiar Eficaz","description":"PARI BOY Classic \u2013 Nebulizador Familiar Eficaz. Proporcione terapia respirat\u00f3ria eficaz e confort\u00e1vel em casa e melhore a respira\u00e7\u00e3o da sua fam\u00edlia.","robots":{"index":"index","follow":"follow","max-snippet":"max-snippet:-1","max-image-preview":"max-image-preview:large","max-video-preview":"max-video-preview:-1"},"canonical":"https:\/\/elegant-moore.212-227-229-181.plesk.page\/pt-pt\/producto\/pari-boy-classic\/","og_locale":"pt_PT","og_type":"article","og_title":"PARI BOY Classic \u2013 Nebulizador Familiar Eficaz","og_description":"PARI BOY Classic \u2013 Nebulizador Familiar Eficaz. Proporcione terapia respirat\u00f3ria eficaz e confort\u00e1vel em casa e melhore a respira\u00e7\u00e3o da sua fam\u00edlia.","og_url":"https:\/\/elegant-moore.212-227-229-181.plesk.page\/pt-pt\/producto\/pari-boy-classic\/","og_site_name":"Terapia CPAP Portugal","article_publisher":"https:\/\/www.facebook.com\/p\/Terapiacpap-Portugal-100063919488136\/","article_modified_time":"2025-10-14T11:14:42+00:00","og_image":[{"width":720,"height":509,"url":"https:\/\/elegant-moore.212-227-229-181.plesk.page\/wp-content\/uploads\/2025\/08\/pari-pari-boy-classic.webp","type":"image\/webp"}],"twitter_card":"summary_large_image","twitter_misc":{"Tempo estimado de leitura":"1 minuto"},"schema":{"@context":"https:\/\/schema.org","@graph":[{"@type":"WebPage","@id":"https:\/\/elegant-moore.212-227-229-181.plesk.page\/pt-pt\/producto\/pari-boy-classic\/","url":"https:\/\/elegant-moore.212-227-229-181.plesk.page\/pt-pt\/producto\/pari-boy-classic\/","name":"PARI BOY Classic \u2013 Nebulizador Familiar Eficaz","isPartOf":{"@id":"https:\/\/elegant-moore.212-227-229-181.plesk.page\/#website"},"primaryImageOfPage":{"@id":"https:\/\/elegant-moore.212-227-229-181.plesk.page\/pt-pt\/producto\/pari-boy-classic\/#primaryimage"},"image":{"@id":"https:\/\/elegant-moore.212-227-229-181.plesk.page\/pt-pt\/producto\/pari-boy-classic\/#primaryimage"},"thumbnailUrl":"https:\/\/elegant-moore.212-227-229-181.plesk.page\/wp-content\/uploads\/2025\/08\/pari-pari-boy-classic.webp","datePublished":"2025-08-28T10:34:27+00:00","dateModified":"2025-10-14T11:14:42+00:00","description":"PARI BOY Classic \u2013 Nebulizador Familiar Eficaz. Proporcione terapia respirat\u00f3ria eficaz e confort\u00e1vel em casa e melhore a respira\u00e7\u00e3o da sua fam\u00edlia.","breadcrumb":{"@id":"https:\/\/elegant-moore.212-227-229-181.plesk.page\/pt-pt\/producto\/pari-boy-classic\/#breadcrumb"},"inLanguage":"pt-PT","potentialAction":[{"@type":"ReadAction","target":["https:\/\/elegant-moore.212-227-229-181.plesk.page\/pt-pt\/producto\/pari-boy-classic\/"]}]},{"@type":"ImageObject","inLanguage":"pt-PT","@id":"https:\/\/elegant-moore.212-227-229-181.plesk.page\/pt-pt\/producto\/pari-boy-classic\/#primaryimage","url":"https:\/\/elegant-moore.212-227-229-181.plesk.page\/wp-content\/uploads\/2025\/08\/pari-pari-boy-classic.webp","contentUrl":"https:\/\/elegant-moore.212-227-229-181.plesk.page\/wp-content\/uploads\/2025\/08\/pari-pari-boy-classic.webp","width":720,"height":509,"caption":"Pari boy classic"},{"@type":"BreadcrumbList","@id":"https:\/\/elegant-moore.212-227-229-181.plesk.page\/pt-pt\/producto\/pari-boy-classic\/#breadcrumb","itemListElement":[{"@type":"ListItem","position":1,"name":"In\u00edcio","item":"https:\/\/elegant-moore.212-227-229-181.plesk.page\/"},{"@type":"ListItem","position":2,"name":"LOJA","item":"https:\/\/elegant-moore.212-227-229-181.plesk.page\/tienda\/"},{"@type":"ListItem","position":3,"name":"Cuidados respirat\u00f3rios","item":"https:\/\/elegant-moore.212-227-229-181.plesk.page\/pt-pt\/categoria-producto\/cuidados-respiratorios\/"},{"@type":"ListItem","position":4,"name":"Nebuliza\u00e7\u00e3o","item":"https:\/\/elegant-moore.212-227-229-181.plesk.page\/pt-pt\/categoria-producto\/cuidados-respiratorios\/nebulizacao\/"},{"@type":"ListItem","position":5,"name":"Dispositivos de inala\u00e7\u00e3o","item":"https:\/\/elegant-moore.212-227-229-181.plesk.page\/pt-pt\/categoria-producto\/cuidados-respiratorios\/nebulizacao\/dispositivos-de-inalacao\/"},{"@type":"ListItem","position":6,"name":"Vias respirat\u00f3rias inferiores","item":"https:\/\/elegant-moore.212-227-229-181.plesk.page\/pt-pt\/categoria-producto\/cuidados-respiratorios\/nebulizacao\/dispositivos-de-inalacao\/vias-respiratorias-inferiores\/"},{"@type":"ListItem","position":7,"name":"PARI BOY Classic"}]},{"@type":"WebSite","@id":"https:\/\/elegant-moore.212-227-229-181.plesk.page\/#website","url":"https:\/\/elegant-moore.212-227-229-181.plesk.page\/","name":"TerapiaCPAP Portugal","description":"Tratamiento de Apnea do sono Portugal","publisher":{"@id":"https:\/\/elegant-moore.212-227-229-181.plesk.page\/#organization"},"alternateName":"TerapiaCPAP Portugal","potentialAction":[{"@type":"SearchAction","target":{"@type":"EntryPoint","urlTemplate":"https:\/\/elegant-moore.212-227-229-181.plesk.page\/?s={search_term_string}"},"query-input":{"@type":"PropertyValueSpecification","valueRequired":true,"valueName":"search_term_string"}}],"inLanguage":"pt-PT"},{"@type":"Organization","@id":"https:\/\/elegant-moore.212-227-229-181.plesk.page\/#organization","name":"TerapiaCPAP Portugal","alternateName":"TerapiaCPAP Portugal","url":"https:\/\/elegant-moore.212-227-229-181.plesk.page\/","logo":{"@type":"ImageObject","inLanguage":"pt-PT","@id":"https:\/\/elegant-moore.212-227-229-181.plesk.page\/#\/schema\/logo\/image\/","url":"https:\/\/www.terapiacpap.pt\/wp-content\/uploads\/2021\/03\/logo-TERAPIACPAP.png","contentUrl":"https:\/\/www.terapiacpap.pt\/wp-content\/uploads\/2021\/03\/logo-TERAPIACPAP.png","width":1734,"height":521,"caption":"TerapiaCPAP Portugal"},"image":{"@id":"https:\/\/elegant-moore.212-227-229-181.plesk.page\/#\/schema\/logo\/image\/"},"sameAs":["https:\/\/www.facebook.com\/p\/Terapiacpap-Portugal-100063919488136\/","https:\/\/www.instagram.com\/terapiacpap.pt\/"]}]}},"_links":{"self":[{"href":"https:\/\/elegant-moore.212-227-229-181.plesk.page\/pt-pt\/wp-json\/wp\/v2\/product\/8285","targetHints":{"allow":["GET"]}}],"collection":[{"href":"https:\/\/elegant-moore.212-227-229-181.plesk.page\/pt-pt\/wp-json\/wp\/v2\/product"}],"about":[{"href":"https:\/\/elegant-moore.212-227-229-181.plesk.page\/pt-pt\/wp-json\/wp\/v2\/types\/product"}],"replies":[{"embeddable":true,"href":"https:\/\/elegant-moore.212-227-229-181.plesk.page\/pt-pt\/wp-json\/wp\/v2\/comments?post=8285"}],"wp:featuredmedia":[{"embeddable":true,"href":"https:\/\/elegant-moore.212-227-229-181.plesk.page\/pt-pt\/wp-json\/wp\/v2\/media\/8286"}],"wp:attachment":[{"href":"https:\/\/elegant-moore.212-227-229-181.plesk.page\/pt-pt\/wp-json\/wp\/v2\/media?parent=8285"}],"wp:term":[{"taxonomy":"product_brand","embeddable":true,"href":"https:\/\/elegant-moore.212-227-229-181.plesk.page\/pt-pt\/wp-json\/wp\/v2\/product_brand?post=8285"},{"taxonomy":"product_cat","embeddable":true,"href":"https:\/\/elegant-moore.212-227-229-181.plesk.page\/pt-pt\/wp-json\/wp\/v2\/product_cat?post=8285"},{"taxonomy":"product_tag","embeddable":true,"href":"https:\/\/elegant-moore.212-227-229-181.plesk.page\/pt-pt\/wp-json\/wp\/v2\/product_tag?post=8285"}],"curies":[{"name":"wp","href":"https:\/\/api.w.org\/{rel}","templated":true}]}}